{"id":28771,"date":"2026-05-10T20:52:47","date_gmt":"2026-05-10T20:52:47","guid":{"rendered":"https:\/\/elevatesurf.ch\/fr\/product\/plane-eagle-x-uhm-carbon-600-monobloc-xs-145-dw\/"},"modified":"2026-05-10T20:52:47","modified_gmt":"2026-05-10T20:52:47","slug":"plane-eagle-x-uhm-carbon-600-monobloc-xs-145-dw","status":"publish","type":"product","link":"https:\/\/elevatesurf.ch\/fr\/product\/plane-eagle-x-uhm-carbon-600-monobloc-xs-145-dw\/","title":{"rendered":"PLANE EAGLE X UHM CARBON 600 (MONOBLOC XS 145 DW)"},"content":{"rendered":"<p class=\"MsoNormal\"><span>La vitesse \u00e9poustouflante de notre c\u00e9l\u00e8bre EAGLE a \u00e9t\u00e9 multipli\u00e9e\u00a0; ce nouveau foil gagne \u00e0 la fois en vitesse moyenne et en vitesse de pointe. Avec la EAGLE X, vous allez exploiter l\u2019\u00e9nergie de l\u2019oc\u00e9an comme jamais auparavant et vous serez surpris de son rendement incroyable.<\/span><\/p>\n<\/p>\n<p class=\"MsoNormal\"><span>\u00a0<\/span><\/p>\n<p class=\"MsoNormal\"><span>La EAGLE X est optimis\u00e9e pour atteindre les vitesses les plus \u00e9lev\u00e9es possibles tout en gardant une vitesse moyenne tr\u00e8s haute. Sa plage basse a \u00e9t\u00e9 particuli\u00e8rement travaill\u00e9e afin de pouvoir d\u00e9coller facilement et rester tout en confort une fois en l\u2019air. Sa glisse permet de voler sans retomber, m\u00eame en cas de petite erreur.<\/span><\/p>\n<\/p>\n<p class=\"MsoNormal\"><span>\u00a0<\/span><\/p>\n<p class=\"MsoNormal\"><span>Au lieu de se concentrer sur la plage basse ou la plage haute, nous avons travaill\u00e9 pour augmenter la plage de vitesse g\u00e9n\u00e9rale de ce foil. La EAGLE X est donc capable d\u2019aller tr\u00e8s vite comme tr\u00e8s lentement, ce qui permet un downwind confortable, facile, et avec une vitesse moyenne \u00e9lev\u00e9e.<\/span><\/p>\n<\/p>\n<p class=\"MsoNormal\"><span>\u00a0<\/span><\/p>\n<p class=\"MsoNormal\"><span>L\u2019outline tr\u00e8s reconnaissable de la EAGLE X a \u00e9t\u00e9 particuli\u00e8rement travaill\u00e9.<\/span><\/p>\n<\/p>\n<p class=\"MsoNormal\"><span>La surface du foil est r\u00e9partie en majorit\u00e9 au centre, cr\u00e9ant des bouts d\u2019ailes assez \u00e9troits. Cette r\u00e9partition de la surface permet une tr\u00e8s bonne maniabilit\u00e9, surtout pour un AR si \u00e9lev\u00e9. La EAGLE X n\u2019est donc pas uniquement un foil rapide, c\u2019est aussi un foil fun \u00e0 carver\u00a0!<br \/>De plus, les bouts d\u2019aile \u00e9troits permettent de sortir les tips facilement sans turbulences ni cavitation. Enfin, les wingtips sont toujours dot\u00e9s de winglets qui r\u00e9duisent la tra\u00een\u00e9e induite au minimum.<\/span><\/p>\n<\/p>\n<p class=\"MsoNormal\"><span>\u00a0<\/span><\/p>\n<p class=\"MsoNormal\"><span>\u00a0<\/span><\/p>\n<p class=\"MsoNormal\"><span>La EAGLE X est un foil surprenant de glisse, qui capte la moindre \u00e9nergie de l\u2019oc\u00e9an et l\u2019utilise pour aller vers l\u2019avant. Il est capable de tricoter sur des petits clapots comme de traverser de longues houles, ce qui permet de vous \u00ab\u00a0balader\u00a0\u00bb et d\u2019explorer vos runs comme jamais auparavant. Chaque coup de pumping est transform\u00e9 en \u00e9nergie vers l\u2019avant, ce qui rend ce foil tr\u00e8s peu physique \u00e0 naviguer, m\u00eame pendant quelques heures.<\/span><\/p>\n<\/p>\n<p class=\"MsoNormal\"><span>\u00a0<\/span><\/p>\n<p class=\"MsoNormal\"><span>Fabriqu\u00e9 en carbone pr\u00e9-preg avec la structure Monobloc, le foil est \u00e0 la fois tr\u00e8s l\u00e9ger et r\u00e9sistant. Cette configuration offre une meilleure transmission de la charge et une meilleure rigidit\u00e9 \u00e0 travers les diff\u00e9rentes parties pour un contr\u00f4le maximum.<\/span><\/p>\n<\/p>\n<p class=\"MsoNormal\"><span>L\u2019utilisation de carbone Ultra Haut Module (UHM) apporte une raideur maximale pour plus de performances et un\u00a0incroyable contr\u00f4le\u00a0gr\u00e2ce \u00e0 un retour d&rsquo;informations instantan\u00e9s. La connexion TITAN permet de raccorder un m\u00e2t en aluminium ou en carbone.<\/span><\/p>\n<\/p>\n<p class=\"MsoNormal\"><span>\u00a0<\/span><\/p>\n<p class=\"MsoNormal\"><span>La EAGLE X est plut\u00f4t r\u00e9serv\u00e9e \u00e0 des utilisateurs confirm\u00e9s qui cherchent la performance ou de nouvelles sensations de glisse. Que ce soit en wing ou en SUP, cette aile promet toute une nouvelle gamme de sensations, que seule une telle aile peut offrir.<\/span><\/p>\n<\/p>\n<p class=\"MsoNormal\"><span>\u00a0<\/span><\/p>\n","protected":false},"excerpt":{"rendered":"<p class=\"MsoNormal\"><span>Traversez les bumps \u00e0 toute allure avec la nouvelle EAGLE X\u00a0!<\/span><\/p>\n<\/p>\n<p class=\"MsoNormal\"><span>Grace \u00e0 un potentiel de vitesse \u00e9lev\u00e9 et une glisse impressionnante, ce foil ravira les meilleurs downwinders, que ce soit en SUP ou en wing.<\/span><\/p>\n<\/p>\n<p class=\"MsoNormal\"><span>\u00a0<\/span><\/p>\n<p class=\"MsoListParagraphCxSpFirst\"><span>\u00b7<span>\u00a0\u00a0\u00a0\u00a0\u00a0\u00a0 <\/span><\/span><b>Con\u00e7u pour des riders avanc\u00e9s<\/b><\/p>\n<p><b><\/b><\/p>\n<p><b><\/b><\/p>\n<p class=\"MsoListParagraphCxSpMiddle\"><span>\u00b7<span>\u00a0\u00a0\u00a0\u00a0\u00a0\u00a0 <\/span><\/span><b>Aspect ratio \u00e9lev\u00e9 de 12<\/b><\/p>\n<p><b><\/b><\/p>\n<p><b><\/b><\/p>\n<p class=\"MsoListParagraphCxSpLast\"><span>\u00b7<span>\u00a0\u00a0\u00a0\u00a0\u00a0\u00a0 <\/span><\/span><b>Vitesse et glisse extr\u00eames<\/b><\/p>\n<p><b><\/b><\/p>\n<p><b><\/b><\/p>\n","protected":false},"featured_media":28770,"comment_status":"open","ping_status":"closed","template":"","meta":[],"product_cat":[1040,1046],"product_tag":[],"class_list":{"0":"post-28771","1":"product","2":"type-product","3":"status-publish","4":"has-post-thumbnail","6":"product_cat-foil","7":"product_cat-plane","8":"product_brand-f-one","10":"first","11":"instock","12":"shipping-taxable","13":"purchasable","14":"product-type-simple"},"yoast_head":"<!-- This site is optimized with the Yoast SEO plugin v22.8 - https:\/\/yoast.com\/wordpress\/plugins\/seo\/ -->\n<title>PLANE EAGLE X UHM CARBON 600 (MONOBLOC XS 145 DW) - Elevatesurf<\/title>\n<meta name=\"description\" content=\"Elevatesurf PLANE EAGLE X UHM CARBON 600 (MONOBLOC XS 145 DW)\" \/>\n<meta name=\"robots\" content=\"index, follow, max-snippet:-1, max-image-preview:large, max-video-preview:-1\" \/>\n<link rel=\"canonical\" href=\"https:\/\/elevatesurf.ch\/fr\/product\/plane-eagle-x-uhm-carbon-600-monobloc-xs-145-dw\/\" \/>\n<meta property=\"og:locale\" content=\"fr_FR\" \/>\n<meta property=\"og:type\" content=\"article\" \/>\n<meta property=\"og:title\" content=\"PLANE EAGLE X UHM CARBON 600 (MONOBLOC XS 145 DW) - Elevatesurf\" \/>\n<meta property=\"og:description\" content=\"Elevatesurf PLANE EAGLE X UHM CARBON 600 (MONOBLOC XS 145 DW)\" \/>\n<meta property=\"og:url\" content=\"https:\/\/elevatesurf.ch\/fr\/product\/plane-eagle-x-uhm-carbon-600-monobloc-xs-145-dw\/\" \/>\n<meta property=\"og:site_name\" content=\"Elevatesurf\" \/>\n<meta name=\"twitter:card\" content=\"summary_large_image\" \/>\n<meta name=\"twitter:label1\" content=\"Dur\u00e9e de lecture estim\u00e9e\" \/>\n\t<meta name=\"twitter:data1\" content=\"2 minutes\" \/>\n<script type=\"application\/ld+json\" class=\"yoast-schema-graph\">{\"@context\":\"https:\/\/schema.org\",\"@graph\":[{\"@type\":[\"WebPage\",\"ItemPage\"],\"@id\":\"https:\/\/elevatesurf.ch\/fr\/product\/plane-eagle-x-uhm-carbon-600-monobloc-xs-145-dw\/\",\"url\":\"https:\/\/elevatesurf.ch\/fr\/product\/plane-eagle-x-uhm-carbon-600-monobloc-xs-145-dw\/\",\"name\":\"PLANE EAGLE X UHM CARBON 600 (MONOBLOC XS 145 DW) - Elevatesurf\",\"isPartOf\":{\"@id\":\"https:\/\/elevatesurf.ch\/#website\"},\"primaryImageOfPage\":{\"@id\":\"https:\/\/elevatesurf.ch\/fr\/product\/plane-eagle-x-uhm-carbon-600-monobloc-xs-145-dw\/#primaryimage\"},\"image\":{\"@id\":\"https:\/\/elevatesurf.ch\/fr\/product\/plane-eagle-x-uhm-carbon-600-monobloc-xs-145-dw\/#primaryimage\"},\"thumbnailUrl\":\"https:\/\/elevatesurf.ch\/wp-content\/uploads\/2026\/05\/plane-eagle-x-uhm-carbon-600-monobloc-xs-145-dw.png\",\"datePublished\":\"2026-05-10T20:52:47+00:00\",\"dateModified\":\"2026-05-10T20:52:47+00:00\",\"description\":\"Elevatesurf PLANE EAGLE X UHM CARBON 600 (MONOBLOC XS 145 DW)\",\"breadcrumb\":{\"@id\":\"https:\/\/elevatesurf.ch\/fr\/product\/plane-eagle-x-uhm-carbon-600-monobloc-xs-145-dw\/#breadcrumb\"},\"inLanguage\":\"fr-FR\",\"potentialAction\":[{\"@type\":\"ReadAction\",\"target\":[\"https:\/\/elevatesurf.ch\/fr\/product\/plane-eagle-x-uhm-carbon-600-monobloc-xs-145-dw\/\"]}]},{\"@type\":\"ImageObject\",\"inLanguage\":\"fr-FR\",\"@id\":\"https:\/\/elevatesurf.ch\/fr\/product\/plane-eagle-x-uhm-carbon-600-monobloc-xs-145-dw\/#primaryimage\",\"url\":\"https:\/\/elevatesurf.ch\/wp-content\/uploads\/2026\/05\/plane-eagle-x-uhm-carbon-600-monobloc-xs-145-dw.png\",\"contentUrl\":\"https:\/\/elevatesurf.ch\/wp-content\/uploads\/2026\/05\/plane-eagle-x-uhm-carbon-600-monobloc-xs-145-dw.png\",\"width\":1280,\"height\":1280},{\"@type\":\"BreadcrumbList\",\"@id\":\"https:\/\/elevatesurf.ch\/fr\/product\/plane-eagle-x-uhm-carbon-600-monobloc-xs-145-dw\/#breadcrumb\",\"itemListElement\":[{\"@type\":\"ListItem\",\"position\":1,\"name\":\"Accueil\",\"item\":\"https:\/\/elevatesurf.ch\/\"},{\"@type\":\"ListItem\",\"position\":2,\"name\":\"Shop &#8211; \u00c9levez Votre Exp\u00e9rience de Surf avec Notre Collection\",\"item\":\"https:\/\/elevatesurf.ch\/shop\/\"},{\"@type\":\"ListItem\",\"position\":3,\"name\":\"PLANE EAGLE X UHM CARBON 600 (MONOBLOC XS 145 DW)\"}]},{\"@type\":\"WebSite\",\"@id\":\"https:\/\/elevatesurf.ch\/#website\",\"url\":\"https:\/\/elevatesurf.ch\/\",\"name\":\"Elevatesurf\",\"description\":\"Surfez vers de nouveaux sommets avec ElevateSurf ! Kiteshop, Wingshop\",\"publisher\":{\"@id\":\"https:\/\/elevatesurf.ch\/#organization\"},\"potentialAction\":[{\"@type\":\"SearchAction\",\"target\":{\"@type\":\"EntryPoint\",\"urlTemplate\":\"https:\/\/elevatesurf.ch\/?s={search_term_string}\"},\"query-input\":\"required name=search_term_string\"}],\"inLanguage\":\"fr-FR\"},{\"@type\":\"Organization\",\"@id\":\"https:\/\/elevatesurf.ch\/#organization\",\"name\":\"Elevatesurf\",\"url\":\"https:\/\/elevatesurf.ch\/\",\"logo\":{\"@type\":\"ImageObject\",\"inLanguage\":\"fr-FR\",\"@id\":\"https:\/\/elevatesurf.ch\/#\/schema\/logo\/image\/\",\"url\":\"https:\/\/elevatesurf.ch\/wp-content\/uploads\/2024\/06\/67c2ec70-bdf5-4c14-898a-ded5b2051398.jpg\",\"contentUrl\":\"https:\/\/elevatesurf.ch\/wp-content\/uploads\/2024\/06\/67c2ec70-bdf5-4c14-898a-ded5b2051398.jpg\",\"width\":1024,\"height\":1024,\"caption\":\"Elevatesurf\"},\"image\":{\"@id\":\"https:\/\/elevatesurf.ch\/#\/schema\/logo\/image\/\"},\"sameAs\":[\"https:\/\/www.instagram.com\/elevate__surf\/\"]}]}<\/script>\n<!-- \/ Yoast SEO plugin. -->","yoast_head_json":{"title":"PLANE EAGLE X UHM CARBON 600 (MONOBLOC XS 145 DW) - Elevatesurf","description":"Elevatesurf PLANE EAGLE X UHM CARBON 600 (MONOBLOC XS 145 DW)","robots":{"index":"index","follow":"follow","max-snippet":"max-snippet:-1","max-image-preview":"max-image-preview:large","max-video-preview":"max-video-preview:-1"},"canonical":"https:\/\/elevatesurf.ch\/fr\/product\/plane-eagle-x-uhm-carbon-600-monobloc-xs-145-dw\/","og_locale":"fr_FR","og_type":"article","og_title":"PLANE EAGLE X UHM CARBON 600 (MONOBLOC XS 145 DW) - Elevatesurf","og_description":"Elevatesurf PLANE EAGLE X UHM CARBON 600 (MONOBLOC XS 145 DW)","og_url":"https:\/\/elevatesurf.ch\/fr\/product\/plane-eagle-x-uhm-carbon-600-monobloc-xs-145-dw\/","og_site_name":"Elevatesurf","twitter_card":"summary_large_image","twitter_misc":{"Dur\u00e9e de lecture estim\u00e9e":"2 minutes"},"schema":{"@context":"https:\/\/schema.org","@graph":[{"@type":["WebPage","ItemPage"],"@id":"https:\/\/elevatesurf.ch\/fr\/product\/plane-eagle-x-uhm-carbon-600-monobloc-xs-145-dw\/","url":"https:\/\/elevatesurf.ch\/fr\/product\/plane-eagle-x-uhm-carbon-600-monobloc-xs-145-dw\/","name":"PLANE EAGLE X UHM CARBON 600 (MONOBLOC XS 145 DW) - Elevatesurf","isPartOf":{"@id":"https:\/\/elevatesurf.ch\/#website"},"primaryImageOfPage":{"@id":"https:\/\/elevatesurf.ch\/fr\/product\/plane-eagle-x-uhm-carbon-600-monobloc-xs-145-dw\/#primaryimage"},"image":{"@id":"https:\/\/elevatesurf.ch\/fr\/product\/plane-eagle-x-uhm-carbon-600-monobloc-xs-145-dw\/#primaryimage"},"thumbnailUrl":"https:\/\/elevatesurf.ch\/wp-content\/uploads\/2026\/05\/plane-eagle-x-uhm-carbon-600-monobloc-xs-145-dw.png","datePublished":"2026-05-10T20:52:47+00:00","dateModified":"2026-05-10T20:52:47+00:00","description":"Elevatesurf PLANE EAGLE X UHM CARBON 600 (MONOBLOC XS 145 DW)","breadcrumb":{"@id":"https:\/\/elevatesurf.ch\/fr\/product\/plane-eagle-x-uhm-carbon-600-monobloc-xs-145-dw\/#breadcrumb"},"inLanguage":"fr-FR","potentialAction":[{"@type":"ReadAction","target":["https:\/\/elevatesurf.ch\/fr\/product\/plane-eagle-x-uhm-carbon-600-monobloc-xs-145-dw\/"]}]},{"@type":"ImageObject","inLanguage":"fr-FR","@id":"https:\/\/elevatesurf.ch\/fr\/product\/plane-eagle-x-uhm-carbon-600-monobloc-xs-145-dw\/#primaryimage","url":"https:\/\/elevatesurf.ch\/wp-content\/uploads\/2026\/05\/plane-eagle-x-uhm-carbon-600-monobloc-xs-145-dw.png","contentUrl":"https:\/\/elevatesurf.ch\/wp-content\/uploads\/2026\/05\/plane-eagle-x-uhm-carbon-600-monobloc-xs-145-dw.png","width":1280,"height":1280},{"@type":"BreadcrumbList","@id":"https:\/\/elevatesurf.ch\/fr\/product\/plane-eagle-x-uhm-carbon-600-monobloc-xs-145-dw\/#breadcrumb","itemListElement":[{"@type":"ListItem","position":1,"name":"Accueil","item":"https:\/\/elevatesurf.ch\/"},{"@type":"ListItem","position":2,"name":"Shop &#8211; \u00c9levez Votre Exp\u00e9rience de Surf avec Notre Collection","item":"https:\/\/elevatesurf.ch\/shop\/"},{"@type":"ListItem","position":3,"name":"PLANE EAGLE X UHM CARBON 600 (MONOBLOC XS 145 DW)"}]},{"@type":"WebSite","@id":"https:\/\/elevatesurf.ch\/#website","url":"https:\/\/elevatesurf.ch\/","name":"Elevatesurf","description":"Surfez vers de nouveaux sommets avec ElevateSurf ! Kiteshop, Wingshop","publisher":{"@id":"https:\/\/elevatesurf.ch\/#organization"},"potentialAction":[{"@type":"SearchAction","target":{"@type":"EntryPoint","urlTemplate":"https:\/\/elevatesurf.ch\/?s={search_term_string}"},"query-input":"required name=search_term_string"}],"inLanguage":"fr-FR"},{"@type":"Organization","@id":"https:\/\/elevatesurf.ch\/#organization","name":"Elevatesurf","url":"https:\/\/elevatesurf.ch\/","logo":{"@type":"ImageObject","inLanguage":"fr-FR","@id":"https:\/\/elevatesurf.ch\/#\/schema\/logo\/image\/","url":"https:\/\/elevatesurf.ch\/wp-content\/uploads\/2024\/06\/67c2ec70-bdf5-4c14-898a-ded5b2051398.jpg","contentUrl":"https:\/\/elevatesurf.ch\/wp-content\/uploads\/2024\/06\/67c2ec70-bdf5-4c14-898a-ded5b2051398.jpg","width":1024,"height":1024,"caption":"Elevatesurf"},"image":{"@id":"https:\/\/elevatesurf.ch\/#\/schema\/logo\/image\/"},"sameAs":["https:\/\/www.instagram.com\/elevate__surf\/"]}]}},"_links":{"self":[{"href":"https:\/\/elevatesurf.ch\/fr\/wp-json\/wp\/v2\/product\/28771","targetHints":{"allow":["GET"]}}],"collection":[{"href":"https:\/\/elevatesurf.ch\/fr\/wp-json\/wp\/v2\/product"}],"about":[{"href":"https:\/\/elevatesurf.ch\/fr\/wp-json\/wp\/v2\/types\/product"}],"replies":[{"embeddable":true,"href":"https:\/\/elevatesurf.ch\/fr\/wp-json\/wp\/v2\/comments?post=28771"}],"wp:featuredmedia":[{"embeddable":true,"href":"https:\/\/elevatesurf.ch\/fr\/wp-json\/wp\/v2\/media\/28770"}],"wp:attachment":[{"href":"https:\/\/elevatesurf.ch\/fr\/wp-json\/wp\/v2\/media?parent=28771"}],"wp:term":[{"taxonomy":"product_cat","embeddable":true,"href":"https:\/\/elevatesurf.ch\/fr\/wp-json\/wp\/v2\/product_cat?post=28771"},{"taxonomy":"product_tag","embeddable":true,"href":"https:\/\/elevatesurf.ch\/fr\/wp-json\/wp\/v2\/product_tag?post=28771"}],"curies":[{"name":"wp","href":"https:\/\/api.w.org\/{rel}","templated":true}]}}