{"id":28873,"date":"2026-05-10T20:59:14","date_gmt":"2026-05-10T20:59:14","guid":{"rendered":"https:\/\/elevatesurf.ch\/fr\/product\/linx-bar-4-lines-2025\/"},"modified":"2026-05-15T08:31:25","modified_gmt":"2026-05-15T08:31:25","slug":"linx-bar-4-lines-2025","status":"publish","type":"product","link":"https:\/\/elevatesurf.ch\/fr\/product\/linx-bar-4-lines-2025\/","title":{"rendered":"LINX BAR 4 LINES 2025"},"content":{"rendered":"<p>La barre en elle-m\u00eame a un petit diam\u00e8tre avec un grip tr\u00e8s confortable. Le grip a une texture fine tout autour, avec un toucher ferme dans la partie inf\u00e9rieure et un peu plus moelleux au-dessus.<\/p>\n<p>Les flotteurs int\u00e9gr\u00e9s abritent un syst\u00e8me permettant d\u2019ajuster la longueur de la barre. Tirez simplement sur la languette sous la barre, tournez l\u2019insert et la taille est chang\u00e9e. Il est \u00e9galement possible d\u2019ajuster la longueur des lignes arri\u00e8res.<\/p>\n<p>La lifeline est d\u00e9sormais dans une nouvelle gaine rectangulaire permettant de la prot\u00e9ger de tout frottement avec le tube aluminium ou avec les doigts de l\u2019utilisateur.<\/p>\n<p>Le cleat ajustant la puissance a \u00e9t\u00e9 modifi\u00e9 pour plus de simplicit\u00e9 et la trim est d\u00e9sormais plus fine ce qui la rends plus pr\u00e9cise. Elle est \u00e9galement d\u00e9montable de la depower line.<\/p>\n<\/p>\n<p>La LINX BAR offre le choix de passer entre low et high V :<\/p>\n<p>High V pour la BANDIT, BANDIT S, BULLIT, BREEZE V1 et TRUST<\/p>\n<p>Low V pour la TRIGGER, BREEZE V2 &amp; V3, ONE, et FURTIVE<\/p>\n<p>Une aide \u00e0 la flottaison est plac\u00e9e au-dessus de la trim afin que la barre puisse flotter en cas de largage.<\/p>\n<\/p>\n<p>Le code couleur de la barre est tr\u00e8s clair avec de l\u2019orange \u00e0 gauche et du bleu \u00e0 droite.<\/p>\n<p>Les lignes se terminent en t\u00eates d\u2019alouette pour \u00eatre attacher aux pigtails des bridages.<\/p>\n<p>Au-dessus du largueur se trouve un swivel manuel pour d\u00e9vriller vos lignes.<\/p>\n<p>Le swivel de lifeline est d\u00e9sormais automatique. Elle devient une pi\u00e8ce minimaliste constitu\u00e9e d\u2019un plot en plastique et un anneau en inox sur lequel on accroche le leash.<\/p>\n","protected":false},"excerpt":{"rendered":"<p>La LINX BAR est notre barre de kite qui vous permet de choisir la longueur de barre qui conviendra le mieux \u00e0 votre quiver. Disponible en deux tailles (38\/45cm et 45\/52cm), c\u2019est un parfait m\u00e9lange de l\u00e9g\u00e8ret\u00e9 et simplicit\u00e9 offrant confort et fonctionnalit\u00e9.<\/p>\n<p>&#8211; Longueur de barre ajustable<br \/>&#8211; Nouvelle gaine de depower pour plus de durabilit\u00e9<br \/>&#8211; Nouveau swivel automatique de life line<br \/>&#8211; Trim intuitive et super pr\u00e9cise<\/p>\n","protected":false},"featured_media":28872,"comment_status":"open","ping_status":"closed","template":"","meta":[],"product_cat":[1062,122],"product_tag":[],"class_list":{"0":"post-28873","1":"product","2":"type-product","3":"status-publish","4":"has-post-thumbnail","6":"product_cat-barres-et-lignes","7":"product_cat-kitesurf-ailes-planches-harnai","8":"product_brand-f-one","10":"first","11":"instock","12":"shipping-taxable","13":"purchasable","14":"product-type-variable"},"yoast_head":"<!-- This site is optimized with the Yoast SEO plugin v22.8 - https:\/\/yoast.com\/wordpress\/plugins\/seo\/ -->\n<title>LINX BAR 4 LINES 2025 | Elevatesurf<\/title>\n<meta name=\"description\" content=\"La LINX BAR est notre barre de kite qui vous permet de choisir la longueur de barre qui\u2026 Disponible chez Elevatesurf, shop wingfoil &amp; kitesurf \u00e0 Neuch\u00e2tel.\" \/>\n<meta name=\"robots\" content=\"index, follow, max-snippet:-1, max-image-preview:large, max-video-preview:-1\" \/>\n<link rel=\"canonical\" href=\"https:\/\/elevatesurf.ch\/fr\/product\/linx-bar-4-lines-2025\/\" \/>\n<meta property=\"og:locale\" content=\"fr_FR\" \/>\n<meta property=\"og:type\" content=\"article\" \/>\n<meta property=\"og:title\" content=\"LINX BAR 4 LINES 2025 | Elevatesurf\" \/>\n<meta property=\"og:description\" content=\"La LINX BAR est notre barre de kite qui vous permet de choisir la longueur de barre qui\u2026 Disponible chez Elevatesurf, shop wingfoil &amp; kitesurf \u00e0 Neuch\u00e2tel.\" \/>\n<meta property=\"og:url\" content=\"https:\/\/elevatesurf.ch\/fr\/product\/linx-bar-4-lines-2025\/\" \/>\n<meta property=\"og:site_name\" content=\"Elevatesurf\" \/>\n<meta property=\"article:modified_time\" content=\"2026-05-15T08:31:25+00:00\" \/>\n<meta property=\"og:image\" content=\"https:\/\/elevatesurf.ch\/wp-content\/uploads\/2026\/05\/linx-bar-4-lines-2025.png\" \/>\n\t<meta property=\"og:image:width\" content=\"130\" \/>\n\t<meta property=\"og:image:height\" content=\"130\" \/>\n\t<meta property=\"og:image:type\" content=\"image\/png\" \/>\n<meta name=\"twitter:card\" content=\"summary_large_image\" \/>\n<meta name=\"twitter:label1\" content=\"Dur\u00e9e de lecture estim\u00e9e\" \/>\n\t<meta name=\"twitter:data1\" content=\"1 minute\" \/>\n<script type=\"application\/ld+json\" class=\"yoast-schema-graph\">{\"@context\":\"https:\/\/schema.org\",\"@graph\":[{\"@type\":[\"WebPage\",\"ItemPage\"],\"@id\":\"https:\/\/elevatesurf.ch\/product\/linx-bar-4-lines-2025\/\",\"url\":\"https:\/\/elevatesurf.ch\/product\/linx-bar-4-lines-2025\/\",\"name\":\"LINX BAR 4 LINES 2025 | Elevatesurf\",\"isPartOf\":{\"@id\":\"https:\/\/elevatesurf.ch\/#website\"},\"primaryImageOfPage\":{\"@id\":\"https:\/\/elevatesurf.ch\/product\/linx-bar-4-lines-2025\/#primaryimage\"},\"image\":{\"@id\":\"https:\/\/elevatesurf.ch\/product\/linx-bar-4-lines-2025\/#primaryimage\"},\"thumbnailUrl\":\"https:\/\/elevatesurf.ch\/wp-content\/uploads\/2026\/05\/linx-bar-4-lines-2025.png\",\"datePublished\":\"2026-05-10T20:59:14+00:00\",\"dateModified\":\"2026-05-15T08:31:25+00:00\",\"description\":\"La LINX BAR est notre barre de kite qui vous permet de choisir la longueur de barre qui\u2026 Disponible chez Elevatesurf, shop wingfoil & kitesurf \u00e0 Neuch\u00e2tel.\",\"breadcrumb\":{\"@id\":\"https:\/\/elevatesurf.ch\/product\/linx-bar-4-lines-2025\/#breadcrumb\"},\"inLanguage\":\"fr-FR\",\"potentialAction\":[{\"@type\":\"ReadAction\",\"target\":[\"https:\/\/elevatesurf.ch\/product\/linx-bar-4-lines-2025\/\"]}]},{\"@type\":\"ImageObject\",\"inLanguage\":\"fr-FR\",\"@id\":\"https:\/\/elevatesurf.ch\/product\/linx-bar-4-lines-2025\/#primaryimage\",\"url\":\"https:\/\/elevatesurf.ch\/wp-content\/uploads\/2026\/05\/linx-bar-4-lines-2025.png\",\"contentUrl\":\"https:\/\/elevatesurf.ch\/wp-content\/uploads\/2026\/05\/linx-bar-4-lines-2025.png\",\"width\":130,\"height\":130,\"caption\":\"F-One LINX BAR 4 LINES 2025 | Elevatesurf\"},{\"@type\":\"BreadcrumbList\",\"@id\":\"https:\/\/elevatesurf.ch\/product\/linx-bar-4-lines-2025\/#breadcrumb\",\"itemListElement\":[{\"@type\":\"ListItem\",\"position\":1,\"name\":\"Accueil\",\"item\":\"https:\/\/elevatesurf.ch\/\"},{\"@type\":\"ListItem\",\"position\":2,\"name\":\"Boutique \u2013 Wingfoil, Kitesurf &#038; Accessoires\",\"item\":\"https:\/\/elevatesurf.ch\/shop\/\"},{\"@type\":\"ListItem\",\"position\":3,\"name\":\"LINX BAR 4 LINES 2025\"}]},{\"@type\":\"WebSite\",\"@id\":\"https:\/\/elevatesurf.ch\/#website\",\"url\":\"https:\/\/elevatesurf.ch\/\",\"name\":\"Elevatesurf\",\"description\":\"Surfez vers de nouveaux sommets avec ElevateSurf ! Kiteshop, Wingshop\",\"publisher\":{\"@id\":\"https:\/\/elevatesurf.ch\/#organization\"},\"potentialAction\":[{\"@type\":\"SearchAction\",\"target\":{\"@type\":\"EntryPoint\",\"urlTemplate\":\"https:\/\/elevatesurf.ch\/?s={search_term_string}\"},\"query-input\":\"required name=search_term_string\"}],\"inLanguage\":\"fr-FR\"},{\"@type\":\"Organization\",\"@id\":\"https:\/\/elevatesurf.ch\/#organization\",\"name\":\"Elevatesurf\",\"url\":\"https:\/\/elevatesurf.ch\/\",\"logo\":{\"@type\":\"ImageObject\",\"inLanguage\":\"fr-FR\",\"@id\":\"https:\/\/elevatesurf.ch\/#\/schema\/logo\/image\/\",\"url\":\"https:\/\/elevatesurf.ch\/wp-content\/uploads\/2024\/06\/67c2ec70-bdf5-4c14-898a-ded5b2051398.jpg\",\"contentUrl\":\"https:\/\/elevatesurf.ch\/wp-content\/uploads\/2024\/06\/67c2ec70-bdf5-4c14-898a-ded5b2051398.jpg\",\"width\":1024,\"height\":1024,\"caption\":\"Elevatesurf\"},\"image\":{\"@id\":\"https:\/\/elevatesurf.ch\/#\/schema\/logo\/image\/\"},\"sameAs\":[\"https:\/\/www.instagram.com\/elevate__surf\/\"]}]}<\/script>\n<!-- \/ Yoast SEO plugin. -->","yoast_head_json":{"title":"LINX BAR 4 LINES 2025 | Elevatesurf","description":"La LINX BAR est notre barre de kite qui vous permet de choisir la longueur de barre qui\u2026 Disponible chez Elevatesurf, shop wingfoil & kitesurf \u00e0 Neuch\u00e2tel.","robots":{"index":"index","follow":"follow","max-snippet":"max-snippet:-1","max-image-preview":"max-image-preview:large","max-video-preview":"max-video-preview:-1"},"canonical":"https:\/\/elevatesurf.ch\/fr\/product\/linx-bar-4-lines-2025\/","og_locale":"fr_FR","og_type":"article","og_title":"LINX BAR 4 LINES 2025 | Elevatesurf","og_description":"La LINX BAR est notre barre de kite qui vous permet de choisir la longueur de barre qui\u2026 Disponible chez Elevatesurf, shop wingfoil & kitesurf \u00e0 Neuch\u00e2tel.","og_url":"https:\/\/elevatesurf.ch\/fr\/product\/linx-bar-4-lines-2025\/","og_site_name":"Elevatesurf","article_modified_time":"2026-05-15T08:31:25+00:00","og_image":[{"width":130,"height":130,"url":"https:\/\/elevatesurf.ch\/wp-content\/uploads\/2026\/05\/linx-bar-4-lines-2025.png","type":"image\/png"}],"twitter_card":"summary_large_image","twitter_misc":{"Dur\u00e9e de lecture estim\u00e9e":"1 minute"},"schema":{"@context":"https:\/\/schema.org","@graph":[{"@type":["WebPage","ItemPage"],"@id":"https:\/\/elevatesurf.ch\/product\/linx-bar-4-lines-2025\/","url":"https:\/\/elevatesurf.ch\/product\/linx-bar-4-lines-2025\/","name":"LINX BAR 4 LINES 2025 | Elevatesurf","isPartOf":{"@id":"https:\/\/elevatesurf.ch\/#website"},"primaryImageOfPage":{"@id":"https:\/\/elevatesurf.ch\/product\/linx-bar-4-lines-2025\/#primaryimage"},"image":{"@id":"https:\/\/elevatesurf.ch\/product\/linx-bar-4-lines-2025\/#primaryimage"},"thumbnailUrl":"https:\/\/elevatesurf.ch\/wp-content\/uploads\/2026\/05\/linx-bar-4-lines-2025.png","datePublished":"2026-05-10T20:59:14+00:00","dateModified":"2026-05-15T08:31:25+00:00","description":"La LINX BAR est notre barre de kite qui vous permet de choisir la longueur de barre qui\u2026 Disponible chez Elevatesurf, shop wingfoil & kitesurf \u00e0 Neuch\u00e2tel.","breadcrumb":{"@id":"https:\/\/elevatesurf.ch\/product\/linx-bar-4-lines-2025\/#breadcrumb"},"inLanguage":"fr-FR","potentialAction":[{"@type":"ReadAction","target":["https:\/\/elevatesurf.ch\/product\/linx-bar-4-lines-2025\/"]}]},{"@type":"ImageObject","inLanguage":"fr-FR","@id":"https:\/\/elevatesurf.ch\/product\/linx-bar-4-lines-2025\/#primaryimage","url":"https:\/\/elevatesurf.ch\/wp-content\/uploads\/2026\/05\/linx-bar-4-lines-2025.png","contentUrl":"https:\/\/elevatesurf.ch\/wp-content\/uploads\/2026\/05\/linx-bar-4-lines-2025.png","width":130,"height":130,"caption":"F-One LINX BAR 4 LINES 2025 | Elevatesurf"},{"@type":"BreadcrumbList","@id":"https:\/\/elevatesurf.ch\/product\/linx-bar-4-lines-2025\/#breadcrumb","itemListElement":[{"@type":"ListItem","position":1,"name":"Accueil","item":"https:\/\/elevatesurf.ch\/"},{"@type":"ListItem","position":2,"name":"Boutique \u2013 Wingfoil, Kitesurf &#038; Accessoires","item":"https:\/\/elevatesurf.ch\/shop\/"},{"@type":"ListItem","position":3,"name":"LINX BAR 4 LINES 2025"}]},{"@type":"WebSite","@id":"https:\/\/elevatesurf.ch\/#website","url":"https:\/\/elevatesurf.ch\/","name":"Elevatesurf","description":"Surfez vers de nouveaux sommets avec ElevateSurf ! Kiteshop, Wingshop","publisher":{"@id":"https:\/\/elevatesurf.ch\/#organization"},"potentialAction":[{"@type":"SearchAction","target":{"@type":"EntryPoint","urlTemplate":"https:\/\/elevatesurf.ch\/?s={search_term_string}"},"query-input":"required name=search_term_string"}],"inLanguage":"fr-FR"},{"@type":"Organization","@id":"https:\/\/elevatesurf.ch\/#organization","name":"Elevatesurf","url":"https:\/\/elevatesurf.ch\/","logo":{"@type":"ImageObject","inLanguage":"fr-FR","@id":"https:\/\/elevatesurf.ch\/#\/schema\/logo\/image\/","url":"https:\/\/elevatesurf.ch\/wp-content\/uploads\/2024\/06\/67c2ec70-bdf5-4c14-898a-ded5b2051398.jpg","contentUrl":"https:\/\/elevatesurf.ch\/wp-content\/uploads\/2024\/06\/67c2ec70-bdf5-4c14-898a-ded5b2051398.jpg","width":1024,"height":1024,"caption":"Elevatesurf"},"image":{"@id":"https:\/\/elevatesurf.ch\/#\/schema\/logo\/image\/"},"sameAs":["https:\/\/www.instagram.com\/elevate__surf\/"]}]}},"_links":{"self":[{"href":"https:\/\/elevatesurf.ch\/fr\/wp-json\/wp\/v2\/product\/28873","targetHints":{"allow":["GET"]}}],"collection":[{"href":"https:\/\/elevatesurf.ch\/fr\/wp-json\/wp\/v2\/product"}],"about":[{"href":"https:\/\/elevatesurf.ch\/fr\/wp-json\/wp\/v2\/types\/product"}],"replies":[{"embeddable":true,"href":"https:\/\/elevatesurf.ch\/fr\/wp-json\/wp\/v2\/comments?post=28873"}],"wp:featuredmedia":[{"embeddable":true,"href":"https:\/\/elevatesurf.ch\/fr\/wp-json\/wp\/v2\/media\/28872"}],"wp:attachment":[{"href":"https:\/\/elevatesurf.ch\/fr\/wp-json\/wp\/v2\/media?parent=28873"}],"wp:term":[{"taxonomy":"product_cat","embeddable":true,"href":"https:\/\/elevatesurf.ch\/fr\/wp-json\/wp\/v2\/product_cat?post=28873"},{"taxonomy":"product_tag","embeddable":true,"href":"https:\/\/elevatesurf.ch\/fr\/wp-json\/wp\/v2\/product_tag?post=28873"}],"curies":[{"name":"wp","href":"https:\/\/api.w.org\/{rel}","templated":true}]}}