{"id":29045,"date":"2026-05-10T21:08:05","date_gmt":"2026-05-10T21:08:05","guid":{"rendered":"https:\/\/elevatesurf.ch\/fr\/product\/rocket-surf-prone\/"},"modified":"2026-05-10T21:08:15","modified_gmt":"2026-05-10T21:08:15","slug":"rocket-surf-prone","status":"publish","type":"product","link":"https:\/\/elevatesurf.ch\/fr\/product\/rocket-surf-prone\/","title":{"rendered":"ROCKET SURF PRONE"},"content":{"rendered":"<p>Avec un outline \u00e9troit et affin\u00e9, ainsi qu\u2019un nose et un tail plus \u00e9ffil\u00e9s, la nouvelle ROCKET SURF PRONE est parfaite pour les turns serr\u00e9s et les carves engag\u00e9s, sans risque que le rail ne touche l\u2019eau et ne vous ralentisse.<\/p>\n<\/p>\n<p>La ROCKET SURF PRONE permet de ramer sans effort et de d\u00e9coller rapidement. Sa car\u00e8ne ronde sp\u00e9cifique sous la moiti\u00e9 avant de la planche, combin\u00e9e \u00e0 des bevels larges et une car\u00e8ne globalement \u00e9troite, minimise la tra\u00een\u00e9e, ce qui vous permet de prendre rapidement et facilement de la vitesse pour le take-off.<\/p>\n<\/p>\n<p>Le step \u00e0 l\u2019arri\u00e8re de la planche am\u00e8ne un d\u00e9collage en douceur et minimise la r\u00e9sistance lors des touchettes, ce qui est id\u00e9al pour aller taper la mousse et pour un surf foil engag\u00e9. Le pont l\u00e9g\u00e8rement creus\u00e9 permet d\u2019ajuster facilement l\u2019\u00e9quilibre pied avant \/ pied arri\u00e8re, tout en conservant assez de volume dans le nose pour une meilleure stabilit\u00e9.<\/p>\n<\/p>\n<p>Gr\u00e2ce \u00e0 ce design fin, la connexion avec le foil est directe, offrant une sensation de r\u00e9activit\u00e9 in\u00e9gal\u00e9e et facilitant le carving afin de profiter au maximum de chaque vague. Ce profil sp\u00e9cifique signifie \u00e9galement moins de tra\u00een\u00e9e, ce qui fait de cette planche un excellent choix pour les utilisateurs de Foil Drive qui cherchent \u00e0 \u00e9conomiser l\u2019\u00e9nergie de la batterie et \u00e0 pousser leurs capacit\u00e9s en carving.<\/p>\n<\/p>\n<p>La ROCKET SURF PRONE b\u00e9n\u00e9ficie d\u2019une construction ultral\u00e9g\u00e8re en bambou. En utilisant une couche de bambou uniquement sur le pont, cette construction a \u00e9t\u00e9 optimis\u00e9e pour garantir que la planche soit aussi l\u00e9g\u00e8re que possible, tout en assurant sa solidit\u00e9 et sa durabilit\u00e9.<\/p>\n<\/p>\n<p>Avec des tailles allant de 5\u20192 \u00e0 5\u201911 (47 \u2013 63 L), la ROCKET SURF PRONE est accessible et progressive, et se d\u00e9finira rapidement comme la planche de choix pour les surf foilers de tous niveaux.<\/p>\n<\/p>\n<p>La 5\u201911 offre par exemple beaucoup de volume et de stabilit\u00e9 aux d\u00e9butants en surf foil venant du SUP ou du surf interm\u00e9diaire. D\u2019un autre c\u00f4t\u00e9, la 5\u20192 est un peu plus joueuse et permet aux riders plus avanc\u00e9s d\u2019essayer des carves plus difficiles.<\/p>\n<\/p>\n<p>De plus, la ROCKET SURF PRONE est performante en wing foil par les riders de niveau avanc\u00e9 qui recherchent une planche de petit volume avec une tr\u00e8s bonne glisse. Elle peut \u00e9galement \u00eatre utilis\u00e9e en wing pour d\u00e9coller facilement avec un petit foil pour la race ou avec une petite wing pour le freefly. Ceux qui pratiquent la race en wing appr\u00e9cieront particuli\u00e8rement sa longueur qui apporte plus de stabilit\u00e9 en pitch \u00e0 des vitesses plus \u00e9lev\u00e9es, tandis que la largeur r\u00e9duite permet une prise d\u2019angle maximale au pr\u00e8s.<\/p>\n","protected":false},"excerpt":{"rendered":"<p class=\"p1\">Sp\u00e9cifiquement con\u00e7ue pour le surf foil, la ROCKET SURF est la planche la plus compacte de la gamme. Son design vous permettra de ramer, d\u00e9coller, rider, pomper et carver avec un maximum de contr\u00f4le et de prendre les vagues avec facilit\u00e9. Sa construction l\u00e9g\u00e8re et rigide rend \u00e0 la fois la planche et le foil extr\u00eamement r\u00e9actifs pour que vous puissiez tracer votre ligne comme vous le souhaitez.<\/p>\n<ul>\n<li><span>Shape am\u00e9lior\u00e9 pour plus de glisse \u00e0 la rame et des take-offs facilit\u00e9s<\/span><\/li>\n<li><span>Excellente r\u00e9activit\u00e9<\/span><\/li>\n<li><span>Contr\u00f4le total au surf et au pumping<\/span><\/li>\n<li><span>Take-off facile et performance maximale en vol<\/span><\/li>\n<\/ul>\n","protected":false},"featured_media":29044,"comment_status":"open","ping_status":"closed","template":"","meta":[],"product_cat":[1020],"product_tag":[],"class_list":{"0":"post-29045","1":"product","2":"type-product","3":"status-publish","4":"has-post-thumbnail","6":"product_cat-foilboard","7":"product_brand-f-one","9":"first","10":"instock","11":"shipping-taxable","12":"purchasable","13":"product-type-variable"},"yoast_head":"<!-- This site is optimized with the Yoast SEO plugin v22.8 - https:\/\/yoast.com\/wordpress\/plugins\/seo\/ -->\n<title>ROCKET SURF PRONE - Elevatesurf<\/title>\n<meta name=\"description\" content=\"Elevatesurf ROCKET SURF PRONE\" \/>\n<meta name=\"robots\" content=\"index, follow, max-snippet:-1, max-image-preview:large, max-video-preview:-1\" \/>\n<link rel=\"canonical\" href=\"https:\/\/elevatesurf.ch\/fr\/product\/rocket-surf-prone\/\" \/>\n<meta property=\"og:locale\" content=\"fr_FR\" \/>\n<meta property=\"og:type\" content=\"article\" \/>\n<meta property=\"og:title\" content=\"ROCKET SURF PRONE - Elevatesurf\" \/>\n<meta property=\"og:description\" content=\"Elevatesurf ROCKET SURF PRONE\" \/>\n<meta property=\"og:url\" content=\"https:\/\/elevatesurf.ch\/fr\/product\/rocket-surf-prone\/\" \/>\n<meta property=\"og:site_name\" content=\"Elevatesurf\" \/>\n<meta property=\"article:modified_time\" content=\"2026-05-10T21:08:15+00:00\" \/>\n<meta name=\"twitter:card\" content=\"summary_large_image\" \/>\n<meta name=\"twitter:label1\" content=\"Dur\u00e9e de lecture estim\u00e9e\" \/>\n\t<meta name=\"twitter:data1\" content=\"2 minutes\" \/>\n<script type=\"application\/ld+json\" class=\"yoast-schema-graph\">{\"@context\":\"https:\/\/schema.org\",\"@graph\":[{\"@type\":[\"WebPage\",\"ItemPage\"],\"@id\":\"https:\/\/elevatesurf.ch\/fr\/product\/rocket-surf-prone\/\",\"url\":\"https:\/\/elevatesurf.ch\/fr\/product\/rocket-surf-prone\/\",\"name\":\"ROCKET SURF PRONE - Elevatesurf\",\"isPartOf\":{\"@id\":\"https:\/\/elevatesurf.ch\/#website\"},\"primaryImageOfPage\":{\"@id\":\"https:\/\/elevatesurf.ch\/fr\/product\/rocket-surf-prone\/#primaryimage\"},\"image\":{\"@id\":\"https:\/\/elevatesurf.ch\/fr\/product\/rocket-surf-prone\/#primaryimage\"},\"thumbnailUrl\":\"https:\/\/elevatesurf.ch\/wp-content\/uploads\/2026\/05\/rocket-surf-prone.jpg\",\"datePublished\":\"2026-05-10T21:08:05+00:00\",\"dateModified\":\"2026-05-10T21:08:15+00:00\",\"description\":\"Elevatesurf ROCKET SURF PRONE\",\"breadcrumb\":{\"@id\":\"https:\/\/elevatesurf.ch\/fr\/product\/rocket-surf-prone\/#breadcrumb\"},\"inLanguage\":\"fr-FR\",\"potentialAction\":[{\"@type\":\"ReadAction\",\"target\":[\"https:\/\/elevatesurf.ch\/fr\/product\/rocket-surf-prone\/\"]}]},{\"@type\":\"ImageObject\",\"inLanguage\":\"fr-FR\",\"@id\":\"https:\/\/elevatesurf.ch\/fr\/product\/rocket-surf-prone\/#primaryimage\",\"url\":\"https:\/\/elevatesurf.ch\/wp-content\/uploads\/2026\/05\/rocket-surf-prone.jpg\",\"contentUrl\":\"https:\/\/elevatesurf.ch\/wp-content\/uploads\/2026\/05\/rocket-surf-prone.jpg\",\"width\":800,\"height\":800},{\"@type\":\"BreadcrumbList\",\"@id\":\"https:\/\/elevatesurf.ch\/fr\/product\/rocket-surf-prone\/#breadcrumb\",\"itemListElement\":[{\"@type\":\"ListItem\",\"position\":1,\"name\":\"Accueil\",\"item\":\"https:\/\/elevatesurf.ch\/\"},{\"@type\":\"ListItem\",\"position\":2,\"name\":\"Shop &#8211; \u00c9levez Votre Exp\u00e9rience de Surf avec Notre Collection\",\"item\":\"https:\/\/elevatesurf.ch\/shop\/\"},{\"@type\":\"ListItem\",\"position\":3,\"name\":\"ROCKET SURF PRONE\"}]},{\"@type\":\"WebSite\",\"@id\":\"https:\/\/elevatesurf.ch\/#website\",\"url\":\"https:\/\/elevatesurf.ch\/\",\"name\":\"Elevatesurf\",\"description\":\"Surfez vers de nouveaux sommets avec ElevateSurf ! Kiteshop, Wingshop\",\"publisher\":{\"@id\":\"https:\/\/elevatesurf.ch\/#organization\"},\"potentialAction\":[{\"@type\":\"SearchAction\",\"target\":{\"@type\":\"EntryPoint\",\"urlTemplate\":\"https:\/\/elevatesurf.ch\/?s={search_term_string}\"},\"query-input\":\"required name=search_term_string\"}],\"inLanguage\":\"fr-FR\"},{\"@type\":\"Organization\",\"@id\":\"https:\/\/elevatesurf.ch\/#organization\",\"name\":\"Elevatesurf\",\"url\":\"https:\/\/elevatesurf.ch\/\",\"logo\":{\"@type\":\"ImageObject\",\"inLanguage\":\"fr-FR\",\"@id\":\"https:\/\/elevatesurf.ch\/#\/schema\/logo\/image\/\",\"url\":\"https:\/\/elevatesurf.ch\/wp-content\/uploads\/2024\/06\/67c2ec70-bdf5-4c14-898a-ded5b2051398.jpg\",\"contentUrl\":\"https:\/\/elevatesurf.ch\/wp-content\/uploads\/2024\/06\/67c2ec70-bdf5-4c14-898a-ded5b2051398.jpg\",\"width\":1024,\"height\":1024,\"caption\":\"Elevatesurf\"},\"image\":{\"@id\":\"https:\/\/elevatesurf.ch\/#\/schema\/logo\/image\/\"},\"sameAs\":[\"https:\/\/www.instagram.com\/elevate__surf\/\"]}]}<\/script>\n<!-- \/ Yoast SEO plugin. -->","yoast_head_json":{"title":"ROCKET SURF PRONE - Elevatesurf","description":"Elevatesurf ROCKET SURF PRONE","robots":{"index":"index","follow":"follow","max-snippet":"max-snippet:-1","max-image-preview":"max-image-preview:large","max-video-preview":"max-video-preview:-1"},"canonical":"https:\/\/elevatesurf.ch\/fr\/product\/rocket-surf-prone\/","og_locale":"fr_FR","og_type":"article","og_title":"ROCKET SURF PRONE - Elevatesurf","og_description":"Elevatesurf ROCKET SURF PRONE","og_url":"https:\/\/elevatesurf.ch\/fr\/product\/rocket-surf-prone\/","og_site_name":"Elevatesurf","article_modified_time":"2026-05-10T21:08:15+00:00","twitter_card":"summary_large_image","twitter_misc":{"Dur\u00e9e de lecture estim\u00e9e":"2 minutes"},"schema":{"@context":"https:\/\/schema.org","@graph":[{"@type":["WebPage","ItemPage"],"@id":"https:\/\/elevatesurf.ch\/fr\/product\/rocket-surf-prone\/","url":"https:\/\/elevatesurf.ch\/fr\/product\/rocket-surf-prone\/","name":"ROCKET SURF PRONE - Elevatesurf","isPartOf":{"@id":"https:\/\/elevatesurf.ch\/#website"},"primaryImageOfPage":{"@id":"https:\/\/elevatesurf.ch\/fr\/product\/rocket-surf-prone\/#primaryimage"},"image":{"@id":"https:\/\/elevatesurf.ch\/fr\/product\/rocket-surf-prone\/#primaryimage"},"thumbnailUrl":"https:\/\/elevatesurf.ch\/wp-content\/uploads\/2026\/05\/rocket-surf-prone.jpg","datePublished":"2026-05-10T21:08:05+00:00","dateModified":"2026-05-10T21:08:15+00:00","description":"Elevatesurf ROCKET SURF PRONE","breadcrumb":{"@id":"https:\/\/elevatesurf.ch\/fr\/product\/rocket-surf-prone\/#breadcrumb"},"inLanguage":"fr-FR","potentialAction":[{"@type":"ReadAction","target":["https:\/\/elevatesurf.ch\/fr\/product\/rocket-surf-prone\/"]}]},{"@type":"ImageObject","inLanguage":"fr-FR","@id":"https:\/\/elevatesurf.ch\/fr\/product\/rocket-surf-prone\/#primaryimage","url":"https:\/\/elevatesurf.ch\/wp-content\/uploads\/2026\/05\/rocket-surf-prone.jpg","contentUrl":"https:\/\/elevatesurf.ch\/wp-content\/uploads\/2026\/05\/rocket-surf-prone.jpg","width":800,"height":800},{"@type":"BreadcrumbList","@id":"https:\/\/elevatesurf.ch\/fr\/product\/rocket-surf-prone\/#breadcrumb","itemListElement":[{"@type":"ListItem","position":1,"name":"Accueil","item":"https:\/\/elevatesurf.ch\/"},{"@type":"ListItem","position":2,"name":"Shop &#8211; \u00c9levez Votre Exp\u00e9rience de Surf avec Notre Collection","item":"https:\/\/elevatesurf.ch\/shop\/"},{"@type":"ListItem","position":3,"name":"ROCKET SURF PRONE"}]},{"@type":"WebSite","@id":"https:\/\/elevatesurf.ch\/#website","url":"https:\/\/elevatesurf.ch\/","name":"Elevatesurf","description":"Surfez vers de nouveaux sommets avec ElevateSurf ! Kiteshop, Wingshop","publisher":{"@id":"https:\/\/elevatesurf.ch\/#organization"},"potentialAction":[{"@type":"SearchAction","target":{"@type":"EntryPoint","urlTemplate":"https:\/\/elevatesurf.ch\/?s={search_term_string}"},"query-input":"required name=search_term_string"}],"inLanguage":"fr-FR"},{"@type":"Organization","@id":"https:\/\/elevatesurf.ch\/#organization","name":"Elevatesurf","url":"https:\/\/elevatesurf.ch\/","logo":{"@type":"ImageObject","inLanguage":"fr-FR","@id":"https:\/\/elevatesurf.ch\/#\/schema\/logo\/image\/","url":"https:\/\/elevatesurf.ch\/wp-content\/uploads\/2024\/06\/67c2ec70-bdf5-4c14-898a-ded5b2051398.jpg","contentUrl":"https:\/\/elevatesurf.ch\/wp-content\/uploads\/2024\/06\/67c2ec70-bdf5-4c14-898a-ded5b2051398.jpg","width":1024,"height":1024,"caption":"Elevatesurf"},"image":{"@id":"https:\/\/elevatesurf.ch\/#\/schema\/logo\/image\/"},"sameAs":["https:\/\/www.instagram.com\/elevate__surf\/"]}]}},"_links":{"self":[{"href":"https:\/\/elevatesurf.ch\/fr\/wp-json\/wp\/v2\/product\/29045","targetHints":{"allow":["GET"]}}],"collection":[{"href":"https:\/\/elevatesurf.ch\/fr\/wp-json\/wp\/v2\/product"}],"about":[{"href":"https:\/\/elevatesurf.ch\/fr\/wp-json\/wp\/v2\/types\/product"}],"replies":[{"embeddable":true,"href":"https:\/\/elevatesurf.ch\/fr\/wp-json\/wp\/v2\/comments?post=29045"}],"wp:featuredmedia":[{"embeddable":true,"href":"https:\/\/elevatesurf.ch\/fr\/wp-json\/wp\/v2\/media\/29044"}],"wp:attachment":[{"href":"https:\/\/elevatesurf.ch\/fr\/wp-json\/wp\/v2\/media?parent=29045"}],"wp:term":[{"taxonomy":"product_cat","embeddable":true,"href":"https:\/\/elevatesurf.ch\/fr\/wp-json\/wp\/v2\/product_cat?post=29045"},{"taxonomy":"product_tag","embeddable":true,"href":"https:\/\/elevatesurf.ch\/fr\/wp-json\/wp\/v2\/product_tag?post=29045"}],"curies":[{"name":"wp","href":"https:\/\/api.w.org\/{rel}","templated":true}]}}