{"id":29068,"date":"2026-05-10T21:09:14","date_gmt":"2026-05-10T21:09:14","guid":{"rendered":"https:\/\/elevatesurf.ch\/fr\/product\/plane-phantom-fct-1480\/"},"modified":"2026-05-10T21:09:14","modified_gmt":"2026-05-10T21:09:14","slug":"plane-phantom-fct-1480","status":"publish","type":"product","link":"https:\/\/elevatesurf.ch\/fr\/product\/plane-phantom-fct-1480\/","title":{"rendered":"PLANE PHANTOM FCT 1480"},"content":{"rendered":"<p>La gamme PHANTOM FCT offre \u00e9quilibre, accessibilit\u00e9 et polyvalence, tout pour satisfaire un large \u00e9ventail de riders. Ces foils excellent dans tous les domaines, qu\u2019il s\u2019agisse de procurer une glisse fluide, de faciliter les d\u00e9parts au planing ou de tracer de belles courbes sur les vagues et dans la houle.<\/p>\n<p>Gr\u00e2ce \u00e0 un travail sur la r\u00e9partition de la portance, \u00e0 l\u2019aspect ratio et \u00e0 la forme du lobe, ces foils permettent un pumping facile afin de partir rapidement au planing. Le d\u00e9collage se fait tout en douceur et l\u2019acc\u00e9l\u00e9ration est graduelle, favorisant une progression en toute confiance session apr\u00e8s session. Que vous fassiez du wing foil, du surf foil ou du downwind, les foils PHANTOM FCT promettent performance et plaisir.<\/p>\n<p>La PHANTOM FCT 1480 allie efficacit\u00e9 et accessibilit\u00e9. Sa portance permet de glisser longuement tout en s\u2019amusant gr\u00e2ce \u00e0 son incroyable maniabilit\u00e9 et stabilit\u00e9. C\u2019est un foil ultra polyvalent qui vous permettra de surfer dans des vagues &lt; 1m50, de vous aventurer en downwind, de rider en wing foil, ou encore d\u2019essayer le wakefoil\u2026 Il fait tout tr\u00e8s bien, m\u00eame lors des jours de petit temps.<\/p>\n<p>Les PHANTOM FCT ont \u00e9t\u00e9 sp\u00e9cifiquement con\u00e7us avec la Foil Compression Technology, une innovation F-ONE offrant d\u2019impressionnantes propri\u00e9t\u00e9s m\u00e9caniques. Notre construction FCT a \u00e9t\u00e9 encore am\u00e9lior\u00e9e ; ces nouveaux foils PHANTOM FCT b\u00e9n\u00e9ficient de l\u2019addition d\u2019un pli de carbone int\u00e9gr\u00e9 dans la construction, augmentant ainsi la r\u00e9sistance et la raideur pour encore plus de contr\u00f4le et de stabilit\u00e9.<\/p>\n<p>Le fuselage peut \u00eatre connect\u00e9 directement au m\u00e2t en aluminium standard F-ONE de la longueur souhait\u00e9e. Le montage, le d\u00e9montage et son transport sont \u00e9galement tr\u00e8s faciles.<\/p>\n<p>De mani\u00e8re g\u00e9n\u00e9rale, cette technologie robuste et r\u00e9sistante aux chocs permet d\u2019obtenir l\u2019un des foils les plus accessibles et \u00e9volutifs du march\u00e9 tout en gardant l\u2019ADN de la gamme PHANTOM et tout ce qui fait son succ\u00e8s.<\/p>\n","protected":false},"excerpt":{"rendered":"<p>Les foils PHANTOM FCT sont fiables, faciles \u00e0 utiliser et bien \u00e9quilibr\u00e9s, offrant \u00e0 tous les riders une marge de progression importante. Avec leur nouvelle construction en fibre de verre renforc\u00e9e, ces foils sont accessibles et intuitifs, con\u00e7us pour glisser sans effort lors du pumping ou pour connecter plusieurs vagues, et pour rester pr\u00e9cis et maniables en wing foil ou dans le surf.<\/p>\n<p>Aspect Ratio : 6.0<\/p>\n<p>Un foil polyvalent pour se lancer et progresser dans toutes les disciplines<\/p>\n<p>Accessible, bien \u00e9quilibr\u00e9 et maniable<\/p>\n<p>D\u00e9collage en douceur et acc\u00e9l\u00e9ration progressive<\/p>\n<p>Pumping facile pour vous permettre de voler en un rien de temps<\/p>\n<p>Id\u00e9al pour les d\u00e9butants et les riders interm\u00e9diaires qui veulent performer et progresser encore plus<\/p>\n<p>Disponible en 1280cm\u00b2\/ 1480 cm\u00b2 \/ 1680 cm\u00b2<\/p>\n","protected":false},"featured_media":29065,"comment_status":"open","ping_status":"closed","template":"","meta":[],"product_cat":[1040,1046],"product_tag":[],"class_list":{"0":"post-29068","1":"product","2":"type-product","3":"status-publish","4":"has-post-thumbnail","6":"product_cat-foil","7":"product_cat-plane","8":"product_brand-f-one","10":"first","11":"instock","12":"shipping-taxable","13":"purchasable","14":"product-type-simple"},"yoast_head":"<!-- This site is optimized with the Yoast SEO plugin v22.8 - https:\/\/yoast.com\/wordpress\/plugins\/seo\/ -->\n<title>PLANE PHANTOM FCT 1480 - Elevatesurf<\/title>\n<meta name=\"description\" content=\"Elevatesurf PLANE PHANTOM FCT 1480\" \/>\n<meta name=\"robots\" content=\"index, follow, max-snippet:-1, max-image-preview:large, max-video-preview:-1\" \/>\n<link rel=\"canonical\" href=\"https:\/\/elevatesurf.ch\/fr\/product\/plane-phantom-fct-1480\/\" \/>\n<meta property=\"og:locale\" content=\"fr_FR\" \/>\n<meta property=\"og:type\" content=\"article\" \/>\n<meta property=\"og:title\" content=\"PLANE PHANTOM FCT 1480 - Elevatesurf\" \/>\n<meta property=\"og:description\" content=\"Elevatesurf PLANE PHANTOM FCT 1480\" \/>\n<meta property=\"og:url\" content=\"https:\/\/elevatesurf.ch\/fr\/product\/plane-phantom-fct-1480\/\" \/>\n<meta property=\"og:site_name\" content=\"Elevatesurf\" \/>\n<meta name=\"twitter:card\" content=\"summary_large_image\" \/>\n<meta name=\"twitter:label1\" content=\"Dur\u00e9e de lecture estim\u00e9e\" \/>\n\t<meta name=\"twitter:data1\" content=\"2 minutes\" \/>\n<script type=\"application\/ld+json\" class=\"yoast-schema-graph\">{\"@context\":\"https:\/\/schema.org\",\"@graph\":[{\"@type\":[\"WebPage\",\"ItemPage\"],\"@id\":\"https:\/\/elevatesurf.ch\/fr\/product\/plane-phantom-fct-1480\/\",\"url\":\"https:\/\/elevatesurf.ch\/fr\/product\/plane-phantom-fct-1480\/\",\"name\":\"PLANE PHANTOM FCT 1480 - Elevatesurf\",\"isPartOf\":{\"@id\":\"https:\/\/elevatesurf.ch\/#website\"},\"primaryImageOfPage\":{\"@id\":\"https:\/\/elevatesurf.ch\/fr\/product\/plane-phantom-fct-1480\/#primaryimage\"},\"image\":{\"@id\":\"https:\/\/elevatesurf.ch\/fr\/product\/plane-phantom-fct-1480\/#primaryimage\"},\"thumbnailUrl\":\"https:\/\/elevatesurf.ch\/wp-content\/uploads\/2026\/05\/plane-phantom-fct-1480.png\",\"datePublished\":\"2026-05-10T21:09:14+00:00\",\"dateModified\":\"2026-05-10T21:09:14+00:00\",\"description\":\"Elevatesurf PLANE PHANTOM FCT 1480\",\"breadcrumb\":{\"@id\":\"https:\/\/elevatesurf.ch\/fr\/product\/plane-phantom-fct-1480\/#breadcrumb\"},\"inLanguage\":\"fr-FR\",\"potentialAction\":[{\"@type\":\"ReadAction\",\"target\":[\"https:\/\/elevatesurf.ch\/fr\/product\/plane-phantom-fct-1480\/\"]}]},{\"@type\":\"ImageObject\",\"inLanguage\":\"fr-FR\",\"@id\":\"https:\/\/elevatesurf.ch\/fr\/product\/plane-phantom-fct-1480\/#primaryimage\",\"url\":\"https:\/\/elevatesurf.ch\/wp-content\/uploads\/2026\/05\/plane-phantom-fct-1480.png\",\"contentUrl\":\"https:\/\/elevatesurf.ch\/wp-content\/uploads\/2026\/05\/plane-phantom-fct-1480.png\",\"width\":1200,\"height\":1200},{\"@type\":\"BreadcrumbList\",\"@id\":\"https:\/\/elevatesurf.ch\/fr\/product\/plane-phantom-fct-1480\/#breadcrumb\",\"itemListElement\":[{\"@type\":\"ListItem\",\"position\":1,\"name\":\"Accueil\",\"item\":\"https:\/\/elevatesurf.ch\/\"},{\"@type\":\"ListItem\",\"position\":2,\"name\":\"Shop &#8211; \u00c9levez Votre Exp\u00e9rience de Surf avec Notre Collection\",\"item\":\"https:\/\/elevatesurf.ch\/shop\/\"},{\"@type\":\"ListItem\",\"position\":3,\"name\":\"PLANE PHANTOM FCT 1480\"}]},{\"@type\":\"WebSite\",\"@id\":\"https:\/\/elevatesurf.ch\/#website\",\"url\":\"https:\/\/elevatesurf.ch\/\",\"name\":\"Elevatesurf\",\"description\":\"Surfez vers de nouveaux sommets avec ElevateSurf ! Kiteshop, Wingshop\",\"publisher\":{\"@id\":\"https:\/\/elevatesurf.ch\/#organization\"},\"potentialAction\":[{\"@type\":\"SearchAction\",\"target\":{\"@type\":\"EntryPoint\",\"urlTemplate\":\"https:\/\/elevatesurf.ch\/?s={search_term_string}\"},\"query-input\":\"required name=search_term_string\"}],\"inLanguage\":\"fr-FR\"},{\"@type\":\"Organization\",\"@id\":\"https:\/\/elevatesurf.ch\/#organization\",\"name\":\"Elevatesurf\",\"url\":\"https:\/\/elevatesurf.ch\/\",\"logo\":{\"@type\":\"ImageObject\",\"inLanguage\":\"fr-FR\",\"@id\":\"https:\/\/elevatesurf.ch\/#\/schema\/logo\/image\/\",\"url\":\"https:\/\/elevatesurf.ch\/wp-content\/uploads\/2024\/06\/67c2ec70-bdf5-4c14-898a-ded5b2051398.jpg\",\"contentUrl\":\"https:\/\/elevatesurf.ch\/wp-content\/uploads\/2024\/06\/67c2ec70-bdf5-4c14-898a-ded5b2051398.jpg\",\"width\":1024,\"height\":1024,\"caption\":\"Elevatesurf\"},\"image\":{\"@id\":\"https:\/\/elevatesurf.ch\/#\/schema\/logo\/image\/\"},\"sameAs\":[\"https:\/\/www.instagram.com\/elevate__surf\/\"]}]}<\/script>\n<!-- \/ Yoast SEO plugin. -->","yoast_head_json":{"title":"PLANE PHANTOM FCT 1480 - Elevatesurf","description":"Elevatesurf PLANE PHANTOM FCT 1480","robots":{"index":"index","follow":"follow","max-snippet":"max-snippet:-1","max-image-preview":"max-image-preview:large","max-video-preview":"max-video-preview:-1"},"canonical":"https:\/\/elevatesurf.ch\/fr\/product\/plane-phantom-fct-1480\/","og_locale":"fr_FR","og_type":"article","og_title":"PLANE PHANTOM FCT 1480 - Elevatesurf","og_description":"Elevatesurf PLANE PHANTOM FCT 1480","og_url":"https:\/\/elevatesurf.ch\/fr\/product\/plane-phantom-fct-1480\/","og_site_name":"Elevatesurf","twitter_card":"summary_large_image","twitter_misc":{"Dur\u00e9e de lecture estim\u00e9e":"2 minutes"},"schema":{"@context":"https:\/\/schema.org","@graph":[{"@type":["WebPage","ItemPage"],"@id":"https:\/\/elevatesurf.ch\/fr\/product\/plane-phantom-fct-1480\/","url":"https:\/\/elevatesurf.ch\/fr\/product\/plane-phantom-fct-1480\/","name":"PLANE PHANTOM FCT 1480 - Elevatesurf","isPartOf":{"@id":"https:\/\/elevatesurf.ch\/#website"},"primaryImageOfPage":{"@id":"https:\/\/elevatesurf.ch\/fr\/product\/plane-phantom-fct-1480\/#primaryimage"},"image":{"@id":"https:\/\/elevatesurf.ch\/fr\/product\/plane-phantom-fct-1480\/#primaryimage"},"thumbnailUrl":"https:\/\/elevatesurf.ch\/wp-content\/uploads\/2026\/05\/plane-phantom-fct-1480.png","datePublished":"2026-05-10T21:09:14+00:00","dateModified":"2026-05-10T21:09:14+00:00","description":"Elevatesurf PLANE PHANTOM FCT 1480","breadcrumb":{"@id":"https:\/\/elevatesurf.ch\/fr\/product\/plane-phantom-fct-1480\/#breadcrumb"},"inLanguage":"fr-FR","potentialAction":[{"@type":"ReadAction","target":["https:\/\/elevatesurf.ch\/fr\/product\/plane-phantom-fct-1480\/"]}]},{"@type":"ImageObject","inLanguage":"fr-FR","@id":"https:\/\/elevatesurf.ch\/fr\/product\/plane-phantom-fct-1480\/#primaryimage","url":"https:\/\/elevatesurf.ch\/wp-content\/uploads\/2026\/05\/plane-phantom-fct-1480.png","contentUrl":"https:\/\/elevatesurf.ch\/wp-content\/uploads\/2026\/05\/plane-phantom-fct-1480.png","width":1200,"height":1200},{"@type":"BreadcrumbList","@id":"https:\/\/elevatesurf.ch\/fr\/product\/plane-phantom-fct-1480\/#breadcrumb","itemListElement":[{"@type":"ListItem","position":1,"name":"Accueil","item":"https:\/\/elevatesurf.ch\/"},{"@type":"ListItem","position":2,"name":"Shop &#8211; \u00c9levez Votre Exp\u00e9rience de Surf avec Notre Collection","item":"https:\/\/elevatesurf.ch\/shop\/"},{"@type":"ListItem","position":3,"name":"PLANE PHANTOM FCT 1480"}]},{"@type":"WebSite","@id":"https:\/\/elevatesurf.ch\/#website","url":"https:\/\/elevatesurf.ch\/","name":"Elevatesurf","description":"Surfez vers de nouveaux sommets avec ElevateSurf ! Kiteshop, Wingshop","publisher":{"@id":"https:\/\/elevatesurf.ch\/#organization"},"potentialAction":[{"@type":"SearchAction","target":{"@type":"EntryPoint","urlTemplate":"https:\/\/elevatesurf.ch\/?s={search_term_string}"},"query-input":"required name=search_term_string"}],"inLanguage":"fr-FR"},{"@type":"Organization","@id":"https:\/\/elevatesurf.ch\/#organization","name":"Elevatesurf","url":"https:\/\/elevatesurf.ch\/","logo":{"@type":"ImageObject","inLanguage":"fr-FR","@id":"https:\/\/elevatesurf.ch\/#\/schema\/logo\/image\/","url":"https:\/\/elevatesurf.ch\/wp-content\/uploads\/2024\/06\/67c2ec70-bdf5-4c14-898a-ded5b2051398.jpg","contentUrl":"https:\/\/elevatesurf.ch\/wp-content\/uploads\/2024\/06\/67c2ec70-bdf5-4c14-898a-ded5b2051398.jpg","width":1024,"height":1024,"caption":"Elevatesurf"},"image":{"@id":"https:\/\/elevatesurf.ch\/#\/schema\/logo\/image\/"},"sameAs":["https:\/\/www.instagram.com\/elevate__surf\/"]}]}},"_links":{"self":[{"href":"https:\/\/elevatesurf.ch\/fr\/wp-json\/wp\/v2\/product\/29068","targetHints":{"allow":["GET"]}}],"collection":[{"href":"https:\/\/elevatesurf.ch\/fr\/wp-json\/wp\/v2\/product"}],"about":[{"href":"https:\/\/elevatesurf.ch\/fr\/wp-json\/wp\/v2\/types\/product"}],"replies":[{"embeddable":true,"href":"https:\/\/elevatesurf.ch\/fr\/wp-json\/wp\/v2\/comments?post=29068"}],"wp:featuredmedia":[{"embeddable":true,"href":"https:\/\/elevatesurf.ch\/fr\/wp-json\/wp\/v2\/media\/29065"}],"wp:attachment":[{"href":"https:\/\/elevatesurf.ch\/fr\/wp-json\/wp\/v2\/media?parent=29068"}],"wp:term":[{"taxonomy":"product_cat","embeddable":true,"href":"https:\/\/elevatesurf.ch\/fr\/wp-json\/wp\/v2\/product_cat?post=29068"},{"taxonomy":"product_tag","embeddable":true,"href":"https:\/\/elevatesurf.ch\/fr\/wp-json\/wp\/v2\/product_tag?post=29068"}],"curies":[{"name":"wp","href":"https:\/\/api.w.org\/{rel}","templated":true}]}}