{"id":29078,"date":"2026-05-10T21:09:44","date_gmt":"2026-05-10T21:09:44","guid":{"rendered":"https:\/\/elevatesurf.ch\/fr\/product\/tail-dw-comp-105-xs\/"},"modified":"2026-05-10T21:09:44","modified_gmt":"2026-05-10T21:09:44","slug":"tail-dw-comp-105-xs","status":"publish","type":"product","link":"https:\/\/elevatesurf.ch\/fr\/product\/tail-dw-comp-105-xs\/","title":{"rendered":"TAIL DW COMP 105 XS"},"content":{"rendered":"<ul>\n<li>Glisse et vitesse remarquables<\/li>\n<li>Projection vers l&rsquo;avant et pumping exceptionnels<\/li>\n<li>Outline optimis\u00e9 pour une meilleure maniabilit\u00e9<\/li>\n<li>Fuselage court pour une acc\u00e9l\u00e9ration et une r\u00e9activit\u00e9 accrues<\/li>\n<li>Con\u00e7u pour les foils MOMENTUM<\/li>\n<\/ul>\n<p>Con\u00e7us pour tenir la distance, ces Monobloc Tails combinent une glisse implacable et un transfert d&rsquo;\u00e9nergie instantan\u00e9, vous permettant de rester plus longtemps sur le foil avec moins d&rsquo;efforts. Le fuselage plus court am\u00e9liore l&rsquo;acc\u00e9l\u00e9ration, tandis que la surface r\u00e9duite augmente encore davantage la vitesse et la r\u00e9activit\u00e9.<\/p>\n<p>Le l\u00e9ger di\u00e8dre apporte juste assez de stabilit\u00e9 sans compromettre les performances, vous permettant de rester en contr\u00f4le pour connecter les bumps sans secousses ou surpuissance.<\/p>\n<p>Ces Monobloc Tails DW COMP offrent une connexion directe et optimale \u00e0 votre foil, avec une train\u00e9e minimale et une r\u00e9activit\u00e9 maximale : tout ce dont vous avez besoin pour performer au plus haut niveau dans les races de downwind ou pour naviguer lors de longs runs.<\/p>\n","protected":false},"excerpt":{"rendered":"<p>Parfaitement adapt\u00e9s aux foils de la gamme MOMENTUM, les Monobloc Tails DW COMP sont con\u00e7us pour les riders exp\u00e9riment\u00e9s qui recherchent une efficacit\u00e9, une acc\u00e9l\u00e9ration et des performances maximales dans leur pratique du downwind. Avec un allongement \u00e9lev\u00e9 de 12, un outline optimis\u00e9 et un l\u00e9ger di\u00e8dre pour plus de stabilit\u00e9, ces Monobloc Tails offrent une glisse ultime, une projection vers l\u2019avant incomparable et une pr\u00e9cision redoutable.<\/p>\n","protected":false},"featured_media":29077,"comment_status":"open","ping_status":"closed","template":"","meta":[],"product_cat":[1040,1043],"product_tag":[],"class_list":{"0":"post-29078","1":"product","2":"type-product","3":"status-publish","4":"has-post-thumbnail","6":"product_cat-foil","7":"product_cat-monoblocs","8":"product_brand-f-one","10":"first","11":"outofstock","12":"shipping-taxable","13":"purchasable","14":"product-type-simple"},"yoast_head":"<!-- This site is optimized with the Yoast SEO plugin v22.8 - https:\/\/yoast.com\/wordpress\/plugins\/seo\/ -->\n<title>TAIL DW COMP 105 XS - Elevatesurf<\/title>\n<meta name=\"description\" content=\"Elevatesurf TAIL DW COMP 105 XS\" \/>\n<meta name=\"robots\" content=\"index, follow, max-snippet:-1, max-image-preview:large, max-video-preview:-1\" \/>\n<link rel=\"canonical\" href=\"https:\/\/elevatesurf.ch\/fr\/product\/tail-dw-comp-105-xs\/\" \/>\n<meta property=\"og:locale\" content=\"fr_FR\" \/>\n<meta property=\"og:type\" content=\"article\" \/>\n<meta property=\"og:title\" content=\"TAIL DW COMP 105 XS - Elevatesurf\" \/>\n<meta property=\"og:description\" content=\"Elevatesurf TAIL DW COMP 105 XS\" \/>\n<meta property=\"og:url\" content=\"https:\/\/elevatesurf.ch\/fr\/product\/tail-dw-comp-105-xs\/\" \/>\n<meta property=\"og:site_name\" content=\"Elevatesurf\" \/>\n<meta name=\"twitter:card\" content=\"summary_large_image\" \/>\n<meta name=\"twitter:label1\" content=\"Dur\u00e9e de lecture estim\u00e9e\" \/>\n\t<meta name=\"twitter:data1\" content=\"1 minute\" \/>\n<script type=\"application\/ld+json\" class=\"yoast-schema-graph\">{\"@context\":\"https:\/\/schema.org\",\"@graph\":[{\"@type\":[\"WebPage\",\"ItemPage\"],\"@id\":\"https:\/\/elevatesurf.ch\/fr\/product\/tail-dw-comp-105-xs\/\",\"url\":\"https:\/\/elevatesurf.ch\/fr\/product\/tail-dw-comp-105-xs\/\",\"name\":\"TAIL DW COMP 105 XS - Elevatesurf\",\"isPartOf\":{\"@id\":\"https:\/\/elevatesurf.ch\/#website\"},\"primaryImageOfPage\":{\"@id\":\"https:\/\/elevatesurf.ch\/fr\/product\/tail-dw-comp-105-xs\/#primaryimage\"},\"image\":{\"@id\":\"https:\/\/elevatesurf.ch\/fr\/product\/tail-dw-comp-105-xs\/#primaryimage\"},\"thumbnailUrl\":\"https:\/\/elevatesurf.ch\/wp-content\/uploads\/2026\/05\/tail-dw-comp-105-xs.png\",\"datePublished\":\"2026-05-10T21:09:44+00:00\",\"dateModified\":\"2026-05-10T21:09:44+00:00\",\"description\":\"Elevatesurf TAIL DW COMP 105 XS\",\"breadcrumb\":{\"@id\":\"https:\/\/elevatesurf.ch\/fr\/product\/tail-dw-comp-105-xs\/#breadcrumb\"},\"inLanguage\":\"fr-FR\",\"potentialAction\":[{\"@type\":\"ReadAction\",\"target\":[\"https:\/\/elevatesurf.ch\/fr\/product\/tail-dw-comp-105-xs\/\"]}]},{\"@type\":\"ImageObject\",\"inLanguage\":\"fr-FR\",\"@id\":\"https:\/\/elevatesurf.ch\/fr\/product\/tail-dw-comp-105-xs\/#primaryimage\",\"url\":\"https:\/\/elevatesurf.ch\/wp-content\/uploads\/2026\/05\/tail-dw-comp-105-xs.png\",\"contentUrl\":\"https:\/\/elevatesurf.ch\/wp-content\/uploads\/2026\/05\/tail-dw-comp-105-xs.png\",\"width\":2000,\"height\":2000},{\"@type\":\"BreadcrumbList\",\"@id\":\"https:\/\/elevatesurf.ch\/fr\/product\/tail-dw-comp-105-xs\/#breadcrumb\",\"itemListElement\":[{\"@type\":\"ListItem\",\"position\":1,\"name\":\"Accueil\",\"item\":\"https:\/\/elevatesurf.ch\/\"},{\"@type\":\"ListItem\",\"position\":2,\"name\":\"Shop &#8211; \u00c9levez Votre Exp\u00e9rience de Surf avec Notre Collection\",\"item\":\"https:\/\/elevatesurf.ch\/shop\/\"},{\"@type\":\"ListItem\",\"position\":3,\"name\":\"TAIL DW COMP 105 XS\"}]},{\"@type\":\"WebSite\",\"@id\":\"https:\/\/elevatesurf.ch\/#website\",\"url\":\"https:\/\/elevatesurf.ch\/\",\"name\":\"Elevatesurf\",\"description\":\"Surfez vers de nouveaux sommets avec ElevateSurf ! Kiteshop, Wingshop\",\"publisher\":{\"@id\":\"https:\/\/elevatesurf.ch\/#organization\"},\"potentialAction\":[{\"@type\":\"SearchAction\",\"target\":{\"@type\":\"EntryPoint\",\"urlTemplate\":\"https:\/\/elevatesurf.ch\/?s={search_term_string}\"},\"query-input\":\"required name=search_term_string\"}],\"inLanguage\":\"fr-FR\"},{\"@type\":\"Organization\",\"@id\":\"https:\/\/elevatesurf.ch\/#organization\",\"name\":\"Elevatesurf\",\"url\":\"https:\/\/elevatesurf.ch\/\",\"logo\":{\"@type\":\"ImageObject\",\"inLanguage\":\"fr-FR\",\"@id\":\"https:\/\/elevatesurf.ch\/#\/schema\/logo\/image\/\",\"url\":\"https:\/\/elevatesurf.ch\/wp-content\/uploads\/2024\/06\/67c2ec70-bdf5-4c14-898a-ded5b2051398.jpg\",\"contentUrl\":\"https:\/\/elevatesurf.ch\/wp-content\/uploads\/2024\/06\/67c2ec70-bdf5-4c14-898a-ded5b2051398.jpg\",\"width\":1024,\"height\":1024,\"caption\":\"Elevatesurf\"},\"image\":{\"@id\":\"https:\/\/elevatesurf.ch\/#\/schema\/logo\/image\/\"},\"sameAs\":[\"https:\/\/www.instagram.com\/elevate__surf\/\"]}]}<\/script>\n<!-- \/ Yoast SEO plugin. -->","yoast_head_json":{"title":"TAIL DW COMP 105 XS - Elevatesurf","description":"Elevatesurf TAIL DW COMP 105 XS","robots":{"index":"index","follow":"follow","max-snippet":"max-snippet:-1","max-image-preview":"max-image-preview:large","max-video-preview":"max-video-preview:-1"},"canonical":"https:\/\/elevatesurf.ch\/fr\/product\/tail-dw-comp-105-xs\/","og_locale":"fr_FR","og_type":"article","og_title":"TAIL DW COMP 105 XS - Elevatesurf","og_description":"Elevatesurf TAIL DW COMP 105 XS","og_url":"https:\/\/elevatesurf.ch\/fr\/product\/tail-dw-comp-105-xs\/","og_site_name":"Elevatesurf","twitter_card":"summary_large_image","twitter_misc":{"Dur\u00e9e de lecture estim\u00e9e":"1 minute"},"schema":{"@context":"https:\/\/schema.org","@graph":[{"@type":["WebPage","ItemPage"],"@id":"https:\/\/elevatesurf.ch\/fr\/product\/tail-dw-comp-105-xs\/","url":"https:\/\/elevatesurf.ch\/fr\/product\/tail-dw-comp-105-xs\/","name":"TAIL DW COMP 105 XS - Elevatesurf","isPartOf":{"@id":"https:\/\/elevatesurf.ch\/#website"},"primaryImageOfPage":{"@id":"https:\/\/elevatesurf.ch\/fr\/product\/tail-dw-comp-105-xs\/#primaryimage"},"image":{"@id":"https:\/\/elevatesurf.ch\/fr\/product\/tail-dw-comp-105-xs\/#primaryimage"},"thumbnailUrl":"https:\/\/elevatesurf.ch\/wp-content\/uploads\/2026\/05\/tail-dw-comp-105-xs.png","datePublished":"2026-05-10T21:09:44+00:00","dateModified":"2026-05-10T21:09:44+00:00","description":"Elevatesurf TAIL DW COMP 105 XS","breadcrumb":{"@id":"https:\/\/elevatesurf.ch\/fr\/product\/tail-dw-comp-105-xs\/#breadcrumb"},"inLanguage":"fr-FR","potentialAction":[{"@type":"ReadAction","target":["https:\/\/elevatesurf.ch\/fr\/product\/tail-dw-comp-105-xs\/"]}]},{"@type":"ImageObject","inLanguage":"fr-FR","@id":"https:\/\/elevatesurf.ch\/fr\/product\/tail-dw-comp-105-xs\/#primaryimage","url":"https:\/\/elevatesurf.ch\/wp-content\/uploads\/2026\/05\/tail-dw-comp-105-xs.png","contentUrl":"https:\/\/elevatesurf.ch\/wp-content\/uploads\/2026\/05\/tail-dw-comp-105-xs.png","width":2000,"height":2000},{"@type":"BreadcrumbList","@id":"https:\/\/elevatesurf.ch\/fr\/product\/tail-dw-comp-105-xs\/#breadcrumb","itemListElement":[{"@type":"ListItem","position":1,"name":"Accueil","item":"https:\/\/elevatesurf.ch\/"},{"@type":"ListItem","position":2,"name":"Shop &#8211; \u00c9levez Votre Exp\u00e9rience de Surf avec Notre Collection","item":"https:\/\/elevatesurf.ch\/shop\/"},{"@type":"ListItem","position":3,"name":"TAIL DW COMP 105 XS"}]},{"@type":"WebSite","@id":"https:\/\/elevatesurf.ch\/#website","url":"https:\/\/elevatesurf.ch\/","name":"Elevatesurf","description":"Surfez vers de nouveaux sommets avec ElevateSurf ! Kiteshop, Wingshop","publisher":{"@id":"https:\/\/elevatesurf.ch\/#organization"},"potentialAction":[{"@type":"SearchAction","target":{"@type":"EntryPoint","urlTemplate":"https:\/\/elevatesurf.ch\/?s={search_term_string}"},"query-input":"required name=search_term_string"}],"inLanguage":"fr-FR"},{"@type":"Organization","@id":"https:\/\/elevatesurf.ch\/#organization","name":"Elevatesurf","url":"https:\/\/elevatesurf.ch\/","logo":{"@type":"ImageObject","inLanguage":"fr-FR","@id":"https:\/\/elevatesurf.ch\/#\/schema\/logo\/image\/","url":"https:\/\/elevatesurf.ch\/wp-content\/uploads\/2024\/06\/67c2ec70-bdf5-4c14-898a-ded5b2051398.jpg","contentUrl":"https:\/\/elevatesurf.ch\/wp-content\/uploads\/2024\/06\/67c2ec70-bdf5-4c14-898a-ded5b2051398.jpg","width":1024,"height":1024,"caption":"Elevatesurf"},"image":{"@id":"https:\/\/elevatesurf.ch\/#\/schema\/logo\/image\/"},"sameAs":["https:\/\/www.instagram.com\/elevate__surf\/"]}]}},"_links":{"self":[{"href":"https:\/\/elevatesurf.ch\/fr\/wp-json\/wp\/v2\/product\/29078","targetHints":{"allow":["GET"]}}],"collection":[{"href":"https:\/\/elevatesurf.ch\/fr\/wp-json\/wp\/v2\/product"}],"about":[{"href":"https:\/\/elevatesurf.ch\/fr\/wp-json\/wp\/v2\/types\/product"}],"replies":[{"embeddable":true,"href":"https:\/\/elevatesurf.ch\/fr\/wp-json\/wp\/v2\/comments?post=29078"}],"wp:featuredmedia":[{"embeddable":true,"href":"https:\/\/elevatesurf.ch\/fr\/wp-json\/wp\/v2\/media\/29077"}],"wp:attachment":[{"href":"https:\/\/elevatesurf.ch\/fr\/wp-json\/wp\/v2\/media?parent=29078"}],"wp:term":[{"taxonomy":"product_cat","embeddable":true,"href":"https:\/\/elevatesurf.ch\/fr\/wp-json\/wp\/v2\/product_cat?post=29078"},{"taxonomy":"product_tag","embeddable":true,"href":"https:\/\/elevatesurf.ch\/fr\/wp-json\/wp\/v2\/product_tag?post=29078"}],"curies":[{"name":"wp","href":"https:\/\/api.w.org\/{rel}","templated":true}]}}