{"id":29082,"date":"2026-05-10T21:10:09","date_gmt":"2026-05-10T21:10:09","guid":{"rendered":"https:\/\/elevatesurf.ch\/fr\/product\/atom-bar-2026\/"},"modified":"2026-05-10T21:10:09","modified_gmt":"2026-05-10T21:10:09","slug":"atom-bar-2026","status":"publish","type":"product","link":"https:\/\/elevatesurf.ch\/fr\/product\/atom-bar-2026\/","title":{"rendered":"ATOM BAR 2026"},"content":{"rendered":"<p class=\"MsoNormal\">Le syst\u00e8me brevet\u00e9 \u00ab\u00a0Quick Adjust System\u00a0\u00bb facilite plus que jamais le passage d&rsquo;une longueur de barre \u00e0 l&rsquo;autre. D&rsquo;un seul geste et sans outil, les riders peuvent r\u00e9gler ais\u00e9ment la longueur de leur barre entre 45 et 52 cm, selon leurs pr\u00e9f\u00e9rences.<\/p>\n<p class=\"MsoNormal\">Le nouveau syst\u00e8me de s\u00e9curit\u00e9 \u00ab\u00a0Click-In Safety System\u00a0\u00bb est certifi\u00e9 ISO et r\u00e9pond donc aux normes de s\u00e9curit\u00e9 les plus rigoureuses de l&rsquo;industrie. Ce m\u00e9canisme de larguage rapide est con\u00e7u pour fonctionner efficacement dans les situations les plus critiques et peut \u00eatre activ\u00e9 intuitivement sous charge. Le syst\u00e8me se r\u00e9arme rapidement en un seul clic.\u00a0 La s\u00e9curit\u00e9 et la commodit\u00e9 sont parfaitement int\u00e9gr\u00e9es, ce qui garantit la tranquillit\u00e9 d&rsquo;esprit \u00e0 chaque s\u00e9ance.<\/p>\n<p class=\"MsoNormal\">L&rsquo;ATOM dispose \u00e9galement d&rsquo;un syst\u00e8me de chicken loop interchangeables, permettant aux riders de passer facilement d&rsquo;une taille \u00e0 l&rsquo;autre en fonction de leurs pr\u00e9f\u00e9rences ou de leur discipline. Les deux chicken, dont celui de taille standard inclus avec la barre, sont \u00e9quip\u00e9s d&rsquo;un doigt plus rigide afin d&rsquo;\u00e9viter tout d\u00e9crochage involontaire, renfor\u00e7ant ainsi leur fiabilit\u00e9.<\/p>\n<p class=\"MsoNormal\">Chaque d\u00e9tail de la barre ATOM a \u00e9t\u00e9 pens\u00e9 pour le confort, la facilit\u00e9 d&rsquo;utilisation et l&rsquo;ergonomie. Sa nouvelle construction monobloc et son nouveau diam\u00e8tre garantissent une prise en main efficace et une sensation plus directe\u00a0; les man\u0153uvres \u00e0 une main sont plus confortables que jamais.<\/p>\n<p class=\"MsoNormal\">Le grip en EVA offre un excellent confort et un bon contr\u00f4le pendant les sessions prolong\u00e9es. Le code couleur de la barre tr\u00e8s clair est un \u00e9l\u00e9ment de s\u00e9curit\u00e9 et visibilit\u00e9 suppl\u00e9mentaire.<\/p>\n<p class=\"MsoNormal\">Avec ses pi\u00e8ces modulaires et faciles \u00e0 remplacer, l&rsquo;ATOM est con\u00e7ue pour durer. Tous les composants de la barre ainsi que le largueur peuvent \u00eatre retir\u00e9s et remplac\u00e9s avec un minimum d&rsquo;outils, ce qui prolonge la dur\u00e9e de vie de votre mat\u00e9riel. Les flotteurs amovibles permettent \u00e9galement d&rsquo;inspecter ou d&rsquo;ajuster facilement les longueurs de lignes. L\u2019int\u00e9rieur de la barre peut \u00eatre rinc\u00e9e gr\u00e2ce \u00e0 une trappe pr\u00e9vue \u00e0 cet effet.<\/p>\n<p class=\"MsoNormal\">L\u2019ATOM est disponible avec les lignes en Dyneema standard ou les lignes haute performance SK99. Les lignes standard sont plus accessibles et plus tol\u00e9rantes, tandis que les SK99 plus l\u00e9g\u00e8res offrent une meilleure r\u00e9sistance \u00e0 l&rsquo;abrasion et \u00e0 l&rsquo;\u00e9longation, ainsi qu&rsquo;un retour en barre plus pr\u00e9cis.<\/p>\n<p class=\"MsoNormal\">Offrant le syst\u00e8me de V-split ajustables (low V, high V, high V+), cette nouvelle barre est aussi adaptable que fiable. Notre nouveau V-Splitter, exclusif \u00e0 F-ONE, vous permet d&rsquo;ajuster ou de retirer vos lignes rapidement et facilement sans d\u00e9monter l&rsquo;ensemble du syst\u00e8me, ce qui vous fait gagner du temps et facilite les changements \u00e0 la vol\u00e9e.<\/p>\n<p class=\"MsoNormal\">Livr\u00e9e avec son sac et les outils n\u00e9cessaires, l&rsquo;ATOM est une option id\u00e9ale pour les riders de tous niveaux \u00e0 la recherche d&rsquo;une barre de kite fiable, fonctionnelle, adaptable, confortable et performante.<\/p><\/p>\n","protected":false},"excerpt":{"rendered":"<p class=\"MsoNormal\">La barre de kite ATOM de F-ONE offre tout ce dont vous avez besoin pour une connexion directe et r\u00e9active avec votre aile. Alliant simplicit\u00e9 d\u2019utilisation, confort, s\u00e9curit\u00e9 et performance, elle int\u00e8gre un design ergonomique pens\u00e9 dans les moindres d\u00e9tails et des innovations qui permettront \u00e0 chaque rider de profiter pleinement de chaque session.<\/p>\n<p class=\"MsoListParagraphCxSpFirst\"><span>\u00b7<span>\u00a0\u00a0\u00a0\u00a0\u00a0\u00a0\u00a0<\/span><\/span><b>Longueur de barre r\u00e9glable en un seul mouvement gr\u00e2ce au syst\u00e8me brevet\u00e9 \u00ab\u00a0Quick Adjust System\u00a0\u00bb<\/b><b><\/b><b><\/b><\/p>\n<p class=\"MsoListParagraphCxSpMiddle\"><span>\u00b7<span>\u00a0\u00a0\u00a0\u00a0\u00a0\u00a0\u00a0<\/span><\/span><b>Largueur \u00ab\u00a0QR Click-In Safety System\u00a0\u00bb certifi\u00e9 ISO, pour un largage rapide et un r\u00e9armement facile<\/b><\/p>\n<p class=\"MsoListParagraphCxSpMiddle\"><span lang=\"en-us\" xml:lang=\"en-us\">\u00b7<span>\u00a0\u00a0\u00a0\u00a0\u00a0\u00a0\u00a0<\/span><\/span><b><span lang=\"en-us\" xml:lang=\"en-us\">Fonctionnelle et ergonomique<\/span><\/b><\/p>\n<p class=\"MsoListParagraphCxSpMiddle\"><span>\u00b7<span>\u00a0\u00a0\u00a0\u00a0\u00a0\u00a0\u00a0<\/span><\/span><b>Facilit\u00e9 de r\u00e9paration et de d\u00e9montage des pi\u00e8ces d\u00e9tach\u00e9es<\/b><\/p>\n<p class=\"MsoListParagraphCxSpMiddle\"><span>\u00b7<span>\u00a0\u00a0\u00a0\u00a0\u00a0\u00a0\u00a0<\/span><\/span><b><span lang=\"en-us\" xml:lang=\"en-us\">Trim intuitif et pr\u00e9cis<\/span><\/b><\/p>\n<p class=\"MsoListParagraphCxSpMiddle\"><span>\u00b7<span>\u00a0\u00a0\u00a0\u00a0\u00a0\u00a0\u00a0<\/span><\/span><b>Disponible avec des lignes standard ou SK99<\/b><\/p>\n<p class=\"MsoListParagraphCxSpLast\"><span>\u00b7<span>\u00a0\u00a0\u00a0\u00a0\u00a0\u00a0\u00a0<\/span><\/span><b>Compatible avec tous les kites du march\u00e9<\/b><\/p>\n","protected":false},"featured_media":29079,"comment_status":"open","ping_status":"closed","template":"","meta":[],"product_cat":[977,134],"product_tag":[],"class_list":{"0":"post-29082","1":"product","2":"type-product","3":"status-publish","4":"has-post-thumbnail","6":"product_cat-accessoires","7":"product_cat-kites","8":"product_brand-indiana-suisse","10":"first","11":"instock","12":"shipping-taxable","13":"purchasable","14":"product-type-simple"},"yoast_head":"<!-- This site is optimized with the Yoast SEO plugin v22.8 - https:\/\/yoast.com\/wordpress\/plugins\/seo\/ -->\n<title>ATOM BAR 2026 - Elevatesurf<\/title>\n<meta name=\"description\" content=\"Elevatesurf ATOM BAR 2026\" \/>\n<meta name=\"robots\" content=\"index, follow, max-snippet:-1, max-image-preview:large, max-video-preview:-1\" \/>\n<link rel=\"canonical\" href=\"https:\/\/elevatesurf.ch\/fr\/product\/atom-bar-2026\/\" \/>\n<meta property=\"og:locale\" content=\"fr_FR\" \/>\n<meta property=\"og:type\" content=\"article\" \/>\n<meta property=\"og:title\" content=\"ATOM BAR 2026 - Elevatesurf\" \/>\n<meta property=\"og:description\" content=\"Elevatesurf ATOM BAR 2026\" \/>\n<meta property=\"og:url\" content=\"https:\/\/elevatesurf.ch\/fr\/product\/atom-bar-2026\/\" \/>\n<meta property=\"og:site_name\" content=\"Elevatesurf\" \/>\n<meta name=\"twitter:card\" content=\"summary_large_image\" \/>\n<meta name=\"twitter:label1\" content=\"Dur\u00e9e de lecture estim\u00e9e\" \/>\n\t<meta name=\"twitter:data1\" content=\"2 minutes\" \/>\n<script type=\"application\/ld+json\" class=\"yoast-schema-graph\">{\"@context\":\"https:\/\/schema.org\",\"@graph\":[{\"@type\":[\"WebPage\",\"ItemPage\"],\"@id\":\"https:\/\/elevatesurf.ch\/fr\/product\/atom-bar-2026\/\",\"url\":\"https:\/\/elevatesurf.ch\/fr\/product\/atom-bar-2026\/\",\"name\":\"ATOM BAR 2026 - Elevatesurf\",\"isPartOf\":{\"@id\":\"https:\/\/elevatesurf.ch\/#website\"},\"primaryImageOfPage\":{\"@id\":\"https:\/\/elevatesurf.ch\/fr\/product\/atom-bar-2026\/#primaryimage\"},\"image\":{\"@id\":\"https:\/\/elevatesurf.ch\/fr\/product\/atom-bar-2026\/#primaryimage\"},\"thumbnailUrl\":\"https:\/\/elevatesurf.ch\/wp-content\/uploads\/2026\/05\/atom-bar-2026-scaled.png\",\"datePublished\":\"2026-05-10T21:10:09+00:00\",\"dateModified\":\"2026-05-10T21:10:09+00:00\",\"description\":\"Elevatesurf ATOM BAR 2026\",\"breadcrumb\":{\"@id\":\"https:\/\/elevatesurf.ch\/fr\/product\/atom-bar-2026\/#breadcrumb\"},\"inLanguage\":\"fr-FR\",\"potentialAction\":[{\"@type\":\"ReadAction\",\"target\":[\"https:\/\/elevatesurf.ch\/fr\/product\/atom-bar-2026\/\"]}]},{\"@type\":\"ImageObject\",\"inLanguage\":\"fr-FR\",\"@id\":\"https:\/\/elevatesurf.ch\/fr\/product\/atom-bar-2026\/#primaryimage\",\"url\":\"https:\/\/elevatesurf.ch\/wp-content\/uploads\/2026\/05\/atom-bar-2026-scaled.png\",\"contentUrl\":\"https:\/\/elevatesurf.ch\/wp-content\/uploads\/2026\/05\/atom-bar-2026-scaled.png\",\"width\":2560,\"height\":2560},{\"@type\":\"BreadcrumbList\",\"@id\":\"https:\/\/elevatesurf.ch\/fr\/product\/atom-bar-2026\/#breadcrumb\",\"itemListElement\":[{\"@type\":\"ListItem\",\"position\":1,\"name\":\"Accueil\",\"item\":\"https:\/\/elevatesurf.ch\/\"},{\"@type\":\"ListItem\",\"position\":2,\"name\":\"Shop &#8211; \u00c9levez Votre Exp\u00e9rience de Surf avec Notre Collection\",\"item\":\"https:\/\/elevatesurf.ch\/shop\/\"},{\"@type\":\"ListItem\",\"position\":3,\"name\":\"ATOM BAR 2026\"}]},{\"@type\":\"WebSite\",\"@id\":\"https:\/\/elevatesurf.ch\/#website\",\"url\":\"https:\/\/elevatesurf.ch\/\",\"name\":\"Elevatesurf\",\"description\":\"Surfez vers de nouveaux sommets avec ElevateSurf ! Kiteshop, Wingshop\",\"publisher\":{\"@id\":\"https:\/\/elevatesurf.ch\/#organization\"},\"potentialAction\":[{\"@type\":\"SearchAction\",\"target\":{\"@type\":\"EntryPoint\",\"urlTemplate\":\"https:\/\/elevatesurf.ch\/?s={search_term_string}\"},\"query-input\":\"required name=search_term_string\"}],\"inLanguage\":\"fr-FR\"},{\"@type\":\"Organization\",\"@id\":\"https:\/\/elevatesurf.ch\/#organization\",\"name\":\"Elevatesurf\",\"url\":\"https:\/\/elevatesurf.ch\/\",\"logo\":{\"@type\":\"ImageObject\",\"inLanguage\":\"fr-FR\",\"@id\":\"https:\/\/elevatesurf.ch\/#\/schema\/logo\/image\/\",\"url\":\"https:\/\/elevatesurf.ch\/wp-content\/uploads\/2024\/06\/67c2ec70-bdf5-4c14-898a-ded5b2051398.jpg\",\"contentUrl\":\"https:\/\/elevatesurf.ch\/wp-content\/uploads\/2024\/06\/67c2ec70-bdf5-4c14-898a-ded5b2051398.jpg\",\"width\":1024,\"height\":1024,\"caption\":\"Elevatesurf\"},\"image\":{\"@id\":\"https:\/\/elevatesurf.ch\/#\/schema\/logo\/image\/\"},\"sameAs\":[\"https:\/\/www.instagram.com\/elevate__surf\/\"]}]}<\/script>\n<!-- \/ Yoast SEO plugin. -->","yoast_head_json":{"title":"ATOM BAR 2026 - Elevatesurf","description":"Elevatesurf ATOM BAR 2026","robots":{"index":"index","follow":"follow","max-snippet":"max-snippet:-1","max-image-preview":"max-image-preview:large","max-video-preview":"max-video-preview:-1"},"canonical":"https:\/\/elevatesurf.ch\/fr\/product\/atom-bar-2026\/","og_locale":"fr_FR","og_type":"article","og_title":"ATOM BAR 2026 - Elevatesurf","og_description":"Elevatesurf ATOM BAR 2026","og_url":"https:\/\/elevatesurf.ch\/fr\/product\/atom-bar-2026\/","og_site_name":"Elevatesurf","twitter_card":"summary_large_image","twitter_misc":{"Dur\u00e9e de lecture estim\u00e9e":"2 minutes"},"schema":{"@context":"https:\/\/schema.org","@graph":[{"@type":["WebPage","ItemPage"],"@id":"https:\/\/elevatesurf.ch\/fr\/product\/atom-bar-2026\/","url":"https:\/\/elevatesurf.ch\/fr\/product\/atom-bar-2026\/","name":"ATOM BAR 2026 - Elevatesurf","isPartOf":{"@id":"https:\/\/elevatesurf.ch\/#website"},"primaryImageOfPage":{"@id":"https:\/\/elevatesurf.ch\/fr\/product\/atom-bar-2026\/#primaryimage"},"image":{"@id":"https:\/\/elevatesurf.ch\/fr\/product\/atom-bar-2026\/#primaryimage"},"thumbnailUrl":"https:\/\/elevatesurf.ch\/wp-content\/uploads\/2026\/05\/atom-bar-2026-scaled.png","datePublished":"2026-05-10T21:10:09+00:00","dateModified":"2026-05-10T21:10:09+00:00","description":"Elevatesurf ATOM BAR 2026","breadcrumb":{"@id":"https:\/\/elevatesurf.ch\/fr\/product\/atom-bar-2026\/#breadcrumb"},"inLanguage":"fr-FR","potentialAction":[{"@type":"ReadAction","target":["https:\/\/elevatesurf.ch\/fr\/product\/atom-bar-2026\/"]}]},{"@type":"ImageObject","inLanguage":"fr-FR","@id":"https:\/\/elevatesurf.ch\/fr\/product\/atom-bar-2026\/#primaryimage","url":"https:\/\/elevatesurf.ch\/wp-content\/uploads\/2026\/05\/atom-bar-2026-scaled.png","contentUrl":"https:\/\/elevatesurf.ch\/wp-content\/uploads\/2026\/05\/atom-bar-2026-scaled.png","width":2560,"height":2560},{"@type":"BreadcrumbList","@id":"https:\/\/elevatesurf.ch\/fr\/product\/atom-bar-2026\/#breadcrumb","itemListElement":[{"@type":"ListItem","position":1,"name":"Accueil","item":"https:\/\/elevatesurf.ch\/"},{"@type":"ListItem","position":2,"name":"Shop &#8211; \u00c9levez Votre Exp\u00e9rience de Surf avec Notre Collection","item":"https:\/\/elevatesurf.ch\/shop\/"},{"@type":"ListItem","position":3,"name":"ATOM BAR 2026"}]},{"@type":"WebSite","@id":"https:\/\/elevatesurf.ch\/#website","url":"https:\/\/elevatesurf.ch\/","name":"Elevatesurf","description":"Surfez vers de nouveaux sommets avec ElevateSurf ! Kiteshop, Wingshop","publisher":{"@id":"https:\/\/elevatesurf.ch\/#organization"},"potentialAction":[{"@type":"SearchAction","target":{"@type":"EntryPoint","urlTemplate":"https:\/\/elevatesurf.ch\/?s={search_term_string}"},"query-input":"required name=search_term_string"}],"inLanguage":"fr-FR"},{"@type":"Organization","@id":"https:\/\/elevatesurf.ch\/#organization","name":"Elevatesurf","url":"https:\/\/elevatesurf.ch\/","logo":{"@type":"ImageObject","inLanguage":"fr-FR","@id":"https:\/\/elevatesurf.ch\/#\/schema\/logo\/image\/","url":"https:\/\/elevatesurf.ch\/wp-content\/uploads\/2024\/06\/67c2ec70-bdf5-4c14-898a-ded5b2051398.jpg","contentUrl":"https:\/\/elevatesurf.ch\/wp-content\/uploads\/2024\/06\/67c2ec70-bdf5-4c14-898a-ded5b2051398.jpg","width":1024,"height":1024,"caption":"Elevatesurf"},"image":{"@id":"https:\/\/elevatesurf.ch\/#\/schema\/logo\/image\/"},"sameAs":["https:\/\/www.instagram.com\/elevate__surf\/"]}]}},"_links":{"self":[{"href":"https:\/\/elevatesurf.ch\/fr\/wp-json\/wp\/v2\/product\/29082","targetHints":{"allow":["GET"]}}],"collection":[{"href":"https:\/\/elevatesurf.ch\/fr\/wp-json\/wp\/v2\/product"}],"about":[{"href":"https:\/\/elevatesurf.ch\/fr\/wp-json\/wp\/v2\/types\/product"}],"replies":[{"embeddable":true,"href":"https:\/\/elevatesurf.ch\/fr\/wp-json\/wp\/v2\/comments?post=29082"}],"wp:featuredmedia":[{"embeddable":true,"href":"https:\/\/elevatesurf.ch\/fr\/wp-json\/wp\/v2\/media\/29079"}],"wp:attachment":[{"href":"https:\/\/elevatesurf.ch\/fr\/wp-json\/wp\/v2\/media?parent=29082"}],"wp:term":[{"taxonomy":"product_cat","embeddable":true,"href":"https:\/\/elevatesurf.ch\/fr\/wp-json\/wp\/v2\/product_cat?post=29082"},{"taxonomy":"product_tag","embeddable":true,"href":"https:\/\/elevatesurf.ch\/fr\/wp-json\/wp\/v2\/product_tag?post=29082"}],"curies":[{"name":"wp","href":"https:\/\/api.w.org\/{rel}","templated":true}]}}