{"id":29094,"date":"2026-05-10T21:10:49","date_gmt":"2026-05-10T21:10:49","guid":{"rendered":"https:\/\/elevatesurf.ch\/fr\/product\/plane-phantom-s-carbon-740-monobloc-xs-160-carving\/"},"modified":"2026-05-10T21:10:49","modified_gmt":"2026-05-10T21:10:49","slug":"plane-phantom-s-carbon-740-monobloc-xs-160-carving","status":"publish","type":"product","link":"https:\/\/elevatesurf.ch\/fr\/product\/plane-phantom-s-carbon-740-monobloc-xs-160-carving\/","title":{"rendered":"PLANE PHANTOM S CARBON 740 (MONOBLOC XS 160 CARVING)"},"content":{"rendered":"<p>La gamme PHANTOM S s\u2019adresse aux riders confirm\u00e9s pr\u00eats \u00e0 passer au niveau sup\u00e9rieur en surf foil et wing foil. Tr\u00e8s maniables, ces foils ont du r\u00e9pondant et vous permettront de r\u00e9aliser autant de courbes serr\u00e9es que larges. Ils sont \u00e9galement excellents en wing foil freestyle, et vous aideront \u00e0 peaufiner vos tricks et sauts. Surfez des vagues encore plus grosses et gagnez encore plus en vitesse \u00e0 chaque session gr\u00e2ce \u00e0 ces foils.<\/p>\n<p>La PHANTOM S 740 est la plus petite de toute la gamme PHANTOM. Ce foil est destin\u00e9 aux surf foilers qui souhaitent continuer \u00e0 progresser et aux wing foilers d\u2019\u00e9lite. C\u2019est le choix parfait pour les grosses vagues, et sa petite surface le rend \u00e9galement tr\u00e8s efficace et agr\u00e9able en tow-in.<\/p>\n<p>Fabriqu\u00e9 en carbone pr\u00e9-preg avec la structure Monobloc, le foil est \u00e0 la fois tr\u00e8s l\u00e9ger et r\u00e9sistant. Cette configuration offre une meilleure transmission de la charge et une meilleure rigidit\u00e9 \u00e0 travers les diff\u00e9rentes parties pour un contr\u00f4le maximum. La connexion TITAN permet de raccorder un m\u00e2t en aluminium ou en carbone, et le fuselage est divis\u00e9 en deux parties pour faciliter le transport.<\/p>\n","protected":false},"excerpt":{"rendered":"<p>Gagnez en vitesse, am\u00e9liorez vos performances en freestyle, et profitez d\u2019un carving exceptionnel avec les foils de la gamme PHANTOM S.<\/p>\n<p>Aspect Ratio: 6.5<\/p>\n<p>Grande maniabilit\u00e9<\/p>\n<p>Permets un carving incroyable et des turns serr\u00e9s<\/p>\n<p>Id\u00e9al pour le surf et le freestyle<\/p>\n<p>Vitesse et glisse<\/p>\n<p>Disponible en 740 cm\u00b2\/840 cm\u00b2\/940 cm\u00b2<\/p>\n","protected":false},"featured_media":29091,"comment_status":"open","ping_status":"closed","template":"","meta":[],"product_cat":[1040,1046],"product_tag":[],"class_list":{"0":"post-29094","1":"product","2":"type-product","3":"status-publish","4":"has-post-thumbnail","6":"product_cat-foil","7":"product_cat-plane","8":"product_brand-f-one","10":"first","11":"outofstock","12":"shipping-taxable","13":"purchasable","14":"product-type-simple"},"yoast_head":"<!-- This site is optimized with the Yoast SEO plugin v22.8 - https:\/\/yoast.com\/wordpress\/plugins\/seo\/ -->\n<title>PLANE PHANTOM S CARBON 740 (MONOBLOC XS 160 CARVING) - Elevatesurf<\/title>\n<meta name=\"description\" content=\"Elevatesurf PLANE PHANTOM S CARBON 740 (MONOBLOC XS 160 CARVING)\" \/>\n<meta name=\"robots\" content=\"index, follow, max-snippet:-1, max-image-preview:large, max-video-preview:-1\" \/>\n<link rel=\"canonical\" href=\"https:\/\/elevatesurf.ch\/fr\/product\/plane-phantom-s-carbon-740-monobloc-xs-160-carving\/\" \/>\n<meta property=\"og:locale\" content=\"fr_FR\" \/>\n<meta property=\"og:type\" content=\"article\" \/>\n<meta property=\"og:title\" content=\"PLANE PHANTOM S CARBON 740 (MONOBLOC XS 160 CARVING) - Elevatesurf\" \/>\n<meta property=\"og:description\" content=\"Elevatesurf PLANE PHANTOM S CARBON 740 (MONOBLOC XS 160 CARVING)\" \/>\n<meta property=\"og:url\" content=\"https:\/\/elevatesurf.ch\/fr\/product\/plane-phantom-s-carbon-740-monobloc-xs-160-carving\/\" \/>\n<meta property=\"og:site_name\" content=\"Elevatesurf\" \/>\n<meta name=\"twitter:card\" content=\"summary_large_image\" \/>\n<meta name=\"twitter:label1\" content=\"Dur\u00e9e de lecture estim\u00e9e\" \/>\n\t<meta name=\"twitter:data1\" content=\"1 minute\" \/>\n<script type=\"application\/ld+json\" class=\"yoast-schema-graph\">{\"@context\":\"https:\/\/schema.org\",\"@graph\":[{\"@type\":[\"WebPage\",\"ItemPage\"],\"@id\":\"https:\/\/elevatesurf.ch\/fr\/product\/plane-phantom-s-carbon-740-monobloc-xs-160-carving\/\",\"url\":\"https:\/\/elevatesurf.ch\/fr\/product\/plane-phantom-s-carbon-740-monobloc-xs-160-carving\/\",\"name\":\"PLANE PHANTOM S CARBON 740 (MONOBLOC XS 160 CARVING) - Elevatesurf\",\"isPartOf\":{\"@id\":\"https:\/\/elevatesurf.ch\/#website\"},\"primaryImageOfPage\":{\"@id\":\"https:\/\/elevatesurf.ch\/fr\/product\/plane-phantom-s-carbon-740-monobloc-xs-160-carving\/#primaryimage\"},\"image\":{\"@id\":\"https:\/\/elevatesurf.ch\/fr\/product\/plane-phantom-s-carbon-740-monobloc-xs-160-carving\/#primaryimage\"},\"thumbnailUrl\":\"https:\/\/elevatesurf.ch\/wp-content\/uploads\/2026\/05\/plane-phantom-s-carbon-740-monobloc-xs-160-carving.png\",\"datePublished\":\"2026-05-10T21:10:49+00:00\",\"dateModified\":\"2026-05-10T21:10:49+00:00\",\"description\":\"Elevatesurf PLANE PHANTOM S CARBON 740 (MONOBLOC XS 160 CARVING)\",\"breadcrumb\":{\"@id\":\"https:\/\/elevatesurf.ch\/fr\/product\/plane-phantom-s-carbon-740-monobloc-xs-160-carving\/#breadcrumb\"},\"inLanguage\":\"fr-FR\",\"potentialAction\":[{\"@type\":\"ReadAction\",\"target\":[\"https:\/\/elevatesurf.ch\/fr\/product\/plane-phantom-s-carbon-740-monobloc-xs-160-carving\/\"]}]},{\"@type\":\"ImageObject\",\"inLanguage\":\"fr-FR\",\"@id\":\"https:\/\/elevatesurf.ch\/fr\/product\/plane-phantom-s-carbon-740-monobloc-xs-160-carving\/#primaryimage\",\"url\":\"https:\/\/elevatesurf.ch\/wp-content\/uploads\/2026\/05\/plane-phantom-s-carbon-740-monobloc-xs-160-carving.png\",\"contentUrl\":\"https:\/\/elevatesurf.ch\/wp-content\/uploads\/2026\/05\/plane-phantom-s-carbon-740-monobloc-xs-160-carving.png\",\"width\":2000,\"height\":2000},{\"@type\":\"BreadcrumbList\",\"@id\":\"https:\/\/elevatesurf.ch\/fr\/product\/plane-phantom-s-carbon-740-monobloc-xs-160-carving\/#breadcrumb\",\"itemListElement\":[{\"@type\":\"ListItem\",\"position\":1,\"name\":\"Accueil\",\"item\":\"https:\/\/elevatesurf.ch\/\"},{\"@type\":\"ListItem\",\"position\":2,\"name\":\"Shop &#8211; \u00c9levez Votre Exp\u00e9rience de Surf avec Notre Collection\",\"item\":\"https:\/\/elevatesurf.ch\/shop\/\"},{\"@type\":\"ListItem\",\"position\":3,\"name\":\"PLANE PHANTOM S CARBON 740 (MONOBLOC XS 160 CARVING)\"}]},{\"@type\":\"WebSite\",\"@id\":\"https:\/\/elevatesurf.ch\/#website\",\"url\":\"https:\/\/elevatesurf.ch\/\",\"name\":\"Elevatesurf\",\"description\":\"Surfez vers de nouveaux sommets avec ElevateSurf ! Kiteshop, Wingshop\",\"publisher\":{\"@id\":\"https:\/\/elevatesurf.ch\/#organization\"},\"potentialAction\":[{\"@type\":\"SearchAction\",\"target\":{\"@type\":\"EntryPoint\",\"urlTemplate\":\"https:\/\/elevatesurf.ch\/?s={search_term_string}\"},\"query-input\":\"required name=search_term_string\"}],\"inLanguage\":\"fr-FR\"},{\"@type\":\"Organization\",\"@id\":\"https:\/\/elevatesurf.ch\/#organization\",\"name\":\"Elevatesurf\",\"url\":\"https:\/\/elevatesurf.ch\/\",\"logo\":{\"@type\":\"ImageObject\",\"inLanguage\":\"fr-FR\",\"@id\":\"https:\/\/elevatesurf.ch\/#\/schema\/logo\/image\/\",\"url\":\"https:\/\/elevatesurf.ch\/wp-content\/uploads\/2024\/06\/67c2ec70-bdf5-4c14-898a-ded5b2051398.jpg\",\"contentUrl\":\"https:\/\/elevatesurf.ch\/wp-content\/uploads\/2024\/06\/67c2ec70-bdf5-4c14-898a-ded5b2051398.jpg\",\"width\":1024,\"height\":1024,\"caption\":\"Elevatesurf\"},\"image\":{\"@id\":\"https:\/\/elevatesurf.ch\/#\/schema\/logo\/image\/\"},\"sameAs\":[\"https:\/\/www.instagram.com\/elevate__surf\/\"]}]}<\/script>\n<!-- \/ Yoast SEO plugin. -->","yoast_head_json":{"title":"PLANE PHANTOM S CARBON 740 (MONOBLOC XS 160 CARVING) - Elevatesurf","description":"Elevatesurf PLANE PHANTOM S CARBON 740 (MONOBLOC XS 160 CARVING)","robots":{"index":"index","follow":"follow","max-snippet":"max-snippet:-1","max-image-preview":"max-image-preview:large","max-video-preview":"max-video-preview:-1"},"canonical":"https:\/\/elevatesurf.ch\/fr\/product\/plane-phantom-s-carbon-740-monobloc-xs-160-carving\/","og_locale":"fr_FR","og_type":"article","og_title":"PLANE PHANTOM S CARBON 740 (MONOBLOC XS 160 CARVING) - Elevatesurf","og_description":"Elevatesurf PLANE PHANTOM S CARBON 740 (MONOBLOC XS 160 CARVING)","og_url":"https:\/\/elevatesurf.ch\/fr\/product\/plane-phantom-s-carbon-740-monobloc-xs-160-carving\/","og_site_name":"Elevatesurf","twitter_card":"summary_large_image","twitter_misc":{"Dur\u00e9e de lecture estim\u00e9e":"1 minute"},"schema":{"@context":"https:\/\/schema.org","@graph":[{"@type":["WebPage","ItemPage"],"@id":"https:\/\/elevatesurf.ch\/fr\/product\/plane-phantom-s-carbon-740-monobloc-xs-160-carving\/","url":"https:\/\/elevatesurf.ch\/fr\/product\/plane-phantom-s-carbon-740-monobloc-xs-160-carving\/","name":"PLANE PHANTOM S CARBON 740 (MONOBLOC XS 160 CARVING) - Elevatesurf","isPartOf":{"@id":"https:\/\/elevatesurf.ch\/#website"},"primaryImageOfPage":{"@id":"https:\/\/elevatesurf.ch\/fr\/product\/plane-phantom-s-carbon-740-monobloc-xs-160-carving\/#primaryimage"},"image":{"@id":"https:\/\/elevatesurf.ch\/fr\/product\/plane-phantom-s-carbon-740-monobloc-xs-160-carving\/#primaryimage"},"thumbnailUrl":"https:\/\/elevatesurf.ch\/wp-content\/uploads\/2026\/05\/plane-phantom-s-carbon-740-monobloc-xs-160-carving.png","datePublished":"2026-05-10T21:10:49+00:00","dateModified":"2026-05-10T21:10:49+00:00","description":"Elevatesurf PLANE PHANTOM S CARBON 740 (MONOBLOC XS 160 CARVING)","breadcrumb":{"@id":"https:\/\/elevatesurf.ch\/fr\/product\/plane-phantom-s-carbon-740-monobloc-xs-160-carving\/#breadcrumb"},"inLanguage":"fr-FR","potentialAction":[{"@type":"ReadAction","target":["https:\/\/elevatesurf.ch\/fr\/product\/plane-phantom-s-carbon-740-monobloc-xs-160-carving\/"]}]},{"@type":"ImageObject","inLanguage":"fr-FR","@id":"https:\/\/elevatesurf.ch\/fr\/product\/plane-phantom-s-carbon-740-monobloc-xs-160-carving\/#primaryimage","url":"https:\/\/elevatesurf.ch\/wp-content\/uploads\/2026\/05\/plane-phantom-s-carbon-740-monobloc-xs-160-carving.png","contentUrl":"https:\/\/elevatesurf.ch\/wp-content\/uploads\/2026\/05\/plane-phantom-s-carbon-740-monobloc-xs-160-carving.png","width":2000,"height":2000},{"@type":"BreadcrumbList","@id":"https:\/\/elevatesurf.ch\/fr\/product\/plane-phantom-s-carbon-740-monobloc-xs-160-carving\/#breadcrumb","itemListElement":[{"@type":"ListItem","position":1,"name":"Accueil","item":"https:\/\/elevatesurf.ch\/"},{"@type":"ListItem","position":2,"name":"Shop &#8211; \u00c9levez Votre Exp\u00e9rience de Surf avec Notre Collection","item":"https:\/\/elevatesurf.ch\/shop\/"},{"@type":"ListItem","position":3,"name":"PLANE PHANTOM S CARBON 740 (MONOBLOC XS 160 CARVING)"}]},{"@type":"WebSite","@id":"https:\/\/elevatesurf.ch\/#website","url":"https:\/\/elevatesurf.ch\/","name":"Elevatesurf","description":"Surfez vers de nouveaux sommets avec ElevateSurf ! Kiteshop, Wingshop","publisher":{"@id":"https:\/\/elevatesurf.ch\/#organization"},"potentialAction":[{"@type":"SearchAction","target":{"@type":"EntryPoint","urlTemplate":"https:\/\/elevatesurf.ch\/?s={search_term_string}"},"query-input":"required name=search_term_string"}],"inLanguage":"fr-FR"},{"@type":"Organization","@id":"https:\/\/elevatesurf.ch\/#organization","name":"Elevatesurf","url":"https:\/\/elevatesurf.ch\/","logo":{"@type":"ImageObject","inLanguage":"fr-FR","@id":"https:\/\/elevatesurf.ch\/#\/schema\/logo\/image\/","url":"https:\/\/elevatesurf.ch\/wp-content\/uploads\/2024\/06\/67c2ec70-bdf5-4c14-898a-ded5b2051398.jpg","contentUrl":"https:\/\/elevatesurf.ch\/wp-content\/uploads\/2024\/06\/67c2ec70-bdf5-4c14-898a-ded5b2051398.jpg","width":1024,"height":1024,"caption":"Elevatesurf"},"image":{"@id":"https:\/\/elevatesurf.ch\/#\/schema\/logo\/image\/"},"sameAs":["https:\/\/www.instagram.com\/elevate__surf\/"]}]}},"_links":{"self":[{"href":"https:\/\/elevatesurf.ch\/fr\/wp-json\/wp\/v2\/product\/29094","targetHints":{"allow":["GET"]}}],"collection":[{"href":"https:\/\/elevatesurf.ch\/fr\/wp-json\/wp\/v2\/product"}],"about":[{"href":"https:\/\/elevatesurf.ch\/fr\/wp-json\/wp\/v2\/types\/product"}],"replies":[{"embeddable":true,"href":"https:\/\/elevatesurf.ch\/fr\/wp-json\/wp\/v2\/comments?post=29094"}],"wp:featuredmedia":[{"embeddable":true,"href":"https:\/\/elevatesurf.ch\/fr\/wp-json\/wp\/v2\/media\/29091"}],"wp:attachment":[{"href":"https:\/\/elevatesurf.ch\/fr\/wp-json\/wp\/v2\/media?parent=29094"}],"wp:term":[{"taxonomy":"product_cat","embeddable":true,"href":"https:\/\/elevatesurf.ch\/fr\/wp-json\/wp\/v2\/product_cat?post=29094"},{"taxonomy":"product_tag","embeddable":true,"href":"https:\/\/elevatesurf.ch\/fr\/wp-json\/wp\/v2\/product_tag?post=29094"}],"curies":[{"name":"wp","href":"https:\/\/api.w.org\/{rel}","templated":true}]}}