{"id":29132,"date":"2026-05-10T21:12:57","date_gmt":"2026-05-10T21:12:57","guid":{"rendered":"https:\/\/elevatesurf.ch\/fr\/product\/fw-momentum-916\/"},"modified":"2026-05-10T21:12:57","modified_gmt":"2026-05-10T21:12:57","slug":"fw-momentum-916","status":"publish","type":"product","link":"https:\/\/elevatesurf.ch\/fr\/product\/fw-momentum-916\/","title":{"rendered":"FW MOMENTUM 916"},"content":{"rendered":"<p>L\u2019expertise et l\u2019innovation de F-ONE dans le d\u00e9veloppement de foils ont constamment \u00e9tabli la norme pour les foils de haute performance comme la EAGLE, la SEVEN SEAS, la SK8, et plus r\u00e9cemment la EAGLE X. Avec le nouveau foil MOMENTUM, ce savoir-faire a \u00e9t\u00e9 pouss\u00e9 encore plus loin. Gr\u00e2ce \u00e0 des tests intensifs, des simulations avanc\u00e9es et une optimisation pr\u00e9cise du profil et du layup, F-ONE a peaufin\u00e9 chaque d\u00e9tail pour cr\u00e9er un foil \u00e0 la pointe de sa discipline, offrant une glisse et une efficacit\u00e9 in\u00e9gal\u00e9es dans chaque downwinder.<\/p>\n<p>La MOMENTUM a pour but de maximiser la glisse, vous permettant de voler toujours plus longtemps. Elle offre une stabilit\u00e9 incroyable m\u00eame \u00e0 grande vitesse, ce qui vous permet de connecter les bumps et d\u2019exploiter la houle au maximum.<\/p>\n<p>Avec un profil optimis\u00e9 et une rigidit\u00e9 accrue, la MOMENTUM assure un ride fluide et stable, sans g\u00eane ni perte de contr\u00f4le. Le design \u00e0 corde r\u00e9duite et \u00e0 allongement extr\u00eamement \u00e9lev\u00e9 offre une vitesse et une glisse remarquables, un bon pumping et une vitesse de d\u00e9crochage tr\u00e8s faible, tout en conservant de fortes capacit\u00e9s dans les virages notables pour un aspect ratio si \u00e9lev\u00e9.<\/p>\n<p>Con\u00e7u pour les courses de foil downwind en SUP ou en wing, ce foil b\u00e9n\u00e9ficie d\u2019un shape sp\u00e9cifique qui apporte non seulement une glisse exceptionnelle en plage haute, mais aussi des vitesses accessibles en plage basse, ce qui le rend \u00e9tonnamment efficace dans des conditions plus calmes et des d\u00e9parts sur des plans d\u2019eau plats.<\/p>\n<p>Fabriqu\u00e9 en carbone pr\u00e9-preg avec la structure Monobloc, le foil est \u00e0 la fois tr\u00e8s l\u00e9ger et r\u00e9sistant. Cette configuration offre une meilleure transmission de la charge et une meilleure rigidit\u00e9 \u00e0 travers les diff\u00e9rentes parties pour un contr\u00f4le maximum.<\/p>\n<p>L\u2019utilisation de carbone Ultra Haut Module (UHM), int\u00e9gr\u00e9 dans la Conception Structurelle Dynamique de F-ONE, apporte une raideur maximale pour plus de performances et un incroyable contr\u00f4le gr\u00e2ce \u00e0 un retour d\u2019informations instantan\u00e9s. Cela nous permet \u00e9galement de rendre le profil encore plus fin afin de minimiser la tra\u00een\u00e9e. La connexion TITAN permet de raccorder un m\u00e2t en aluminium ou en carbone.<\/p>\n<p>Allez plus vite, plus loin avec la MOMENTUM, la derni\u00e8re nouveaut\u00e9 pour le downwind de F-ONE.<\/p>\n","protected":false},"excerpt":{"rendered":"<p><strong>Sa propre ligne. Sa propre course. Son propre rythme.<\/strong><\/p>\n<p>D\u00e9j\u00e0 gagnante de courses prestigieuses de SUP foil downwind, dont la Moloka\u2019i to O\u2019ahu (M2O) 2024 sous les pieds d\u2019Edo Tanas, la MOMENTUM est con\u00e7ue pour les experts et fanatiques du downwind \u00e0 la recherche d\u2019une glisse infinie et d\u2019un temps de vol prolong\u00e9 en pleine mer.<\/p>\n<p>Aspect ratio: 16.5<\/p>\n<p>&#8211; Con\u00e7ue pour le SUP \/ wing foil downwind<br \/>&#8211; Glisse maximale<br \/>&#8211; Ultra stable de la plage basse aux grandes vitesses<br \/>&#8211; Portance tr\u00e8s efficace, m\u00eame dans les petites tailles<br \/>&#8211; Construction en carbone Ultra Haut Module (UHM)<\/p>\n<p>*Attention : Les downwinds n\u00e9cessitent une pr\u00e9paration physique, des dispositifs de s\u00e9curit\u00e9 appropri\u00e9s (leash, flashlight, gilet\u2026) et une assistance en mer.<br \/>N\u2019essayez pas de faire un downwind seul ni sans entrainement ad\u00e9quat<\/p>\n","protected":false},"featured_media":29131,"comment_status":"open","ping_status":"closed","template":"","meta":[],"product_cat":[1040,1044],"product_tag":[],"class_list":{"0":"post-29132","1":"product","2":"type-product","3":"status-publish","4":"has-post-thumbnail","6":"product_cat-foil","7":"product_cat-front-wing","8":"product_brand-f-one","10":"first","11":"instock","12":"shipping-taxable","13":"purchasable","14":"product-type-simple"},"yoast_head":"<!-- This site is optimized with the Yoast SEO plugin v22.8 - https:\/\/yoast.com\/wordpress\/plugins\/seo\/ -->\n<title>FW MOMENTUM 916 - Elevatesurf<\/title>\n<meta name=\"description\" content=\"Elevatesurf FW MOMENTUM 916\" \/>\n<meta name=\"robots\" content=\"index, follow, max-snippet:-1, max-image-preview:large, max-video-preview:-1\" \/>\n<link rel=\"canonical\" href=\"https:\/\/elevatesurf.ch\/fr\/product\/fw-momentum-916\/\" \/>\n<meta property=\"og:locale\" content=\"fr_FR\" \/>\n<meta property=\"og:type\" content=\"article\" \/>\n<meta property=\"og:title\" content=\"FW MOMENTUM 916 - Elevatesurf\" \/>\n<meta property=\"og:description\" content=\"Elevatesurf FW MOMENTUM 916\" \/>\n<meta property=\"og:url\" content=\"https:\/\/elevatesurf.ch\/fr\/product\/fw-momentum-916\/\" \/>\n<meta property=\"og:site_name\" content=\"Elevatesurf\" \/>\n<meta name=\"twitter:card\" content=\"summary_large_image\" \/>\n<meta name=\"twitter:label1\" content=\"Dur\u00e9e de lecture estim\u00e9e\" \/>\n\t<meta name=\"twitter:data1\" content=\"2 minutes\" \/>\n<script type=\"application\/ld+json\" class=\"yoast-schema-graph\">{\"@context\":\"https:\/\/schema.org\",\"@graph\":[{\"@type\":[\"WebPage\",\"ItemPage\"],\"@id\":\"https:\/\/elevatesurf.ch\/fr\/product\/fw-momentum-916\/\",\"url\":\"https:\/\/elevatesurf.ch\/fr\/product\/fw-momentum-916\/\",\"name\":\"FW MOMENTUM 916 - Elevatesurf\",\"isPartOf\":{\"@id\":\"https:\/\/elevatesurf.ch\/#website\"},\"primaryImageOfPage\":{\"@id\":\"https:\/\/elevatesurf.ch\/fr\/product\/fw-momentum-916\/#primaryimage\"},\"image\":{\"@id\":\"https:\/\/elevatesurf.ch\/fr\/product\/fw-momentum-916\/#primaryimage\"},\"thumbnailUrl\":\"https:\/\/elevatesurf.ch\/wp-content\/uploads\/2026\/05\/fw-momentum-916.jpg\",\"datePublished\":\"2026-05-10T21:12:57+00:00\",\"dateModified\":\"2026-05-10T21:12:57+00:00\",\"description\":\"Elevatesurf FW MOMENTUM 916\",\"breadcrumb\":{\"@id\":\"https:\/\/elevatesurf.ch\/fr\/product\/fw-momentum-916\/#breadcrumb\"},\"inLanguage\":\"fr-FR\",\"potentialAction\":[{\"@type\":\"ReadAction\",\"target\":[\"https:\/\/elevatesurf.ch\/fr\/product\/fw-momentum-916\/\"]}]},{\"@type\":\"ImageObject\",\"inLanguage\":\"fr-FR\",\"@id\":\"https:\/\/elevatesurf.ch\/fr\/product\/fw-momentum-916\/#primaryimage\",\"url\":\"https:\/\/elevatesurf.ch\/wp-content\/uploads\/2026\/05\/fw-momentum-916.jpg\",\"contentUrl\":\"https:\/\/elevatesurf.ch\/wp-content\/uploads\/2026\/05\/fw-momentum-916.jpg\",\"width\":1280,\"height\":1280},{\"@type\":\"BreadcrumbList\",\"@id\":\"https:\/\/elevatesurf.ch\/fr\/product\/fw-momentum-916\/#breadcrumb\",\"itemListElement\":[{\"@type\":\"ListItem\",\"position\":1,\"name\":\"Accueil\",\"item\":\"https:\/\/elevatesurf.ch\/\"},{\"@type\":\"ListItem\",\"position\":2,\"name\":\"Shop &#8211; \u00c9levez Votre Exp\u00e9rience de Surf avec Notre Collection\",\"item\":\"https:\/\/elevatesurf.ch\/shop\/\"},{\"@type\":\"ListItem\",\"position\":3,\"name\":\"FW MOMENTUM 916\"}]},{\"@type\":\"WebSite\",\"@id\":\"https:\/\/elevatesurf.ch\/#website\",\"url\":\"https:\/\/elevatesurf.ch\/\",\"name\":\"Elevatesurf\",\"description\":\"Surfez vers de nouveaux sommets avec ElevateSurf ! Kiteshop, Wingshop\",\"publisher\":{\"@id\":\"https:\/\/elevatesurf.ch\/#organization\"},\"potentialAction\":[{\"@type\":\"SearchAction\",\"target\":{\"@type\":\"EntryPoint\",\"urlTemplate\":\"https:\/\/elevatesurf.ch\/?s={search_term_string}\"},\"query-input\":\"required name=search_term_string\"}],\"inLanguage\":\"fr-FR\"},{\"@type\":\"Organization\",\"@id\":\"https:\/\/elevatesurf.ch\/#organization\",\"name\":\"Elevatesurf\",\"url\":\"https:\/\/elevatesurf.ch\/\",\"logo\":{\"@type\":\"ImageObject\",\"inLanguage\":\"fr-FR\",\"@id\":\"https:\/\/elevatesurf.ch\/#\/schema\/logo\/image\/\",\"url\":\"https:\/\/elevatesurf.ch\/wp-content\/uploads\/2024\/06\/67c2ec70-bdf5-4c14-898a-ded5b2051398.jpg\",\"contentUrl\":\"https:\/\/elevatesurf.ch\/wp-content\/uploads\/2024\/06\/67c2ec70-bdf5-4c14-898a-ded5b2051398.jpg\",\"width\":1024,\"height\":1024,\"caption\":\"Elevatesurf\"},\"image\":{\"@id\":\"https:\/\/elevatesurf.ch\/#\/schema\/logo\/image\/\"},\"sameAs\":[\"https:\/\/www.instagram.com\/elevate__surf\/\"]}]}<\/script>\n<!-- \/ Yoast SEO plugin. -->","yoast_head_json":{"title":"FW MOMENTUM 916 - Elevatesurf","description":"Elevatesurf FW MOMENTUM 916","robots":{"index":"index","follow":"follow","max-snippet":"max-snippet:-1","max-image-preview":"max-image-preview:large","max-video-preview":"max-video-preview:-1"},"canonical":"https:\/\/elevatesurf.ch\/fr\/product\/fw-momentum-916\/","og_locale":"fr_FR","og_type":"article","og_title":"FW MOMENTUM 916 - Elevatesurf","og_description":"Elevatesurf FW MOMENTUM 916","og_url":"https:\/\/elevatesurf.ch\/fr\/product\/fw-momentum-916\/","og_site_name":"Elevatesurf","twitter_card":"summary_large_image","twitter_misc":{"Dur\u00e9e de lecture estim\u00e9e":"2 minutes"},"schema":{"@context":"https:\/\/schema.org","@graph":[{"@type":["WebPage","ItemPage"],"@id":"https:\/\/elevatesurf.ch\/fr\/product\/fw-momentum-916\/","url":"https:\/\/elevatesurf.ch\/fr\/product\/fw-momentum-916\/","name":"FW MOMENTUM 916 - Elevatesurf","isPartOf":{"@id":"https:\/\/elevatesurf.ch\/#website"},"primaryImageOfPage":{"@id":"https:\/\/elevatesurf.ch\/fr\/product\/fw-momentum-916\/#primaryimage"},"image":{"@id":"https:\/\/elevatesurf.ch\/fr\/product\/fw-momentum-916\/#primaryimage"},"thumbnailUrl":"https:\/\/elevatesurf.ch\/wp-content\/uploads\/2026\/05\/fw-momentum-916.jpg","datePublished":"2026-05-10T21:12:57+00:00","dateModified":"2026-05-10T21:12:57+00:00","description":"Elevatesurf FW MOMENTUM 916","breadcrumb":{"@id":"https:\/\/elevatesurf.ch\/fr\/product\/fw-momentum-916\/#breadcrumb"},"inLanguage":"fr-FR","potentialAction":[{"@type":"ReadAction","target":["https:\/\/elevatesurf.ch\/fr\/product\/fw-momentum-916\/"]}]},{"@type":"ImageObject","inLanguage":"fr-FR","@id":"https:\/\/elevatesurf.ch\/fr\/product\/fw-momentum-916\/#primaryimage","url":"https:\/\/elevatesurf.ch\/wp-content\/uploads\/2026\/05\/fw-momentum-916.jpg","contentUrl":"https:\/\/elevatesurf.ch\/wp-content\/uploads\/2026\/05\/fw-momentum-916.jpg","width":1280,"height":1280},{"@type":"BreadcrumbList","@id":"https:\/\/elevatesurf.ch\/fr\/product\/fw-momentum-916\/#breadcrumb","itemListElement":[{"@type":"ListItem","position":1,"name":"Accueil","item":"https:\/\/elevatesurf.ch\/"},{"@type":"ListItem","position":2,"name":"Shop &#8211; \u00c9levez Votre Exp\u00e9rience de Surf avec Notre Collection","item":"https:\/\/elevatesurf.ch\/shop\/"},{"@type":"ListItem","position":3,"name":"FW MOMENTUM 916"}]},{"@type":"WebSite","@id":"https:\/\/elevatesurf.ch\/#website","url":"https:\/\/elevatesurf.ch\/","name":"Elevatesurf","description":"Surfez vers de nouveaux sommets avec ElevateSurf ! Kiteshop, Wingshop","publisher":{"@id":"https:\/\/elevatesurf.ch\/#organization"},"potentialAction":[{"@type":"SearchAction","target":{"@type":"EntryPoint","urlTemplate":"https:\/\/elevatesurf.ch\/?s={search_term_string}"},"query-input":"required name=search_term_string"}],"inLanguage":"fr-FR"},{"@type":"Organization","@id":"https:\/\/elevatesurf.ch\/#organization","name":"Elevatesurf","url":"https:\/\/elevatesurf.ch\/","logo":{"@type":"ImageObject","inLanguage":"fr-FR","@id":"https:\/\/elevatesurf.ch\/#\/schema\/logo\/image\/","url":"https:\/\/elevatesurf.ch\/wp-content\/uploads\/2024\/06\/67c2ec70-bdf5-4c14-898a-ded5b2051398.jpg","contentUrl":"https:\/\/elevatesurf.ch\/wp-content\/uploads\/2024\/06\/67c2ec70-bdf5-4c14-898a-ded5b2051398.jpg","width":1024,"height":1024,"caption":"Elevatesurf"},"image":{"@id":"https:\/\/elevatesurf.ch\/#\/schema\/logo\/image\/"},"sameAs":["https:\/\/www.instagram.com\/elevate__surf\/"]}]}},"_links":{"self":[{"href":"https:\/\/elevatesurf.ch\/fr\/wp-json\/wp\/v2\/product\/29132","targetHints":{"allow":["GET"]}}],"collection":[{"href":"https:\/\/elevatesurf.ch\/fr\/wp-json\/wp\/v2\/product"}],"about":[{"href":"https:\/\/elevatesurf.ch\/fr\/wp-json\/wp\/v2\/types\/product"}],"replies":[{"embeddable":true,"href":"https:\/\/elevatesurf.ch\/fr\/wp-json\/wp\/v2\/comments?post=29132"}],"wp:featuredmedia":[{"embeddable":true,"href":"https:\/\/elevatesurf.ch\/fr\/wp-json\/wp\/v2\/media\/29131"}],"wp:attachment":[{"href":"https:\/\/elevatesurf.ch\/fr\/wp-json\/wp\/v2\/media?parent=29132"}],"wp:term":[{"taxonomy":"product_cat","embeddable":true,"href":"https:\/\/elevatesurf.ch\/fr\/wp-json\/wp\/v2\/product_cat?post=29132"},{"taxonomy":"product_tag","embeddable":true,"href":"https:\/\/elevatesurf.ch\/fr\/wp-json\/wp\/v2\/product_tag?post=29132"}],"curies":[{"name":"wp","href":"https:\/\/api.w.org\/{rel}","templated":true}]}}