{"id":29148,"date":"2026-05-10T21:13:51","date_gmt":"2026-05-10T21:13:51","guid":{"rendered":"https:\/\/elevatesurf.ch\/fr\/product\/trax-with-unibox-50mm-slate\/"},"modified":"2026-05-10T21:14:02","modified_gmt":"2026-05-10T21:14:02","slug":"trax-with-unibox-50mm-slate","status":"publish","type":"product","link":"https:\/\/elevatesurf.ch\/fr\/product\/trax-with-unibox-50mm-slate\/","title":{"rendered":"TRAX WITH UNIBOX 50MM &#8211; SLATE"},"content":{"rendered":"<p>Le rocker est mod\u00e9r\u00e9 afin de garantir un d\u00e9part au planing rapide tout en gardant la glisse l\u00e9gendaire de la TRAX. La courbe de rocker est divis\u00e9e en trois parties distinctes avec une section plus plane au centre, ce qui est crucial pour avoir un bon cap sur l\u2019eau. La transition entre la section du milieu et les extr\u00e9mit\u00e9s de la planche a \u00e9t\u00e9 inspir\u00e9e du rocker de la WTF?! pour offrir le meilleur des pops.<\/p>\n<p>La car\u00e8ne poss\u00e8de un double concave profond ainsi que des channels aux extr\u00e9mit\u00e9s. Ces derniers offrent un grip et un contr\u00f4le impeccable, alors que le double concave est vraiment l\u2019\u00e9l\u00e9ment clef derri\u00e8re le confort et la stabilit\u00e9 de cette planche.<\/p>\n<p>Les rails sont inspir\u00e9s de notre construction Helical Rail Design (HRD), avec des sections plus \u00e9paisses au niveau des pieds pour un plus de portance et un meilleur \u00e9quilibre, tout en restant fines ailleurs pour faciliter le crantage.<\/p>\n<p>Le shape du pont est \u00e9pur\u00e9 pour plus de simplicit\u00e9 et un meilleur contact avec les pads.<\/p>\n<p>Le travail 3D effectu\u00e9 sur la section centrale, un autre h\u00e9ritage de la TRAX, permet de garder un lien plus ferme avec cette zone de la planche pour plus de pr\u00e9cision et plus de contr\u00f4le.<\/p>\n<p>Le concave profond associ\u00e9 au rail 3D permet une navigation au pr\u00e8s sans effort et d\u2019apporter des capacit\u00e9s de freeride impressionnantes \u00e0 la planche.\u00a0<\/p>\n<p>Sur l\u2019eau, elle est sensationnelle par sa douceur de navigation. Tout para\u00eet simple et intuitif. Glisse parfaite, excellent pop et r\u00e9ceptions faciles caract\u00e9risent son shape parfaitement \u00e9quilibr\u00e9.<\/p>\n<p>La TRAX est disponible en 4 tailles pour satisfaire un grand nombre de riders : 132x37cm, 133x38cm, 136\u00d740.5cm, et 137x42cm. Toutes sont \u00e9quip\u00e9es de nos ailerons UNIBOX 50mm qui offrent une meilleure vitesse et une glisse am\u00e9lior\u00e9e gr\u00e2ce \u00e0 leurs profils fins.<\/p>\n<p>\u00c9poustouflante en freeride, la TRAX est une planche fantastique autant pour les d\u00e9butants que pour les riders interm\u00e9diaires et avanc\u00e9s qui adorent naviguer dans toutes les conditions et qui souhaitent s\u2019essayer au freestyle et poser quelques tricks.\u00a0<\/p>\n","protected":false},"excerpt":{"rendered":"<p>Un v\u00e9ritable classique de notre gamme, la TRAX est r\u00e9solument tourn\u00e9e vers la qu\u00eate du jeu et du plaisir maximum. Cette board est fid\u00e8le \u00e0 l\u2019h\u00e9ritage de la lign\u00e9e TRAX et continue \u00e0 offrir un m\u00e9lange parfait de confort, performance et facilit\u00e9 d\u2019utilisation pour des sessions de freeride inoubliables.<\/p>\n<p>Une board performante en freeride et en remont\u00e9e au vent<\/p>\n<p>Des rails inspir\u00e9s de notre technologie HRD<\/p>\n<p>Une car\u00e8ne avec un double concave profond<\/p>\n<p>Un ride confortable dans toutes les conditions<\/p>\n","protected":false},"featured_media":29147,"comment_status":"open","ping_status":"closed","template":"","meta":[],"product_cat":[1048,134],"product_tag":[],"class_list":{"0":"post-29148","1":"product","2":"type-product","3":"status-publish","4":"has-post-thumbnail","6":"product_cat-twin-tips","7":"product_cat-kites","8":"product_brand-f-one","10":"first","11":"instock","12":"shipping-taxable","13":"purchasable","14":"product-type-variable"},"yoast_head":"<!-- This site is optimized with the Yoast SEO plugin v22.8 - https:\/\/yoast.com\/wordpress\/plugins\/seo\/ -->\n<title>TRAX WITH UNIBOX 50MM - SLATE - Elevatesurf<\/title>\n<meta name=\"description\" content=\"Elevatesurf TRAX WITH UNIBOX 50MM - SLATE\" \/>\n<meta name=\"robots\" content=\"index, follow, max-snippet:-1, max-image-preview:large, max-video-preview:-1\" \/>\n<link rel=\"canonical\" href=\"https:\/\/elevatesurf.ch\/fr\/product\/trax-with-unibox-50mm-slate\/\" \/>\n<meta property=\"og:locale\" content=\"fr_FR\" \/>\n<meta property=\"og:type\" content=\"article\" \/>\n<meta property=\"og:title\" content=\"TRAX WITH UNIBOX 50MM - SLATE - Elevatesurf\" \/>\n<meta property=\"og:description\" content=\"Elevatesurf TRAX WITH UNIBOX 50MM - SLATE\" \/>\n<meta property=\"og:url\" content=\"https:\/\/elevatesurf.ch\/fr\/product\/trax-with-unibox-50mm-slate\/\" \/>\n<meta property=\"og:site_name\" content=\"Elevatesurf\" \/>\n<meta property=\"article:modified_time\" content=\"2026-05-10T21:14:02+00:00\" \/>\n<meta name=\"twitter:card\" content=\"summary_large_image\" \/>\n<meta name=\"twitter:label1\" content=\"Dur\u00e9e de lecture estim\u00e9e\" \/>\n\t<meta name=\"twitter:data1\" content=\"2 minutes\" \/>\n<script type=\"application\/ld+json\" class=\"yoast-schema-graph\">{\"@context\":\"https:\/\/schema.org\",\"@graph\":[{\"@type\":[\"WebPage\",\"ItemPage\"],\"@id\":\"https:\/\/elevatesurf.ch\/fr\/product\/trax-with-unibox-50mm-slate\/\",\"url\":\"https:\/\/elevatesurf.ch\/fr\/product\/trax-with-unibox-50mm-slate\/\",\"name\":\"TRAX WITH UNIBOX 50MM - SLATE - Elevatesurf\",\"isPartOf\":{\"@id\":\"https:\/\/elevatesurf.ch\/#website\"},\"primaryImageOfPage\":{\"@id\":\"https:\/\/elevatesurf.ch\/fr\/product\/trax-with-unibox-50mm-slate\/#primaryimage\"},\"image\":{\"@id\":\"https:\/\/elevatesurf.ch\/fr\/product\/trax-with-unibox-50mm-slate\/#primaryimage\"},\"thumbnailUrl\":\"https:\/\/elevatesurf.ch\/wp-content\/uploads\/2026\/05\/trax-with-unibox-50mm-slate.jpg\",\"datePublished\":\"2026-05-10T21:13:51+00:00\",\"dateModified\":\"2026-05-10T21:14:02+00:00\",\"description\":\"Elevatesurf TRAX WITH UNIBOX 50MM - SLATE\",\"breadcrumb\":{\"@id\":\"https:\/\/elevatesurf.ch\/fr\/product\/trax-with-unibox-50mm-slate\/#breadcrumb\"},\"inLanguage\":\"fr-FR\",\"potentialAction\":[{\"@type\":\"ReadAction\",\"target\":[\"https:\/\/elevatesurf.ch\/fr\/product\/trax-with-unibox-50mm-slate\/\"]}]},{\"@type\":\"ImageObject\",\"inLanguage\":\"fr-FR\",\"@id\":\"https:\/\/elevatesurf.ch\/fr\/product\/trax-with-unibox-50mm-slate\/#primaryimage\",\"url\":\"https:\/\/elevatesurf.ch\/wp-content\/uploads\/2026\/05\/trax-with-unibox-50mm-slate.jpg\",\"contentUrl\":\"https:\/\/elevatesurf.ch\/wp-content\/uploads\/2026\/05\/trax-with-unibox-50mm-slate.jpg\",\"width\":1200,\"height\":1200},{\"@type\":\"BreadcrumbList\",\"@id\":\"https:\/\/elevatesurf.ch\/fr\/product\/trax-with-unibox-50mm-slate\/#breadcrumb\",\"itemListElement\":[{\"@type\":\"ListItem\",\"position\":1,\"name\":\"Accueil\",\"item\":\"https:\/\/elevatesurf.ch\/\"},{\"@type\":\"ListItem\",\"position\":2,\"name\":\"Shop &#8211; \u00c9levez Votre Exp\u00e9rience de Surf avec Notre Collection\",\"item\":\"https:\/\/elevatesurf.ch\/shop\/\"},{\"@type\":\"ListItem\",\"position\":3,\"name\":\"TRAX WITH UNIBOX 50MM &#8211; SLATE\"}]},{\"@type\":\"WebSite\",\"@id\":\"https:\/\/elevatesurf.ch\/#website\",\"url\":\"https:\/\/elevatesurf.ch\/\",\"name\":\"Elevatesurf\",\"description\":\"Surfez vers de nouveaux sommets avec ElevateSurf ! Kiteshop, Wingshop\",\"publisher\":{\"@id\":\"https:\/\/elevatesurf.ch\/#organization\"},\"potentialAction\":[{\"@type\":\"SearchAction\",\"target\":{\"@type\":\"EntryPoint\",\"urlTemplate\":\"https:\/\/elevatesurf.ch\/?s={search_term_string}\"},\"query-input\":\"required name=search_term_string\"}],\"inLanguage\":\"fr-FR\"},{\"@type\":\"Organization\",\"@id\":\"https:\/\/elevatesurf.ch\/#organization\",\"name\":\"Elevatesurf\",\"url\":\"https:\/\/elevatesurf.ch\/\",\"logo\":{\"@type\":\"ImageObject\",\"inLanguage\":\"fr-FR\",\"@id\":\"https:\/\/elevatesurf.ch\/#\/schema\/logo\/image\/\",\"url\":\"https:\/\/elevatesurf.ch\/wp-content\/uploads\/2024\/06\/67c2ec70-bdf5-4c14-898a-ded5b2051398.jpg\",\"contentUrl\":\"https:\/\/elevatesurf.ch\/wp-content\/uploads\/2024\/06\/67c2ec70-bdf5-4c14-898a-ded5b2051398.jpg\",\"width\":1024,\"height\":1024,\"caption\":\"Elevatesurf\"},\"image\":{\"@id\":\"https:\/\/elevatesurf.ch\/#\/schema\/logo\/image\/\"},\"sameAs\":[\"https:\/\/www.instagram.com\/elevate__surf\/\"]}]}<\/script>\n<!-- \/ Yoast SEO plugin. -->","yoast_head_json":{"title":"TRAX WITH UNIBOX 50MM - SLATE - Elevatesurf","description":"Elevatesurf TRAX WITH UNIBOX 50MM - SLATE","robots":{"index":"index","follow":"follow","max-snippet":"max-snippet:-1","max-image-preview":"max-image-preview:large","max-video-preview":"max-video-preview:-1"},"canonical":"https:\/\/elevatesurf.ch\/fr\/product\/trax-with-unibox-50mm-slate\/","og_locale":"fr_FR","og_type":"article","og_title":"TRAX WITH UNIBOX 50MM - SLATE - Elevatesurf","og_description":"Elevatesurf TRAX WITH UNIBOX 50MM - SLATE","og_url":"https:\/\/elevatesurf.ch\/fr\/product\/trax-with-unibox-50mm-slate\/","og_site_name":"Elevatesurf","article_modified_time":"2026-05-10T21:14:02+00:00","twitter_card":"summary_large_image","twitter_misc":{"Dur\u00e9e de lecture estim\u00e9e":"2 minutes"},"schema":{"@context":"https:\/\/schema.org","@graph":[{"@type":["WebPage","ItemPage"],"@id":"https:\/\/elevatesurf.ch\/fr\/product\/trax-with-unibox-50mm-slate\/","url":"https:\/\/elevatesurf.ch\/fr\/product\/trax-with-unibox-50mm-slate\/","name":"TRAX WITH UNIBOX 50MM - SLATE - Elevatesurf","isPartOf":{"@id":"https:\/\/elevatesurf.ch\/#website"},"primaryImageOfPage":{"@id":"https:\/\/elevatesurf.ch\/fr\/product\/trax-with-unibox-50mm-slate\/#primaryimage"},"image":{"@id":"https:\/\/elevatesurf.ch\/fr\/product\/trax-with-unibox-50mm-slate\/#primaryimage"},"thumbnailUrl":"https:\/\/elevatesurf.ch\/wp-content\/uploads\/2026\/05\/trax-with-unibox-50mm-slate.jpg","datePublished":"2026-05-10T21:13:51+00:00","dateModified":"2026-05-10T21:14:02+00:00","description":"Elevatesurf TRAX WITH UNIBOX 50MM - SLATE","breadcrumb":{"@id":"https:\/\/elevatesurf.ch\/fr\/product\/trax-with-unibox-50mm-slate\/#breadcrumb"},"inLanguage":"fr-FR","potentialAction":[{"@type":"ReadAction","target":["https:\/\/elevatesurf.ch\/fr\/product\/trax-with-unibox-50mm-slate\/"]}]},{"@type":"ImageObject","inLanguage":"fr-FR","@id":"https:\/\/elevatesurf.ch\/fr\/product\/trax-with-unibox-50mm-slate\/#primaryimage","url":"https:\/\/elevatesurf.ch\/wp-content\/uploads\/2026\/05\/trax-with-unibox-50mm-slate.jpg","contentUrl":"https:\/\/elevatesurf.ch\/wp-content\/uploads\/2026\/05\/trax-with-unibox-50mm-slate.jpg","width":1200,"height":1200},{"@type":"BreadcrumbList","@id":"https:\/\/elevatesurf.ch\/fr\/product\/trax-with-unibox-50mm-slate\/#breadcrumb","itemListElement":[{"@type":"ListItem","position":1,"name":"Accueil","item":"https:\/\/elevatesurf.ch\/"},{"@type":"ListItem","position":2,"name":"Shop &#8211; \u00c9levez Votre Exp\u00e9rience de Surf avec Notre Collection","item":"https:\/\/elevatesurf.ch\/shop\/"},{"@type":"ListItem","position":3,"name":"TRAX WITH UNIBOX 50MM &#8211; SLATE"}]},{"@type":"WebSite","@id":"https:\/\/elevatesurf.ch\/#website","url":"https:\/\/elevatesurf.ch\/","name":"Elevatesurf","description":"Surfez vers de nouveaux sommets avec ElevateSurf ! Kiteshop, Wingshop","publisher":{"@id":"https:\/\/elevatesurf.ch\/#organization"},"potentialAction":[{"@type":"SearchAction","target":{"@type":"EntryPoint","urlTemplate":"https:\/\/elevatesurf.ch\/?s={search_term_string}"},"query-input":"required name=search_term_string"}],"inLanguage":"fr-FR"},{"@type":"Organization","@id":"https:\/\/elevatesurf.ch\/#organization","name":"Elevatesurf","url":"https:\/\/elevatesurf.ch\/","logo":{"@type":"ImageObject","inLanguage":"fr-FR","@id":"https:\/\/elevatesurf.ch\/#\/schema\/logo\/image\/","url":"https:\/\/elevatesurf.ch\/wp-content\/uploads\/2024\/06\/67c2ec70-bdf5-4c14-898a-ded5b2051398.jpg","contentUrl":"https:\/\/elevatesurf.ch\/wp-content\/uploads\/2024\/06\/67c2ec70-bdf5-4c14-898a-ded5b2051398.jpg","width":1024,"height":1024,"caption":"Elevatesurf"},"image":{"@id":"https:\/\/elevatesurf.ch\/#\/schema\/logo\/image\/"},"sameAs":["https:\/\/www.instagram.com\/elevate__surf\/"]}]}},"_links":{"self":[{"href":"https:\/\/elevatesurf.ch\/fr\/wp-json\/wp\/v2\/product\/29148","targetHints":{"allow":["GET"]}}],"collection":[{"href":"https:\/\/elevatesurf.ch\/fr\/wp-json\/wp\/v2\/product"}],"about":[{"href":"https:\/\/elevatesurf.ch\/fr\/wp-json\/wp\/v2\/types\/product"}],"replies":[{"embeddable":true,"href":"https:\/\/elevatesurf.ch\/fr\/wp-json\/wp\/v2\/comments?post=29148"}],"wp:featuredmedia":[{"embeddable":true,"href":"https:\/\/elevatesurf.ch\/fr\/wp-json\/wp\/v2\/media\/29147"}],"wp:attachment":[{"href":"https:\/\/elevatesurf.ch\/fr\/wp-json\/wp\/v2\/media?parent=29148"}],"wp:term":[{"taxonomy":"product_cat","embeddable":true,"href":"https:\/\/elevatesurf.ch\/fr\/wp-json\/wp\/v2\/product_cat?post=29148"},{"taxonomy":"product_tag","embeddable":true,"href":"https:\/\/elevatesurf.ch\/fr\/wp-json\/wp\/v2\/product_tag?post=29148"}],"curies":[{"name":"wp","href":"https:\/\/api.w.org\/{rel}","templated":true}]}}