{"id":29175,"date":"2026-05-10T21:15:33","date_gmt":"2026-05-10T21:15:33","guid":{"rendered":"https:\/\/elevatesurf.ch\/fr\/product\/alu-fuselage-74-surf\/"},"modified":"2026-05-10T21:15:33","modified_gmt":"2026-05-10T21:15:33","slug":"alu-fuselage-74-surf","status":"publish","type":"product","link":"https:\/\/elevatesurf.ch\/fr\/product\/alu-fuselage-74-surf\/","title":{"rendered":"ALU FUSELAGE 74 SURF"},"content":{"rendered":"<p>Le Fuselage Alu 74 SURF F-ONE assure une connexion ultra rigide de l\u2019aile. Construit en aluminium, il est tr\u00e8s rigide et permet de fixer les ailes avant et stabilisateurs sans effort.<\/p>\n<p>\u2022 Stabilit\u00e9 id\u00e9ale<br \/>\u2022 Robuste et durable<\/p>\n<p>Ce fuselage se connecte directement \u00e0 un m\u00e2t en aluminium F-ONE. Il est construit \u00e0 base d\u2019un alliage d\u2019aluminium de grade sup\u00e9rieur 6061, usin\u00e9 CNC avec une grande pr\u00e9cision et enti\u00e8rement anodis\u00e9. Les profils en aluminium profitent de l\u2019homog\u00e9n\u00e9it\u00e9 de ce mat\u00e9riau pour offrir une rigidit\u00e9 parfaite, tant en torsion qu\u2019en flexion.<\/p>\n<p>Ce fuselage est livr\u00e9 avec la visserie pour connecter le m\u00e2t (2x M6-25mm) et le stabilisateur (2x M6-15mm).<\/p>\n<p>Vous ne pouvez pas monter de m\u00e2t carbone sur ce fuselage.<\/p>\n<p>POIDS : 0.97 kg<\/p>\n<p>TAILLE : 74 cm<\/p>\n","protected":false},"excerpt":{"rendered":"<p>Le Fuselage Alu 74 SURF F-ONE assure une connexion ultra rigide de l\u2019aile. Construit en aluminium, il est tr\u00e8s rigide et permet de fixer les ailes avant et stabilisateurs sans effort.<\/p>\n<p>\u2022 Stabilit\u00e9 id\u00e9ale<br \/>\u2022 Robuste et durable<\/p>\n","protected":false},"featured_media":29174,"comment_status":"open","ping_status":"closed","template":"","meta":[],"product_cat":[1040,1041],"product_tag":[],"class_list":{"0":"post-29175","1":"product","2":"type-product","3":"status-publish","4":"has-post-thumbnail","6":"product_cat-foil","7":"product_cat-spare-parts","8":"product_brand-f-one","10":"first","11":"instock","12":"shipping-taxable","13":"purchasable","14":"product-type-simple"},"yoast_head":"<!-- This site is optimized with the Yoast SEO plugin v22.8 - https:\/\/yoast.com\/wordpress\/plugins\/seo\/ -->\n<title>ALU FUSELAGE 74 SURF - Elevatesurf<\/title>\n<meta name=\"description\" content=\"Elevatesurf ALU FUSELAGE 74 SURF\" \/>\n<meta name=\"robots\" content=\"index, follow, max-snippet:-1, max-image-preview:large, max-video-preview:-1\" \/>\n<link rel=\"canonical\" href=\"https:\/\/elevatesurf.ch\/fr\/product\/alu-fuselage-74-surf\/\" \/>\n<meta property=\"og:locale\" content=\"fr_FR\" \/>\n<meta property=\"og:type\" content=\"article\" \/>\n<meta property=\"og:title\" content=\"ALU FUSELAGE 74 SURF - Elevatesurf\" \/>\n<meta property=\"og:description\" content=\"Elevatesurf ALU FUSELAGE 74 SURF\" \/>\n<meta property=\"og:url\" content=\"https:\/\/elevatesurf.ch\/fr\/product\/alu-fuselage-74-surf\/\" \/>\n<meta property=\"og:site_name\" content=\"Elevatesurf\" \/>\n<meta name=\"twitter:card\" content=\"summary_large_image\" \/>\n<meta name=\"twitter:label1\" content=\"Dur\u00e9e de lecture estim\u00e9e\" \/>\n\t<meta name=\"twitter:data1\" content=\"1 minute\" \/>\n<script type=\"application\/ld+json\" class=\"yoast-schema-graph\">{\"@context\":\"https:\/\/schema.org\",\"@graph\":[{\"@type\":[\"WebPage\",\"ItemPage\"],\"@id\":\"https:\/\/elevatesurf.ch\/fr\/product\/alu-fuselage-74-surf\/\",\"url\":\"https:\/\/elevatesurf.ch\/fr\/product\/alu-fuselage-74-surf\/\",\"name\":\"ALU FUSELAGE 74 SURF - Elevatesurf\",\"isPartOf\":{\"@id\":\"https:\/\/elevatesurf.ch\/#website\"},\"primaryImageOfPage\":{\"@id\":\"https:\/\/elevatesurf.ch\/fr\/product\/alu-fuselage-74-surf\/#primaryimage\"},\"image\":{\"@id\":\"https:\/\/elevatesurf.ch\/fr\/product\/alu-fuselage-74-surf\/#primaryimage\"},\"thumbnailUrl\":\"https:\/\/elevatesurf.ch\/wp-content\/uploads\/2026\/05\/alu-fuselage-74-surf.jpg\",\"datePublished\":\"2026-05-10T21:15:33+00:00\",\"dateModified\":\"2026-05-10T21:15:33+00:00\",\"description\":\"Elevatesurf ALU FUSELAGE 74 SURF\",\"breadcrumb\":{\"@id\":\"https:\/\/elevatesurf.ch\/fr\/product\/alu-fuselage-74-surf\/#breadcrumb\"},\"inLanguage\":\"fr-FR\",\"potentialAction\":[{\"@type\":\"ReadAction\",\"target\":[\"https:\/\/elevatesurf.ch\/fr\/product\/alu-fuselage-74-surf\/\"]}]},{\"@type\":\"ImageObject\",\"inLanguage\":\"fr-FR\",\"@id\":\"https:\/\/elevatesurf.ch\/fr\/product\/alu-fuselage-74-surf\/#primaryimage\",\"url\":\"https:\/\/elevatesurf.ch\/wp-content\/uploads\/2026\/05\/alu-fuselage-74-surf.jpg\",\"contentUrl\":\"https:\/\/elevatesurf.ch\/wp-content\/uploads\/2026\/05\/alu-fuselage-74-surf.jpg\",\"width\":2000,\"height\":2000},{\"@type\":\"BreadcrumbList\",\"@id\":\"https:\/\/elevatesurf.ch\/fr\/product\/alu-fuselage-74-surf\/#breadcrumb\",\"itemListElement\":[{\"@type\":\"ListItem\",\"position\":1,\"name\":\"Accueil\",\"item\":\"https:\/\/elevatesurf.ch\/\"},{\"@type\":\"ListItem\",\"position\":2,\"name\":\"Shop &#8211; \u00c9levez Votre Exp\u00e9rience de Surf avec Notre Collection\",\"item\":\"https:\/\/elevatesurf.ch\/shop\/\"},{\"@type\":\"ListItem\",\"position\":3,\"name\":\"ALU FUSELAGE 74 SURF\"}]},{\"@type\":\"WebSite\",\"@id\":\"https:\/\/elevatesurf.ch\/#website\",\"url\":\"https:\/\/elevatesurf.ch\/\",\"name\":\"Elevatesurf\",\"description\":\"Surfez vers de nouveaux sommets avec ElevateSurf ! Kiteshop, Wingshop\",\"publisher\":{\"@id\":\"https:\/\/elevatesurf.ch\/#organization\"},\"potentialAction\":[{\"@type\":\"SearchAction\",\"target\":{\"@type\":\"EntryPoint\",\"urlTemplate\":\"https:\/\/elevatesurf.ch\/?s={search_term_string}\"},\"query-input\":\"required name=search_term_string\"}],\"inLanguage\":\"fr-FR\"},{\"@type\":\"Organization\",\"@id\":\"https:\/\/elevatesurf.ch\/#organization\",\"name\":\"Elevatesurf\",\"url\":\"https:\/\/elevatesurf.ch\/\",\"logo\":{\"@type\":\"ImageObject\",\"inLanguage\":\"fr-FR\",\"@id\":\"https:\/\/elevatesurf.ch\/#\/schema\/logo\/image\/\",\"url\":\"https:\/\/elevatesurf.ch\/wp-content\/uploads\/2024\/06\/67c2ec70-bdf5-4c14-898a-ded5b2051398.jpg\",\"contentUrl\":\"https:\/\/elevatesurf.ch\/wp-content\/uploads\/2024\/06\/67c2ec70-bdf5-4c14-898a-ded5b2051398.jpg\",\"width\":1024,\"height\":1024,\"caption\":\"Elevatesurf\"},\"image\":{\"@id\":\"https:\/\/elevatesurf.ch\/#\/schema\/logo\/image\/\"},\"sameAs\":[\"https:\/\/www.instagram.com\/elevate__surf\/\"]}]}<\/script>\n<!-- \/ Yoast SEO plugin. -->","yoast_head_json":{"title":"ALU FUSELAGE 74 SURF - Elevatesurf","description":"Elevatesurf ALU FUSELAGE 74 SURF","robots":{"index":"index","follow":"follow","max-snippet":"max-snippet:-1","max-image-preview":"max-image-preview:large","max-video-preview":"max-video-preview:-1"},"canonical":"https:\/\/elevatesurf.ch\/fr\/product\/alu-fuselage-74-surf\/","og_locale":"fr_FR","og_type":"article","og_title":"ALU FUSELAGE 74 SURF - Elevatesurf","og_description":"Elevatesurf ALU FUSELAGE 74 SURF","og_url":"https:\/\/elevatesurf.ch\/fr\/product\/alu-fuselage-74-surf\/","og_site_name":"Elevatesurf","twitter_card":"summary_large_image","twitter_misc":{"Dur\u00e9e de lecture estim\u00e9e":"1 minute"},"schema":{"@context":"https:\/\/schema.org","@graph":[{"@type":["WebPage","ItemPage"],"@id":"https:\/\/elevatesurf.ch\/fr\/product\/alu-fuselage-74-surf\/","url":"https:\/\/elevatesurf.ch\/fr\/product\/alu-fuselage-74-surf\/","name":"ALU FUSELAGE 74 SURF - Elevatesurf","isPartOf":{"@id":"https:\/\/elevatesurf.ch\/#website"},"primaryImageOfPage":{"@id":"https:\/\/elevatesurf.ch\/fr\/product\/alu-fuselage-74-surf\/#primaryimage"},"image":{"@id":"https:\/\/elevatesurf.ch\/fr\/product\/alu-fuselage-74-surf\/#primaryimage"},"thumbnailUrl":"https:\/\/elevatesurf.ch\/wp-content\/uploads\/2026\/05\/alu-fuselage-74-surf.jpg","datePublished":"2026-05-10T21:15:33+00:00","dateModified":"2026-05-10T21:15:33+00:00","description":"Elevatesurf ALU FUSELAGE 74 SURF","breadcrumb":{"@id":"https:\/\/elevatesurf.ch\/fr\/product\/alu-fuselage-74-surf\/#breadcrumb"},"inLanguage":"fr-FR","potentialAction":[{"@type":"ReadAction","target":["https:\/\/elevatesurf.ch\/fr\/product\/alu-fuselage-74-surf\/"]}]},{"@type":"ImageObject","inLanguage":"fr-FR","@id":"https:\/\/elevatesurf.ch\/fr\/product\/alu-fuselage-74-surf\/#primaryimage","url":"https:\/\/elevatesurf.ch\/wp-content\/uploads\/2026\/05\/alu-fuselage-74-surf.jpg","contentUrl":"https:\/\/elevatesurf.ch\/wp-content\/uploads\/2026\/05\/alu-fuselage-74-surf.jpg","width":2000,"height":2000},{"@type":"BreadcrumbList","@id":"https:\/\/elevatesurf.ch\/fr\/product\/alu-fuselage-74-surf\/#breadcrumb","itemListElement":[{"@type":"ListItem","position":1,"name":"Accueil","item":"https:\/\/elevatesurf.ch\/"},{"@type":"ListItem","position":2,"name":"Shop &#8211; \u00c9levez Votre Exp\u00e9rience de Surf avec Notre Collection","item":"https:\/\/elevatesurf.ch\/shop\/"},{"@type":"ListItem","position":3,"name":"ALU FUSELAGE 74 SURF"}]},{"@type":"WebSite","@id":"https:\/\/elevatesurf.ch\/#website","url":"https:\/\/elevatesurf.ch\/","name":"Elevatesurf","description":"Surfez vers de nouveaux sommets avec ElevateSurf ! Kiteshop, Wingshop","publisher":{"@id":"https:\/\/elevatesurf.ch\/#organization"},"potentialAction":[{"@type":"SearchAction","target":{"@type":"EntryPoint","urlTemplate":"https:\/\/elevatesurf.ch\/?s={search_term_string}"},"query-input":"required name=search_term_string"}],"inLanguage":"fr-FR"},{"@type":"Organization","@id":"https:\/\/elevatesurf.ch\/#organization","name":"Elevatesurf","url":"https:\/\/elevatesurf.ch\/","logo":{"@type":"ImageObject","inLanguage":"fr-FR","@id":"https:\/\/elevatesurf.ch\/#\/schema\/logo\/image\/","url":"https:\/\/elevatesurf.ch\/wp-content\/uploads\/2024\/06\/67c2ec70-bdf5-4c14-898a-ded5b2051398.jpg","contentUrl":"https:\/\/elevatesurf.ch\/wp-content\/uploads\/2024\/06\/67c2ec70-bdf5-4c14-898a-ded5b2051398.jpg","width":1024,"height":1024,"caption":"Elevatesurf"},"image":{"@id":"https:\/\/elevatesurf.ch\/#\/schema\/logo\/image\/"},"sameAs":["https:\/\/www.instagram.com\/elevate__surf\/"]}]}},"_links":{"self":[{"href":"https:\/\/elevatesurf.ch\/fr\/wp-json\/wp\/v2\/product\/29175","targetHints":{"allow":["GET"]}}],"collection":[{"href":"https:\/\/elevatesurf.ch\/fr\/wp-json\/wp\/v2\/product"}],"about":[{"href":"https:\/\/elevatesurf.ch\/fr\/wp-json\/wp\/v2\/types\/product"}],"replies":[{"embeddable":true,"href":"https:\/\/elevatesurf.ch\/fr\/wp-json\/wp\/v2\/comments?post=29175"}],"wp:featuredmedia":[{"embeddable":true,"href":"https:\/\/elevatesurf.ch\/fr\/wp-json\/wp\/v2\/media\/29174"}],"wp:attachment":[{"href":"https:\/\/elevatesurf.ch\/fr\/wp-json\/wp\/v2\/media?parent=29175"}],"wp:term":[{"taxonomy":"product_cat","embeddable":true,"href":"https:\/\/elevatesurf.ch\/fr\/wp-json\/wp\/v2\/product_cat?post=29175"},{"taxonomy":"product_tag","embeddable":true,"href":"https:\/\/elevatesurf.ch\/fr\/wp-json\/wp\/v2\/product_tag?post=29175"}],"curies":[{"name":"wp","href":"https:\/\/api.w.org\/{rel}","templated":true}]}}