{"id":29256,"date":"2026-05-11T04:15:26","date_gmt":"2026-05-11T04:15:26","guid":{"rendered":"https:\/\/elevatesurf.ch\/fr\/product\/rocket-surf\/"},"modified":"2026-05-11T04:15:40","modified_gmt":"2026-05-11T04:15:40","slug":"rocket-surf","status":"publish","type":"product","link":"https:\/\/elevatesurf.ch\/fr\/product\/rocket-surf\/","title":{"rendered":"ROCKET SURF"},"content":{"rendered":"<p>La ROCKET SURF est une planche tr\u00e8s \u00e9quilibr\u00e9e et maniable en tout temps, vous aidant \u00e0 prendre toutes les vagues possibles. Elle est r\u00e9active, stable, facile \u00e0 faire d\u00e9coller, et procurera un contr\u00f4le incroyable pendant toute la navigation.<\/p>\n<p>La ROCKET SURF est maintenant l\u00e9g\u00e8rement plus \u00e9troite et plus longue, tout en conservant son shape intemporel pour rester au plus proche de la simplicit\u00e9 du pur surf. La planche est \u00e9galement joueuse et facilement maniable gr\u00e2ce \u00e0 son shape compact.<\/p>\n<p>Son outline bien proportionn\u00e9 permet une bonne r\u00e9partition du volume, ce qui apporte stabilit\u00e9 dans l\u2019eau et en l\u2019air. Nous avons \u00e9galement plac\u00e9 le maximum de volume au niveau du buste afin de faciliter la rame et le d\u00e9collage. Le rocker a \u00e9t\u00e9 ajust\u00e9 pour am\u00e9liorer l\u2019\u00e9quilibre pied avant\/pied arri\u00e8re, ainsi que le pumping et la relance.<\/p>\n<p>Son nouveau squash tail permet une prise d\u2019angle maximum dans vos virages tout en contr\u00f4le et sans toucher l\u2019eau. Le double concave tr\u00e8s creus\u00e9 sous la car\u00e8ne fera en sorte que la board ne colle pas \u00e0 l\u2019eau en cas de touchette. Le step marqu\u00e9 sur la car\u00e8ne et les bevels r\u00e9duit aussi la train\u00e9e pour un meilleur d\u00e9part au planing et des acc\u00e9l\u00e9rations plus franches.<\/p>\n<p>Le pont concave abaisse le centre de gravit\u00e9 et rapproche les pieds du foil, permettant ainsi un positionnement plus naturel et un meilleur contr\u00f4le en l\u2019air. Il aide aussi au take-off pour passer les genoux et les pieds.<\/p>\n<p>La construction en bambou et les renforts en bambou sur le pont am\u00e8nent l\u00e9g\u00e8ret\u00e9, durabilit\u00e9 et une r\u00e9sistance accrue \u00e0 la planche.<\/p>\n<p>La gamme ROCKET SURF a \u00e9t\u00e9 agrandie et revisit\u00e9e pour inclure d\u00e9sormais six tailles allant de 4\u20193 (25L) \u00e0 4\u201911 (40L). Nous proposons \u00e9galement de nouvelles tailles avec un ratio longueur\/volume diff\u00e9rent : 4\u20193+ et 4\u20195+. Ces deux planches sont plus larges et surtout plus \u00e9paisses afin d\u2019offrir une alternative pour les riders qui rament peu et qui peuvent ainsi privil\u00e9gier une longueur plus petite \u00e0 volume \u00e9gal.<\/p>\n<p>Toutes les planches sont \u00e9quip\u00e9es d\u2019un pad complet et du syst\u00e8me Twin-Tracks pour une compatibilit\u00e9 avec le maximum de foils. La ROCKET SURF ne comporte plus d\u2019inserts de straps \u00e0 partir de cette ann\u00e9e.<\/p>\n","protected":false},"excerpt":{"rendered":"<p>Sp\u00e9cifiquement con\u00e7ue pour le surf foil, la ROCKET SURF est la planche la plus compacte de la gamme. Son design vous permettra de ramer, d\u00e9coller, rider, pomper et carver avec un maximum de contr\u00f4le et de prendre les vagues avec facilit\u00e9. Sa construction l\u00e9g\u00e8re et rigide rend \u00e0 la fois la planche et le foil extr\u00eamement r\u00e9actifs pour que vous puissiez tracer votre ligne comme vous le souhaitez.<\/p>\n<p>Shape am\u00e9lior\u00e9 pour plus de glisse \u00e0 la rame et des take-offs facilit\u00e9s<\/p>\n<p>Excellente r\u00e9activit\u00e9<\/p>\n<p>Contr\u00f4le total au surf et au pumping<\/p>\n<p>Take-off facile et performance maximale en vol<\/p>\n","protected":false},"featured_media":29255,"comment_status":"open","ping_status":"closed","template":"","meta":[],"product_cat":[1020],"product_tag":[],"class_list":{"0":"post-29256","1":"product","2":"type-product","3":"status-publish","4":"has-post-thumbnail","6":"product_cat-foilboard","7":"product_brand-f-one","9":"first","10":"instock","11":"shipping-taxable","12":"purchasable","13":"product-type-variable"},"yoast_head":"<!-- This site is optimized with the Yoast SEO plugin v22.8 - https:\/\/yoast.com\/wordpress\/plugins\/seo\/ -->\n<title>ROCKET SURF - Elevatesurf<\/title>\n<meta name=\"description\" content=\"Elevatesurf ROCKET SURF\" \/>\n<meta name=\"robots\" content=\"index, follow, max-snippet:-1, max-image-preview:large, max-video-preview:-1\" \/>\n<link rel=\"canonical\" href=\"https:\/\/elevatesurf.ch\/fr\/product\/rocket-surf\/\" \/>\n<meta property=\"og:locale\" content=\"fr_FR\" \/>\n<meta property=\"og:type\" content=\"article\" \/>\n<meta property=\"og:title\" content=\"ROCKET SURF - Elevatesurf\" \/>\n<meta property=\"og:description\" content=\"Elevatesurf ROCKET SURF\" \/>\n<meta property=\"og:url\" content=\"https:\/\/elevatesurf.ch\/fr\/product\/rocket-surf\/\" \/>\n<meta property=\"og:site_name\" content=\"Elevatesurf\" \/>\n<meta property=\"article:modified_time\" content=\"2026-05-11T04:15:40+00:00\" \/>\n<meta name=\"twitter:card\" content=\"summary_large_image\" \/>\n<meta name=\"twitter:label1\" content=\"Dur\u00e9e de lecture estim\u00e9e\" \/>\n\t<meta name=\"twitter:data1\" content=\"2 minutes\" \/>\n<script type=\"application\/ld+json\" class=\"yoast-schema-graph\">{\"@context\":\"https:\/\/schema.org\",\"@graph\":[{\"@type\":[\"WebPage\",\"ItemPage\"],\"@id\":\"https:\/\/elevatesurf.ch\/fr\/product\/rocket-surf\/\",\"url\":\"https:\/\/elevatesurf.ch\/fr\/product\/rocket-surf\/\",\"name\":\"ROCKET SURF - Elevatesurf\",\"isPartOf\":{\"@id\":\"https:\/\/elevatesurf.ch\/#website\"},\"primaryImageOfPage\":{\"@id\":\"https:\/\/elevatesurf.ch\/fr\/product\/rocket-surf\/#primaryimage\"},\"image\":{\"@id\":\"https:\/\/elevatesurf.ch\/fr\/product\/rocket-surf\/#primaryimage\"},\"thumbnailUrl\":\"https:\/\/elevatesurf.ch\/wp-content\/uploads\/2026\/05\/rocket-surf.jpg\",\"datePublished\":\"2026-05-11T04:15:26+00:00\",\"dateModified\":\"2026-05-11T04:15:40+00:00\",\"description\":\"Elevatesurf ROCKET SURF\",\"breadcrumb\":{\"@id\":\"https:\/\/elevatesurf.ch\/fr\/product\/rocket-surf\/#breadcrumb\"},\"inLanguage\":\"fr-FR\",\"potentialAction\":[{\"@type\":\"ReadAction\",\"target\":[\"https:\/\/elevatesurf.ch\/fr\/product\/rocket-surf\/\"]}]},{\"@type\":\"ImageObject\",\"inLanguage\":\"fr-FR\",\"@id\":\"https:\/\/elevatesurf.ch\/fr\/product\/rocket-surf\/#primaryimage\",\"url\":\"https:\/\/elevatesurf.ch\/wp-content\/uploads\/2026\/05\/rocket-surf.jpg\",\"contentUrl\":\"https:\/\/elevatesurf.ch\/wp-content\/uploads\/2026\/05\/rocket-surf.jpg\",\"width\":800,\"height\":800},{\"@type\":\"BreadcrumbList\",\"@id\":\"https:\/\/elevatesurf.ch\/fr\/product\/rocket-surf\/#breadcrumb\",\"itemListElement\":[{\"@type\":\"ListItem\",\"position\":1,\"name\":\"Accueil\",\"item\":\"https:\/\/elevatesurf.ch\/\"},{\"@type\":\"ListItem\",\"position\":2,\"name\":\"Shop &#8211; \u00c9levez Votre Exp\u00e9rience de Surf avec Notre Collection\",\"item\":\"https:\/\/elevatesurf.ch\/shop\/\"},{\"@type\":\"ListItem\",\"position\":3,\"name\":\"ROCKET SURF\"}]},{\"@type\":\"WebSite\",\"@id\":\"https:\/\/elevatesurf.ch\/#website\",\"url\":\"https:\/\/elevatesurf.ch\/\",\"name\":\"Elevatesurf\",\"description\":\"Surfez vers de nouveaux sommets avec ElevateSurf ! Kiteshop, Wingshop\",\"publisher\":{\"@id\":\"https:\/\/elevatesurf.ch\/#organization\"},\"potentialAction\":[{\"@type\":\"SearchAction\",\"target\":{\"@type\":\"EntryPoint\",\"urlTemplate\":\"https:\/\/elevatesurf.ch\/?s={search_term_string}\"},\"query-input\":\"required name=search_term_string\"}],\"inLanguage\":\"fr-FR\"},{\"@type\":\"Organization\",\"@id\":\"https:\/\/elevatesurf.ch\/#organization\",\"name\":\"Elevatesurf\",\"url\":\"https:\/\/elevatesurf.ch\/\",\"logo\":{\"@type\":\"ImageObject\",\"inLanguage\":\"fr-FR\",\"@id\":\"https:\/\/elevatesurf.ch\/#\/schema\/logo\/image\/\",\"url\":\"https:\/\/elevatesurf.ch\/wp-content\/uploads\/2024\/06\/67c2ec70-bdf5-4c14-898a-ded5b2051398.jpg\",\"contentUrl\":\"https:\/\/elevatesurf.ch\/wp-content\/uploads\/2024\/06\/67c2ec70-bdf5-4c14-898a-ded5b2051398.jpg\",\"width\":1024,\"height\":1024,\"caption\":\"Elevatesurf\"},\"image\":{\"@id\":\"https:\/\/elevatesurf.ch\/#\/schema\/logo\/image\/\"},\"sameAs\":[\"https:\/\/www.instagram.com\/elevate__surf\/\"]}]}<\/script>\n<!-- \/ Yoast SEO plugin. -->","yoast_head_json":{"title":"ROCKET SURF - Elevatesurf","description":"Elevatesurf ROCKET SURF","robots":{"index":"index","follow":"follow","max-snippet":"max-snippet:-1","max-image-preview":"max-image-preview:large","max-video-preview":"max-video-preview:-1"},"canonical":"https:\/\/elevatesurf.ch\/fr\/product\/rocket-surf\/","og_locale":"fr_FR","og_type":"article","og_title":"ROCKET SURF - Elevatesurf","og_description":"Elevatesurf ROCKET SURF","og_url":"https:\/\/elevatesurf.ch\/fr\/product\/rocket-surf\/","og_site_name":"Elevatesurf","article_modified_time":"2026-05-11T04:15:40+00:00","twitter_card":"summary_large_image","twitter_misc":{"Dur\u00e9e de lecture estim\u00e9e":"2 minutes"},"schema":{"@context":"https:\/\/schema.org","@graph":[{"@type":["WebPage","ItemPage"],"@id":"https:\/\/elevatesurf.ch\/fr\/product\/rocket-surf\/","url":"https:\/\/elevatesurf.ch\/fr\/product\/rocket-surf\/","name":"ROCKET SURF - Elevatesurf","isPartOf":{"@id":"https:\/\/elevatesurf.ch\/#website"},"primaryImageOfPage":{"@id":"https:\/\/elevatesurf.ch\/fr\/product\/rocket-surf\/#primaryimage"},"image":{"@id":"https:\/\/elevatesurf.ch\/fr\/product\/rocket-surf\/#primaryimage"},"thumbnailUrl":"https:\/\/elevatesurf.ch\/wp-content\/uploads\/2026\/05\/rocket-surf.jpg","datePublished":"2026-05-11T04:15:26+00:00","dateModified":"2026-05-11T04:15:40+00:00","description":"Elevatesurf ROCKET SURF","breadcrumb":{"@id":"https:\/\/elevatesurf.ch\/fr\/product\/rocket-surf\/#breadcrumb"},"inLanguage":"fr-FR","potentialAction":[{"@type":"ReadAction","target":["https:\/\/elevatesurf.ch\/fr\/product\/rocket-surf\/"]}]},{"@type":"ImageObject","inLanguage":"fr-FR","@id":"https:\/\/elevatesurf.ch\/fr\/product\/rocket-surf\/#primaryimage","url":"https:\/\/elevatesurf.ch\/wp-content\/uploads\/2026\/05\/rocket-surf.jpg","contentUrl":"https:\/\/elevatesurf.ch\/wp-content\/uploads\/2026\/05\/rocket-surf.jpg","width":800,"height":800},{"@type":"BreadcrumbList","@id":"https:\/\/elevatesurf.ch\/fr\/product\/rocket-surf\/#breadcrumb","itemListElement":[{"@type":"ListItem","position":1,"name":"Accueil","item":"https:\/\/elevatesurf.ch\/"},{"@type":"ListItem","position":2,"name":"Shop &#8211; \u00c9levez Votre Exp\u00e9rience de Surf avec Notre Collection","item":"https:\/\/elevatesurf.ch\/shop\/"},{"@type":"ListItem","position":3,"name":"ROCKET SURF"}]},{"@type":"WebSite","@id":"https:\/\/elevatesurf.ch\/#website","url":"https:\/\/elevatesurf.ch\/","name":"Elevatesurf","description":"Surfez vers de nouveaux sommets avec ElevateSurf ! Kiteshop, Wingshop","publisher":{"@id":"https:\/\/elevatesurf.ch\/#organization"},"potentialAction":[{"@type":"SearchAction","target":{"@type":"EntryPoint","urlTemplate":"https:\/\/elevatesurf.ch\/?s={search_term_string}"},"query-input":"required name=search_term_string"}],"inLanguage":"fr-FR"},{"@type":"Organization","@id":"https:\/\/elevatesurf.ch\/#organization","name":"Elevatesurf","url":"https:\/\/elevatesurf.ch\/","logo":{"@type":"ImageObject","inLanguage":"fr-FR","@id":"https:\/\/elevatesurf.ch\/#\/schema\/logo\/image\/","url":"https:\/\/elevatesurf.ch\/wp-content\/uploads\/2024\/06\/67c2ec70-bdf5-4c14-898a-ded5b2051398.jpg","contentUrl":"https:\/\/elevatesurf.ch\/wp-content\/uploads\/2024\/06\/67c2ec70-bdf5-4c14-898a-ded5b2051398.jpg","width":1024,"height":1024,"caption":"Elevatesurf"},"image":{"@id":"https:\/\/elevatesurf.ch\/#\/schema\/logo\/image\/"},"sameAs":["https:\/\/www.instagram.com\/elevate__surf\/"]}]}},"_links":{"self":[{"href":"https:\/\/elevatesurf.ch\/fr\/wp-json\/wp\/v2\/product\/29256","targetHints":{"allow":["GET"]}}],"collection":[{"href":"https:\/\/elevatesurf.ch\/fr\/wp-json\/wp\/v2\/product"}],"about":[{"href":"https:\/\/elevatesurf.ch\/fr\/wp-json\/wp\/v2\/types\/product"}],"replies":[{"embeddable":true,"href":"https:\/\/elevatesurf.ch\/fr\/wp-json\/wp\/v2\/comments?post=29256"}],"wp:featuredmedia":[{"embeddable":true,"href":"https:\/\/elevatesurf.ch\/fr\/wp-json\/wp\/v2\/media\/29255"}],"wp:attachment":[{"href":"https:\/\/elevatesurf.ch\/fr\/wp-json\/wp\/v2\/media?parent=29256"}],"wp:term":[{"taxonomy":"product_cat","embeddable":true,"href":"https:\/\/elevatesurf.ch\/fr\/wp-json\/wp\/v2\/product_cat?post=29256"},{"taxonomy":"product_tag","embeddable":true,"href":"https:\/\/elevatesurf.ch\/fr\/wp-json\/wp\/v2\/product_tag?post=29256"}],"curies":[{"name":"wp","href":"https:\/\/api.w.org\/{rel}","templated":true}]}}