{"id":29286,"date":"2026-05-11T04:16:57","date_gmt":"2026-05-11T04:16:57","guid":{"rendered":"https:\/\/elevatesurf.ch\/fr\/product\/fw-seven-seas-1500\/"},"modified":"2026-05-11T04:16:57","modified_gmt":"2026-05-11T04:16:57","slug":"fw-seven-seas-1500","status":"publish","type":"product","link":"https:\/\/elevatesurf.ch\/fr\/product\/fw-seven-seas-1500\/","title":{"rendered":"FW SEVEN SEAS 1500"},"content":{"rendered":"<ul>\n<li>Un foil con\u00e7u pour tous<\/li>\n<li>Aspect ratio : 8.0<\/li>\n<li>Ratio facilit\u00e9 \/ performance impressionnant<\/li>\n<li>Plage de vitesse in\u00e9gal\u00e9e et plage basse exceptionnelle<\/li>\n<li>Connexion TITAN 2 pour une efficacit\u00e9 structurelle renforc\u00e9e, ainsi que plus de pr\u00e9cision et sensations directes<\/li>\n<li>Dynamic Structural Design : Layup carbone optimis\u00e9 pour plus de contr\u00f4le et stabilit\u00e9<\/li>\n<li>Gamme de tailles \u00e9largie pour couvrir davantage de disciplines et de conditions<\/li>\n<\/ul>\n<p>La SEVEN SEAS est un foil qui privil\u00e9gie un lift progressif, l\u2019efficacit\u00e9 et la glisse. Sa surface g\u00e9n\u00e9reuse apporte une plage de vitesse in\u00e9gal\u00e9e, notamment avec une excellente plage basse, tandis que son profil autorise une acc\u00e9l\u00e9ration continue \u00e0 mesure que le niveau du rider progresse.<\/p>\n<p>Avec une voile en main, qu\u2019il s\u2019agisse d\u2019une wing, d\u2019une K-Wing ou d\u2019une pocket wing, ce foil offre un take-off progressif et sans effort, suivi d\u2019une glisse confortable et efficace, aussi bien au pr\u00e8s que dans les bumps. Cette glisse naturelle et sa stabilit\u00e9 rendent les man\u0153uvres telles que les jibes et les tacks nettement plus faciles, en faisant une \u00e9tape id\u00e9ale pour les riders venant de foils freeride plus compacts.<\/p>\n<p>La SEVEN SEAS reste un foil orient\u00e9 downwind et brille dans cette discipline. Elle est diablement facile \u00e0 d\u00e9coller, puis offre un glide et une vitesse moyenne inattendus compar\u00e9s \u00e0 son accessibilit\u00e9 et sa surface lorsque vous naviguez dans les bumps. C\u2019est m\u00eame un foil de choix pour des riders avanc\u00e9s dans les petites conditions.<\/p>\n<p>Fid\u00e8le \u00e0 la philosophie F-ONE, la SEVEN SEAS ne se limite pas \u00e0 l\u2019efficacit\u00e9 mais met aussi l\u2019accent sur le plaisir. Une attention particuli\u00e8re a \u00e9t\u00e9 port\u00e9e aux bouts d\u2019ailes afin d\u2019am\u00e9liorer la maniabilit\u00e9, permettant un carving fluide et des turns faciles. Ce foil propose \u00e9galement un roll \u00e9tonnamment naturel et efficace, ce qui permet de surfer sur de petites vagues et de combiner une tr\u00e8s bonne glisse avec un comportement intuitif dans les turns.<\/p>\n<p>Dans l\u2019ensemble, la SEVEN SEAS associe une surface g\u00e9n\u00e9reuse \u00e0 un profil de performance, en faisant un foil de confiance, quels que soient la discipline et les conditions, et un mod\u00e8le que les riders gardent naturellement dans leur quiver.<\/p>\n","protected":false},"excerpt":{"rendered":"<p>D\u00e8s les premi\u00e8res sessions, la SEVEN SEAS s\u00e9duit par sa facilit\u00e9 et ses sensations naturelles, tout en conservant un potentiel de performance remarquable dans toutes les disciplines et conditions. L&rsquo;un des foils les plus populaires de la gamme F-ONE, elle est reconnue pour sa glisse facile et efficiente, son comportement tol\u00e9rant et sa plage de vitesse remarquablement large, offrant un rapport accessibilit\u00e9\/performance exceptionnel qui convient aussi bien aux d\u00e9butants qu&rsquo;aux riders exp\u00e9riment\u00e9s.<\/p>\n","protected":false},"featured_media":29283,"comment_status":"open","ping_status":"closed","template":"","meta":[],"product_cat":[1040,1044],"product_tag":[],"class_list":{"0":"post-29286","1":"product","2":"type-product","3":"status-publish","4":"has-post-thumbnail","6":"product_cat-foil","7":"product_cat-front-wing","8":"product_brand-f-one","10":"first","11":"outofstock","12":"shipping-taxable","13":"purchasable","14":"product-type-simple"},"yoast_head":"<!-- This site is optimized with the Yoast SEO plugin v22.8 - https:\/\/yoast.com\/wordpress\/plugins\/seo\/ -->\n<title>FW SEVEN SEAS 1500 - Elevatesurf<\/title>\n<meta name=\"description\" content=\"Elevatesurf FW SEVEN SEAS 1500\" \/>\n<meta name=\"robots\" content=\"index, follow, max-snippet:-1, max-image-preview:large, max-video-preview:-1\" \/>\n<link rel=\"canonical\" href=\"https:\/\/elevatesurf.ch\/fr\/product\/fw-seven-seas-1500\/\" \/>\n<meta property=\"og:locale\" content=\"fr_FR\" \/>\n<meta property=\"og:type\" content=\"article\" \/>\n<meta property=\"og:title\" content=\"FW SEVEN SEAS 1500 - Elevatesurf\" \/>\n<meta property=\"og:description\" content=\"Elevatesurf FW SEVEN SEAS 1500\" \/>\n<meta property=\"og:url\" content=\"https:\/\/elevatesurf.ch\/fr\/product\/fw-seven-seas-1500\/\" \/>\n<meta property=\"og:site_name\" content=\"Elevatesurf\" \/>\n<meta name=\"twitter:card\" content=\"summary_large_image\" \/>\n<meta name=\"twitter:label1\" content=\"Dur\u00e9e de lecture estim\u00e9e\" \/>\n\t<meta name=\"twitter:data1\" content=\"2 minutes\" \/>\n<script type=\"application\/ld+json\" class=\"yoast-schema-graph\">{\"@context\":\"https:\/\/schema.org\",\"@graph\":[{\"@type\":[\"WebPage\",\"ItemPage\"],\"@id\":\"https:\/\/elevatesurf.ch\/fr\/product\/fw-seven-seas-1500\/\",\"url\":\"https:\/\/elevatesurf.ch\/fr\/product\/fw-seven-seas-1500\/\",\"name\":\"FW SEVEN SEAS 1500 - Elevatesurf\",\"isPartOf\":{\"@id\":\"https:\/\/elevatesurf.ch\/#website\"},\"primaryImageOfPage\":{\"@id\":\"https:\/\/elevatesurf.ch\/fr\/product\/fw-seven-seas-1500\/#primaryimage\"},\"image\":{\"@id\":\"https:\/\/elevatesurf.ch\/fr\/product\/fw-seven-seas-1500\/#primaryimage\"},\"thumbnailUrl\":\"https:\/\/elevatesurf.ch\/wp-content\/uploads\/2026\/05\/fw-seven-seas-1500.png\",\"datePublished\":\"2026-05-11T04:16:57+00:00\",\"dateModified\":\"2026-05-11T04:16:57+00:00\",\"description\":\"Elevatesurf FW SEVEN SEAS 1500\",\"breadcrumb\":{\"@id\":\"https:\/\/elevatesurf.ch\/fr\/product\/fw-seven-seas-1500\/#breadcrumb\"},\"inLanguage\":\"fr-FR\",\"potentialAction\":[{\"@type\":\"ReadAction\",\"target\":[\"https:\/\/elevatesurf.ch\/fr\/product\/fw-seven-seas-1500\/\"]}]},{\"@type\":\"ImageObject\",\"inLanguage\":\"fr-FR\",\"@id\":\"https:\/\/elevatesurf.ch\/fr\/product\/fw-seven-seas-1500\/#primaryimage\",\"url\":\"https:\/\/elevatesurf.ch\/wp-content\/uploads\/2026\/05\/fw-seven-seas-1500.png\",\"contentUrl\":\"https:\/\/elevatesurf.ch\/wp-content\/uploads\/2026\/05\/fw-seven-seas-1500.png\",\"width\":2000,\"height\":2000},{\"@type\":\"BreadcrumbList\",\"@id\":\"https:\/\/elevatesurf.ch\/fr\/product\/fw-seven-seas-1500\/#breadcrumb\",\"itemListElement\":[{\"@type\":\"ListItem\",\"position\":1,\"name\":\"Accueil\",\"item\":\"https:\/\/elevatesurf.ch\/\"},{\"@type\":\"ListItem\",\"position\":2,\"name\":\"Shop &#8211; \u00c9levez Votre Exp\u00e9rience de Surf avec Notre Collection\",\"item\":\"https:\/\/elevatesurf.ch\/shop\/\"},{\"@type\":\"ListItem\",\"position\":3,\"name\":\"FW SEVEN SEAS 1500\"}]},{\"@type\":\"WebSite\",\"@id\":\"https:\/\/elevatesurf.ch\/#website\",\"url\":\"https:\/\/elevatesurf.ch\/\",\"name\":\"Elevatesurf\",\"description\":\"Surfez vers de nouveaux sommets avec ElevateSurf ! Kiteshop, Wingshop\",\"publisher\":{\"@id\":\"https:\/\/elevatesurf.ch\/#organization\"},\"potentialAction\":[{\"@type\":\"SearchAction\",\"target\":{\"@type\":\"EntryPoint\",\"urlTemplate\":\"https:\/\/elevatesurf.ch\/?s={search_term_string}\"},\"query-input\":\"required name=search_term_string\"}],\"inLanguage\":\"fr-FR\"},{\"@type\":\"Organization\",\"@id\":\"https:\/\/elevatesurf.ch\/#organization\",\"name\":\"Elevatesurf\",\"url\":\"https:\/\/elevatesurf.ch\/\",\"logo\":{\"@type\":\"ImageObject\",\"inLanguage\":\"fr-FR\",\"@id\":\"https:\/\/elevatesurf.ch\/#\/schema\/logo\/image\/\",\"url\":\"https:\/\/elevatesurf.ch\/wp-content\/uploads\/2024\/06\/67c2ec70-bdf5-4c14-898a-ded5b2051398.jpg\",\"contentUrl\":\"https:\/\/elevatesurf.ch\/wp-content\/uploads\/2024\/06\/67c2ec70-bdf5-4c14-898a-ded5b2051398.jpg\",\"width\":1024,\"height\":1024,\"caption\":\"Elevatesurf\"},\"image\":{\"@id\":\"https:\/\/elevatesurf.ch\/#\/schema\/logo\/image\/\"},\"sameAs\":[\"https:\/\/www.instagram.com\/elevate__surf\/\"]}]}<\/script>\n<!-- \/ Yoast SEO plugin. -->","yoast_head_json":{"title":"FW SEVEN SEAS 1500 - Elevatesurf","description":"Elevatesurf FW SEVEN SEAS 1500","robots":{"index":"index","follow":"follow","max-snippet":"max-snippet:-1","max-image-preview":"max-image-preview:large","max-video-preview":"max-video-preview:-1"},"canonical":"https:\/\/elevatesurf.ch\/fr\/product\/fw-seven-seas-1500\/","og_locale":"fr_FR","og_type":"article","og_title":"FW SEVEN SEAS 1500 - Elevatesurf","og_description":"Elevatesurf FW SEVEN SEAS 1500","og_url":"https:\/\/elevatesurf.ch\/fr\/product\/fw-seven-seas-1500\/","og_site_name":"Elevatesurf","twitter_card":"summary_large_image","twitter_misc":{"Dur\u00e9e de lecture estim\u00e9e":"2 minutes"},"schema":{"@context":"https:\/\/schema.org","@graph":[{"@type":["WebPage","ItemPage"],"@id":"https:\/\/elevatesurf.ch\/fr\/product\/fw-seven-seas-1500\/","url":"https:\/\/elevatesurf.ch\/fr\/product\/fw-seven-seas-1500\/","name":"FW SEVEN SEAS 1500 - Elevatesurf","isPartOf":{"@id":"https:\/\/elevatesurf.ch\/#website"},"primaryImageOfPage":{"@id":"https:\/\/elevatesurf.ch\/fr\/product\/fw-seven-seas-1500\/#primaryimage"},"image":{"@id":"https:\/\/elevatesurf.ch\/fr\/product\/fw-seven-seas-1500\/#primaryimage"},"thumbnailUrl":"https:\/\/elevatesurf.ch\/wp-content\/uploads\/2026\/05\/fw-seven-seas-1500.png","datePublished":"2026-05-11T04:16:57+00:00","dateModified":"2026-05-11T04:16:57+00:00","description":"Elevatesurf FW SEVEN SEAS 1500","breadcrumb":{"@id":"https:\/\/elevatesurf.ch\/fr\/product\/fw-seven-seas-1500\/#breadcrumb"},"inLanguage":"fr-FR","potentialAction":[{"@type":"ReadAction","target":["https:\/\/elevatesurf.ch\/fr\/product\/fw-seven-seas-1500\/"]}]},{"@type":"ImageObject","inLanguage":"fr-FR","@id":"https:\/\/elevatesurf.ch\/fr\/product\/fw-seven-seas-1500\/#primaryimage","url":"https:\/\/elevatesurf.ch\/wp-content\/uploads\/2026\/05\/fw-seven-seas-1500.png","contentUrl":"https:\/\/elevatesurf.ch\/wp-content\/uploads\/2026\/05\/fw-seven-seas-1500.png","width":2000,"height":2000},{"@type":"BreadcrumbList","@id":"https:\/\/elevatesurf.ch\/fr\/product\/fw-seven-seas-1500\/#breadcrumb","itemListElement":[{"@type":"ListItem","position":1,"name":"Accueil","item":"https:\/\/elevatesurf.ch\/"},{"@type":"ListItem","position":2,"name":"Shop &#8211; \u00c9levez Votre Exp\u00e9rience de Surf avec Notre Collection","item":"https:\/\/elevatesurf.ch\/shop\/"},{"@type":"ListItem","position":3,"name":"FW SEVEN SEAS 1500"}]},{"@type":"WebSite","@id":"https:\/\/elevatesurf.ch\/#website","url":"https:\/\/elevatesurf.ch\/","name":"Elevatesurf","description":"Surfez vers de nouveaux sommets avec ElevateSurf ! Kiteshop, Wingshop","publisher":{"@id":"https:\/\/elevatesurf.ch\/#organization"},"potentialAction":[{"@type":"SearchAction","target":{"@type":"EntryPoint","urlTemplate":"https:\/\/elevatesurf.ch\/?s={search_term_string}"},"query-input":"required name=search_term_string"}],"inLanguage":"fr-FR"},{"@type":"Organization","@id":"https:\/\/elevatesurf.ch\/#organization","name":"Elevatesurf","url":"https:\/\/elevatesurf.ch\/","logo":{"@type":"ImageObject","inLanguage":"fr-FR","@id":"https:\/\/elevatesurf.ch\/#\/schema\/logo\/image\/","url":"https:\/\/elevatesurf.ch\/wp-content\/uploads\/2024\/06\/67c2ec70-bdf5-4c14-898a-ded5b2051398.jpg","contentUrl":"https:\/\/elevatesurf.ch\/wp-content\/uploads\/2024\/06\/67c2ec70-bdf5-4c14-898a-ded5b2051398.jpg","width":1024,"height":1024,"caption":"Elevatesurf"},"image":{"@id":"https:\/\/elevatesurf.ch\/#\/schema\/logo\/image\/"},"sameAs":["https:\/\/www.instagram.com\/elevate__surf\/"]}]}},"_links":{"self":[{"href":"https:\/\/elevatesurf.ch\/fr\/wp-json\/wp\/v2\/product\/29286","targetHints":{"allow":["GET"]}}],"collection":[{"href":"https:\/\/elevatesurf.ch\/fr\/wp-json\/wp\/v2\/product"}],"about":[{"href":"https:\/\/elevatesurf.ch\/fr\/wp-json\/wp\/v2\/types\/product"}],"replies":[{"embeddable":true,"href":"https:\/\/elevatesurf.ch\/fr\/wp-json\/wp\/v2\/comments?post=29286"}],"wp:featuredmedia":[{"embeddable":true,"href":"https:\/\/elevatesurf.ch\/fr\/wp-json\/wp\/v2\/media\/29283"}],"wp:attachment":[{"href":"https:\/\/elevatesurf.ch\/fr\/wp-json\/wp\/v2\/media?parent=29286"}],"wp:term":[{"taxonomy":"product_cat","embeddable":true,"href":"https:\/\/elevatesurf.ch\/fr\/wp-json\/wp\/v2\/product_cat?post=29286"},{"taxonomy":"product_tag","embeddable":true,"href":"https:\/\/elevatesurf.ch\/fr\/wp-json\/wp\/v2\/product_tag?post=29286"}],"curies":[{"name":"wp","href":"https:\/\/api.w.org\/{rel}","templated":true}]}}