{"id":29357,"date":"2026-05-11T04:20:33","date_gmt":"2026-05-11T04:20:33","guid":{"rendered":"https:\/\/elevatesurf.ch\/fr\/product\/rocket-sup-dw-comp-carbon\/"},"modified":"2026-05-11T04:20:41","modified_gmt":"2026-05-11T04:20:41","slug":"rocket-sup-dw-comp-carbon","status":"publish","type":"product","link":"https:\/\/elevatesurf.ch\/fr\/product\/rocket-sup-dw-comp-carbon\/","title":{"rendered":"ROCKET SUP DW COMP. CARBON"},"content":{"rendered":"<p>LA ROCKET SUP DW COMP est faite pour ramer vite et d\u00e9coller facilement, tout en b\u00e9n\u00e9ficiant d\u2019une superbe stabilit\u00e9. Cette planche est aussi con\u00e7ue pour attraper les houles rapides tout en utilisant des foils plus petits qui n\u00e9cessitent une vitesse de d\u00e9collage un peu plus \u00e9lev\u00e9e.<\/p>\n<\/p>\n<p>Avec une largeur tr\u00e8s \u00e9troite et un outline effil\u00e9, notamment au niveau du nose et du tail, cette planche offre une glisse ultra fluide, une acc\u00e9l\u00e9ration franche, une grande stabilit\u00e9 directionnelle et plus de r\u00e9activit\u00e9 en vol ; le tout pour une session de downwind performante avec le minimum d\u2019efforts.<\/p>\n<\/p>\n<p>La ROCKET SUP DW COMP b\u00e9n\u00e9ficie \u00e9galement d\u2019un deuxi\u00e8me petit step au niveau du kick arri\u00e8re, s\u2019ajoutant \u00e0 celle d\u00e9j\u00e0 pr\u00e9sente devant les twin tracks comme sur nos SUP DW PRO classiques. Ces deux steps r\u00e9duisent efficacement la tra\u00een\u00e9e lors des acc\u00e9l\u00e9rations au take-off et des touchettes. Le deuxi\u00e8me step, associ\u00e9 \u00e0 un kick plus relev\u00e9 pour minimiser le contact du tail avec l\u2019eau pendant le pumping, cr\u00e9\u00e9 une rupture franche pour canaliser les \u00e9coulements vers l\u2019arri\u00e8re sans g\u00e9n\u00e9rer une tra\u00een\u00e9e excessive en mouvement.<\/p>\n<\/p>\n<p>La ROCKET SUP DW PRO est id\u00e9ale pour la houle courte et moyenne (comme la M\u00e9diterran\u00e9e), tandis que la ROCKET SUP DW COMP d\u00e9collera mieux dans les houles plus longues (pensez \u00e0 Oahu) qui sont plus rapides, n\u00e9cessitant une planche plus longue et encore plus \u00e9troite.<\/p>\n<\/p>\n<p>Cette planche b\u00e9n\u00e9ficie d\u2019une construction en HD Foam Carbon Composite. Cette construction l\u00e9g\u00e8re et rigide augmente la maniabilit\u00e9 de la planche et apporte une sensation encore plus directe du foil. Le contr\u00f4le est absolu tout au long du downwind, m\u00eame \u00e0 grande vitesse.<\/p>\n<\/p>\n<p>Plus longue et plus \u00e9troite que toutes les autres planches de notre gamme, la ROCKET SUP DW COMP est parfaite pour les races de SUP foil, ainsi que pour les experts cherchant \u00e0 aller plus loin sur les grandes travers\u00e9es au large ou dans les longues houles.<\/p>\n<\/p>\n<p>* Attention : Les downwinds n\u00e9cessitent une pr\u00e9paration physique, des dispositifs de s\u00e9curit\u00e9 appropri\u00e9s (leash, flashlight, gilet\u2026) et une assistance en mer. N\u2019essayez pas de faire un downwind seul ni sans entrainement ad\u00e9quat.<\/p>\n","protected":false},"excerpt":{"rendered":"<p class=\"p1\">La ROCKET SUP DW COMP est faite pour tenir la distance. Parfaite pour les longs downwinds au large ou le long des c\u00f4tes, cette planche de downwind \u00e9lite a \u00e9t\u00e9 con\u00e7ue pour une vitesse \u00e0 la rame maximale et une glisse sans effort.<\/p>\n<ul class=\"ul1\">\n<li class=\"li1\"><span>Shape long et \u00e9troit pour une plus grande vitesse \u00e0 la rame et une glisse sans effort<\/span><\/li>\n<li class=\"li1\"><span>Outline fin et \u00e9tir\u00e9 pour une rapide acc\u00e9l\u00e9ration<\/span><\/li>\n<li class=\"li1\"><span>Train\u00e9e r\u00e9duite et d\u00e9collage facilit\u00e9 gr\u00e2ce \u00e0 un flux optimal et au design unique en deux steps de la car\u00e8ne<\/span><\/li>\n<li class=\"li1\"><span>Volume et design optimis\u00e9s pour une grande stabilit\u00e9<\/span><\/li>\n<li class=\"li1\"><span>Con\u00e7ue pour les experts du downwind<\/span><\/li>\n<\/ul>\n","protected":false},"featured_media":29356,"comment_status":"open","ping_status":"closed","template":"","meta":[],"product_cat":[572],"product_tag":[],"class_list":{"0":"post-29357","1":"product","2":"type-product","3":"status-publish","4":"has-post-thumbnail","6":"product_cat-downwind","7":"product_brand-f-one","9":"first","10":"instock","11":"shipping-taxable","12":"purchasable","13":"product-type-variable"},"yoast_head":"<!-- This site is optimized with the Yoast SEO plugin v22.8 - https:\/\/yoast.com\/wordpress\/plugins\/seo\/ -->\n<title>ROCKET SUP DW COMP. CARBON - Elevatesurf<\/title>\n<meta name=\"description\" content=\"Elevatesurf ROCKET SUP DW COMP. CARBON\" \/>\n<meta name=\"robots\" content=\"index, follow, max-snippet:-1, max-image-preview:large, max-video-preview:-1\" \/>\n<link rel=\"canonical\" href=\"https:\/\/elevatesurf.ch\/fr\/product\/rocket-sup-dw-comp-carbon\/\" \/>\n<meta property=\"og:locale\" content=\"fr_FR\" \/>\n<meta property=\"og:type\" content=\"article\" \/>\n<meta property=\"og:title\" content=\"ROCKET SUP DW COMP. CARBON - Elevatesurf\" \/>\n<meta property=\"og:description\" content=\"Elevatesurf ROCKET SUP DW COMP. CARBON\" \/>\n<meta property=\"og:url\" content=\"https:\/\/elevatesurf.ch\/fr\/product\/rocket-sup-dw-comp-carbon\/\" \/>\n<meta property=\"og:site_name\" content=\"Elevatesurf\" \/>\n<meta property=\"article:modified_time\" content=\"2026-05-11T04:20:41+00:00\" \/>\n<meta name=\"twitter:card\" content=\"summary_large_image\" \/>\n<meta name=\"twitter:label1\" content=\"Dur\u00e9e de lecture estim\u00e9e\" \/>\n\t<meta name=\"twitter:data1\" content=\"2 minutes\" \/>\n<script type=\"application\/ld+json\" class=\"yoast-schema-graph\">{\"@context\":\"https:\/\/schema.org\",\"@graph\":[{\"@type\":[\"WebPage\",\"ItemPage\"],\"@id\":\"https:\/\/elevatesurf.ch\/fr\/product\/rocket-sup-dw-comp-carbon\/\",\"url\":\"https:\/\/elevatesurf.ch\/fr\/product\/rocket-sup-dw-comp-carbon\/\",\"name\":\"ROCKET SUP DW COMP. CARBON - Elevatesurf\",\"isPartOf\":{\"@id\":\"https:\/\/elevatesurf.ch\/#website\"},\"primaryImageOfPage\":{\"@id\":\"https:\/\/elevatesurf.ch\/fr\/product\/rocket-sup-dw-comp-carbon\/#primaryimage\"},\"image\":{\"@id\":\"https:\/\/elevatesurf.ch\/fr\/product\/rocket-sup-dw-comp-carbon\/#primaryimage\"},\"thumbnailUrl\":\"https:\/\/elevatesurf.ch\/wp-content\/uploads\/2026\/05\/rocket-sup-dw-comp-carbon.jpg\",\"datePublished\":\"2026-05-11T04:20:33+00:00\",\"dateModified\":\"2026-05-11T04:20:41+00:00\",\"description\":\"Elevatesurf ROCKET SUP DW COMP. CARBON\",\"breadcrumb\":{\"@id\":\"https:\/\/elevatesurf.ch\/fr\/product\/rocket-sup-dw-comp-carbon\/#breadcrumb\"},\"inLanguage\":\"fr-FR\",\"potentialAction\":[{\"@type\":\"ReadAction\",\"target\":[\"https:\/\/elevatesurf.ch\/fr\/product\/rocket-sup-dw-comp-carbon\/\"]}]},{\"@type\":\"ImageObject\",\"inLanguage\":\"fr-FR\",\"@id\":\"https:\/\/elevatesurf.ch\/fr\/product\/rocket-sup-dw-comp-carbon\/#primaryimage\",\"url\":\"https:\/\/elevatesurf.ch\/wp-content\/uploads\/2026\/05\/rocket-sup-dw-comp-carbon.jpg\",\"contentUrl\":\"https:\/\/elevatesurf.ch\/wp-content\/uploads\/2026\/05\/rocket-sup-dw-comp-carbon.jpg\",\"width\":2000,\"height\":2000},{\"@type\":\"BreadcrumbList\",\"@id\":\"https:\/\/elevatesurf.ch\/fr\/product\/rocket-sup-dw-comp-carbon\/#breadcrumb\",\"itemListElement\":[{\"@type\":\"ListItem\",\"position\":1,\"name\":\"Accueil\",\"item\":\"https:\/\/elevatesurf.ch\/\"},{\"@type\":\"ListItem\",\"position\":2,\"name\":\"Shop &#8211; \u00c9levez Votre Exp\u00e9rience de Surf avec Notre Collection\",\"item\":\"https:\/\/elevatesurf.ch\/shop\/\"},{\"@type\":\"ListItem\",\"position\":3,\"name\":\"ROCKET SUP DW COMP. CARBON\"}]},{\"@type\":\"WebSite\",\"@id\":\"https:\/\/elevatesurf.ch\/#website\",\"url\":\"https:\/\/elevatesurf.ch\/\",\"name\":\"Elevatesurf\",\"description\":\"Surfez vers de nouveaux sommets avec ElevateSurf ! Kiteshop, Wingshop\",\"publisher\":{\"@id\":\"https:\/\/elevatesurf.ch\/#organization\"},\"potentialAction\":[{\"@type\":\"SearchAction\",\"target\":{\"@type\":\"EntryPoint\",\"urlTemplate\":\"https:\/\/elevatesurf.ch\/?s={search_term_string}\"},\"query-input\":\"required name=search_term_string\"}],\"inLanguage\":\"fr-FR\"},{\"@type\":\"Organization\",\"@id\":\"https:\/\/elevatesurf.ch\/#organization\",\"name\":\"Elevatesurf\",\"url\":\"https:\/\/elevatesurf.ch\/\",\"logo\":{\"@type\":\"ImageObject\",\"inLanguage\":\"fr-FR\",\"@id\":\"https:\/\/elevatesurf.ch\/#\/schema\/logo\/image\/\",\"url\":\"https:\/\/elevatesurf.ch\/wp-content\/uploads\/2024\/06\/67c2ec70-bdf5-4c14-898a-ded5b2051398.jpg\",\"contentUrl\":\"https:\/\/elevatesurf.ch\/wp-content\/uploads\/2024\/06\/67c2ec70-bdf5-4c14-898a-ded5b2051398.jpg\",\"width\":1024,\"height\":1024,\"caption\":\"Elevatesurf\"},\"image\":{\"@id\":\"https:\/\/elevatesurf.ch\/#\/schema\/logo\/image\/\"},\"sameAs\":[\"https:\/\/www.instagram.com\/elevate__surf\/\"]}]}<\/script>\n<!-- \/ Yoast SEO plugin. -->","yoast_head_json":{"title":"ROCKET SUP DW COMP. CARBON - Elevatesurf","description":"Elevatesurf ROCKET SUP DW COMP. CARBON","robots":{"index":"index","follow":"follow","max-snippet":"max-snippet:-1","max-image-preview":"max-image-preview:large","max-video-preview":"max-video-preview:-1"},"canonical":"https:\/\/elevatesurf.ch\/fr\/product\/rocket-sup-dw-comp-carbon\/","og_locale":"fr_FR","og_type":"article","og_title":"ROCKET SUP DW COMP. CARBON - Elevatesurf","og_description":"Elevatesurf ROCKET SUP DW COMP. CARBON","og_url":"https:\/\/elevatesurf.ch\/fr\/product\/rocket-sup-dw-comp-carbon\/","og_site_name":"Elevatesurf","article_modified_time":"2026-05-11T04:20:41+00:00","twitter_card":"summary_large_image","twitter_misc":{"Dur\u00e9e de lecture estim\u00e9e":"2 minutes"},"schema":{"@context":"https:\/\/schema.org","@graph":[{"@type":["WebPage","ItemPage"],"@id":"https:\/\/elevatesurf.ch\/fr\/product\/rocket-sup-dw-comp-carbon\/","url":"https:\/\/elevatesurf.ch\/fr\/product\/rocket-sup-dw-comp-carbon\/","name":"ROCKET SUP DW COMP. CARBON - Elevatesurf","isPartOf":{"@id":"https:\/\/elevatesurf.ch\/#website"},"primaryImageOfPage":{"@id":"https:\/\/elevatesurf.ch\/fr\/product\/rocket-sup-dw-comp-carbon\/#primaryimage"},"image":{"@id":"https:\/\/elevatesurf.ch\/fr\/product\/rocket-sup-dw-comp-carbon\/#primaryimage"},"thumbnailUrl":"https:\/\/elevatesurf.ch\/wp-content\/uploads\/2026\/05\/rocket-sup-dw-comp-carbon.jpg","datePublished":"2026-05-11T04:20:33+00:00","dateModified":"2026-05-11T04:20:41+00:00","description":"Elevatesurf ROCKET SUP DW COMP. CARBON","breadcrumb":{"@id":"https:\/\/elevatesurf.ch\/fr\/product\/rocket-sup-dw-comp-carbon\/#breadcrumb"},"inLanguage":"fr-FR","potentialAction":[{"@type":"ReadAction","target":["https:\/\/elevatesurf.ch\/fr\/product\/rocket-sup-dw-comp-carbon\/"]}]},{"@type":"ImageObject","inLanguage":"fr-FR","@id":"https:\/\/elevatesurf.ch\/fr\/product\/rocket-sup-dw-comp-carbon\/#primaryimage","url":"https:\/\/elevatesurf.ch\/wp-content\/uploads\/2026\/05\/rocket-sup-dw-comp-carbon.jpg","contentUrl":"https:\/\/elevatesurf.ch\/wp-content\/uploads\/2026\/05\/rocket-sup-dw-comp-carbon.jpg","width":2000,"height":2000},{"@type":"BreadcrumbList","@id":"https:\/\/elevatesurf.ch\/fr\/product\/rocket-sup-dw-comp-carbon\/#breadcrumb","itemListElement":[{"@type":"ListItem","position":1,"name":"Accueil","item":"https:\/\/elevatesurf.ch\/"},{"@type":"ListItem","position":2,"name":"Shop &#8211; \u00c9levez Votre Exp\u00e9rience de Surf avec Notre Collection","item":"https:\/\/elevatesurf.ch\/shop\/"},{"@type":"ListItem","position":3,"name":"ROCKET SUP DW COMP. CARBON"}]},{"@type":"WebSite","@id":"https:\/\/elevatesurf.ch\/#website","url":"https:\/\/elevatesurf.ch\/","name":"Elevatesurf","description":"Surfez vers de nouveaux sommets avec ElevateSurf ! Kiteshop, Wingshop","publisher":{"@id":"https:\/\/elevatesurf.ch\/#organization"},"potentialAction":[{"@type":"SearchAction","target":{"@type":"EntryPoint","urlTemplate":"https:\/\/elevatesurf.ch\/?s={search_term_string}"},"query-input":"required name=search_term_string"}],"inLanguage":"fr-FR"},{"@type":"Organization","@id":"https:\/\/elevatesurf.ch\/#organization","name":"Elevatesurf","url":"https:\/\/elevatesurf.ch\/","logo":{"@type":"ImageObject","inLanguage":"fr-FR","@id":"https:\/\/elevatesurf.ch\/#\/schema\/logo\/image\/","url":"https:\/\/elevatesurf.ch\/wp-content\/uploads\/2024\/06\/67c2ec70-bdf5-4c14-898a-ded5b2051398.jpg","contentUrl":"https:\/\/elevatesurf.ch\/wp-content\/uploads\/2024\/06\/67c2ec70-bdf5-4c14-898a-ded5b2051398.jpg","width":1024,"height":1024,"caption":"Elevatesurf"},"image":{"@id":"https:\/\/elevatesurf.ch\/#\/schema\/logo\/image\/"},"sameAs":["https:\/\/www.instagram.com\/elevate__surf\/"]}]}},"_links":{"self":[{"href":"https:\/\/elevatesurf.ch\/fr\/wp-json\/wp\/v2\/product\/29357","targetHints":{"allow":["GET"]}}],"collection":[{"href":"https:\/\/elevatesurf.ch\/fr\/wp-json\/wp\/v2\/product"}],"about":[{"href":"https:\/\/elevatesurf.ch\/fr\/wp-json\/wp\/v2\/types\/product"}],"replies":[{"embeddable":true,"href":"https:\/\/elevatesurf.ch\/fr\/wp-json\/wp\/v2\/comments?post=29357"}],"wp:featuredmedia":[{"embeddable":true,"href":"https:\/\/elevatesurf.ch\/fr\/wp-json\/wp\/v2\/media\/29356"}],"wp:attachment":[{"href":"https:\/\/elevatesurf.ch\/fr\/wp-json\/wp\/v2\/media?parent=29357"}],"wp:term":[{"taxonomy":"product_cat","embeddable":true,"href":"https:\/\/elevatesurf.ch\/fr\/wp-json\/wp\/v2\/product_cat?post=29357"},{"taxonomy":"product_tag","embeddable":true,"href":"https:\/\/elevatesurf.ch\/fr\/wp-json\/wp\/v2\/product_tag?post=29357"}],"curies":[{"name":"wp","href":"https:\/\/api.w.org\/{rel}","templated":true}]}}