{"id":29406,"date":"2026-05-11T04:23:08","date_gmt":"2026-05-11T04:23:08","guid":{"rendered":"https:\/\/elevatesurf.ch\/fr\/product\/platinium-3-bindings-slate\/"},"modified":"2026-05-11T04:23:16","modified_gmt":"2026-05-11T04:23:16","slug":"platinium-3-bindings-slate","status":"publish","type":"product","link":"https:\/\/elevatesurf.ch\/fr\/product\/platinium-3-bindings-slate\/","title":{"rendered":"PLATINIUM 3 BINDINGS (SLATE)"},"content":{"rendered":"<p>Nos pads ergonomiques s&rsquo;adaptent confortablement \u00e0 tous types de pied et offrent un ajustement parfait tout en assurant la meilleure connexion avec votre planche et en absorbant les impacts.\u00a0\u00a0<\/p>\n<p>Le motif EVA a \u00e9t\u00e9 modifi\u00e9 cette ann\u00e9e pour garantir une meilleure adh\u00e9rence du pied, quelles que soient les conditions ou la discipline.\u00a0<\/p>\n<p>Pour obtenir des pads de la plus haute qualit\u00e9, nous avons choisi un proc\u00e9d\u00e9 d\u2019injection qui permet diff\u00e9rentes formes et densit\u00e9s. Nous avons cr\u00e9\u00e9 un coussin \u00e0 double densit\u00e9 pour un confort optimis\u00e9 : les zones de bordure sont plus denses pour un meilleur maintien tandis que les zones de la semelle sont plus douces pour plus de confort.\u202f\u00a0<\/p>\n<p>Les straps permettent de placer vos pieds sur le pad dans la position id\u00e9ale. Ils offrent un confort et un maintien parfaits gr\u00e2ce \u00e0 une structure thermoform\u00e9e associ\u00e9e au c\u0153ur du strap en gel foam. Le strap F-ONE est enti\u00e8rement ajustable \u00e0 la taille et \u00e0 la forme du pied.\u202f\u00a0<\/p>\n","protected":false},"excerpt":{"rendered":"<p>&#8211; Nouveau motif EVA pour une meilleure adh\u00e9rence du pied\u00a0<\/p>\n<p>&#8211; Confort in\u00e9gal\u00e9 et absorption des chocs\u00a0<\/p>\n<p>&#8211; Montage et r\u00e9glage rapides\u00a0<\/p>\n","protected":false},"featured_media":29405,"comment_status":"open","ping_status":"closed","template":"","meta":[],"product_cat":[977,134],"product_tag":[],"class_list":{"0":"post-29406","1":"product","2":"type-product","3":"status-publish","4":"has-post-thumbnail","6":"product_cat-accessoires","7":"product_cat-kites","8":"product_brand-f-one","10":"first","11":"instock","12":"shipping-taxable","13":"purchasable","14":"product-type-variable"},"yoast_head":"<!-- This site is optimized with the Yoast SEO plugin v22.8 - https:\/\/yoast.com\/wordpress\/plugins\/seo\/ -->\n<title>PLATINIUM 3 BINDINGS (SLATE) - Elevatesurf<\/title>\n<meta name=\"description\" content=\"Elevatesurf PLATINIUM 3 BINDINGS (SLATE)\" \/>\n<meta name=\"robots\" content=\"index, follow, max-snippet:-1, max-image-preview:large, max-video-preview:-1\" \/>\n<link rel=\"canonical\" href=\"https:\/\/elevatesurf.ch\/fr\/product\/platinium-3-bindings-slate\/\" \/>\n<meta property=\"og:locale\" content=\"fr_FR\" \/>\n<meta property=\"og:type\" content=\"article\" \/>\n<meta property=\"og:title\" content=\"PLATINIUM 3 BINDINGS (SLATE) - Elevatesurf\" \/>\n<meta property=\"og:description\" content=\"Elevatesurf PLATINIUM 3 BINDINGS (SLATE)\" \/>\n<meta property=\"og:url\" content=\"https:\/\/elevatesurf.ch\/fr\/product\/platinium-3-bindings-slate\/\" \/>\n<meta property=\"og:site_name\" content=\"Elevatesurf\" \/>\n<meta property=\"article:modified_time\" content=\"2026-05-11T04:23:16+00:00\" \/>\n<meta name=\"twitter:card\" content=\"summary_large_image\" \/>\n<meta name=\"twitter:label1\" content=\"Dur\u00e9e de lecture estim\u00e9e\" \/>\n\t<meta name=\"twitter:data1\" content=\"1 minute\" \/>\n<script type=\"application\/ld+json\" class=\"yoast-schema-graph\">{\"@context\":\"https:\/\/schema.org\",\"@graph\":[{\"@type\":[\"WebPage\",\"ItemPage\"],\"@id\":\"https:\/\/elevatesurf.ch\/fr\/product\/platinium-3-bindings-slate\/\",\"url\":\"https:\/\/elevatesurf.ch\/fr\/product\/platinium-3-bindings-slate\/\",\"name\":\"PLATINIUM 3 BINDINGS (SLATE) - Elevatesurf\",\"isPartOf\":{\"@id\":\"https:\/\/elevatesurf.ch\/#website\"},\"primaryImageOfPage\":{\"@id\":\"https:\/\/elevatesurf.ch\/fr\/product\/platinium-3-bindings-slate\/#primaryimage\"},\"image\":{\"@id\":\"https:\/\/elevatesurf.ch\/fr\/product\/platinium-3-bindings-slate\/#primaryimage\"},\"thumbnailUrl\":\"https:\/\/elevatesurf.ch\/wp-content\/uploads\/2026\/05\/platinium-3-bindings-slate.png\",\"datePublished\":\"2026-05-11T04:23:08+00:00\",\"dateModified\":\"2026-05-11T04:23:16+00:00\",\"description\":\"Elevatesurf PLATINIUM 3 BINDINGS (SLATE)\",\"breadcrumb\":{\"@id\":\"https:\/\/elevatesurf.ch\/fr\/product\/platinium-3-bindings-slate\/#breadcrumb\"},\"inLanguage\":\"fr-FR\",\"potentialAction\":[{\"@type\":\"ReadAction\",\"target\":[\"https:\/\/elevatesurf.ch\/fr\/product\/platinium-3-bindings-slate\/\"]}]},{\"@type\":\"ImageObject\",\"inLanguage\":\"fr-FR\",\"@id\":\"https:\/\/elevatesurf.ch\/fr\/product\/platinium-3-bindings-slate\/#primaryimage\",\"url\":\"https:\/\/elevatesurf.ch\/wp-content\/uploads\/2026\/05\/platinium-3-bindings-slate.png\",\"contentUrl\":\"https:\/\/elevatesurf.ch\/wp-content\/uploads\/2026\/05\/platinium-3-bindings-slate.png\",\"width\":1280,\"height\":1280},{\"@type\":\"BreadcrumbList\",\"@id\":\"https:\/\/elevatesurf.ch\/fr\/product\/platinium-3-bindings-slate\/#breadcrumb\",\"itemListElement\":[{\"@type\":\"ListItem\",\"position\":1,\"name\":\"Accueil\",\"item\":\"https:\/\/elevatesurf.ch\/\"},{\"@type\":\"ListItem\",\"position\":2,\"name\":\"Shop &#8211; \u00c9levez Votre Exp\u00e9rience de Surf avec Notre Collection\",\"item\":\"https:\/\/elevatesurf.ch\/shop\/\"},{\"@type\":\"ListItem\",\"position\":3,\"name\":\"PLATINIUM 3 BINDINGS (SLATE)\"}]},{\"@type\":\"WebSite\",\"@id\":\"https:\/\/elevatesurf.ch\/#website\",\"url\":\"https:\/\/elevatesurf.ch\/\",\"name\":\"Elevatesurf\",\"description\":\"Surfez vers de nouveaux sommets avec ElevateSurf ! Kiteshop, Wingshop\",\"publisher\":{\"@id\":\"https:\/\/elevatesurf.ch\/#organization\"},\"potentialAction\":[{\"@type\":\"SearchAction\",\"target\":{\"@type\":\"EntryPoint\",\"urlTemplate\":\"https:\/\/elevatesurf.ch\/?s={search_term_string}\"},\"query-input\":\"required name=search_term_string\"}],\"inLanguage\":\"fr-FR\"},{\"@type\":\"Organization\",\"@id\":\"https:\/\/elevatesurf.ch\/#organization\",\"name\":\"Elevatesurf\",\"url\":\"https:\/\/elevatesurf.ch\/\",\"logo\":{\"@type\":\"ImageObject\",\"inLanguage\":\"fr-FR\",\"@id\":\"https:\/\/elevatesurf.ch\/#\/schema\/logo\/image\/\",\"url\":\"https:\/\/elevatesurf.ch\/wp-content\/uploads\/2024\/06\/67c2ec70-bdf5-4c14-898a-ded5b2051398.jpg\",\"contentUrl\":\"https:\/\/elevatesurf.ch\/wp-content\/uploads\/2024\/06\/67c2ec70-bdf5-4c14-898a-ded5b2051398.jpg\",\"width\":1024,\"height\":1024,\"caption\":\"Elevatesurf\"},\"image\":{\"@id\":\"https:\/\/elevatesurf.ch\/#\/schema\/logo\/image\/\"},\"sameAs\":[\"https:\/\/www.instagram.com\/elevate__surf\/\"]}]}<\/script>\n<!-- \/ Yoast SEO plugin. -->","yoast_head_json":{"title":"PLATINIUM 3 BINDINGS (SLATE) - Elevatesurf","description":"Elevatesurf PLATINIUM 3 BINDINGS (SLATE)","robots":{"index":"index","follow":"follow","max-snippet":"max-snippet:-1","max-image-preview":"max-image-preview:large","max-video-preview":"max-video-preview:-1"},"canonical":"https:\/\/elevatesurf.ch\/fr\/product\/platinium-3-bindings-slate\/","og_locale":"fr_FR","og_type":"article","og_title":"PLATINIUM 3 BINDINGS (SLATE) - Elevatesurf","og_description":"Elevatesurf PLATINIUM 3 BINDINGS (SLATE)","og_url":"https:\/\/elevatesurf.ch\/fr\/product\/platinium-3-bindings-slate\/","og_site_name":"Elevatesurf","article_modified_time":"2026-05-11T04:23:16+00:00","twitter_card":"summary_large_image","twitter_misc":{"Dur\u00e9e de lecture estim\u00e9e":"1 minute"},"schema":{"@context":"https:\/\/schema.org","@graph":[{"@type":["WebPage","ItemPage"],"@id":"https:\/\/elevatesurf.ch\/fr\/product\/platinium-3-bindings-slate\/","url":"https:\/\/elevatesurf.ch\/fr\/product\/platinium-3-bindings-slate\/","name":"PLATINIUM 3 BINDINGS (SLATE) - Elevatesurf","isPartOf":{"@id":"https:\/\/elevatesurf.ch\/#website"},"primaryImageOfPage":{"@id":"https:\/\/elevatesurf.ch\/fr\/product\/platinium-3-bindings-slate\/#primaryimage"},"image":{"@id":"https:\/\/elevatesurf.ch\/fr\/product\/platinium-3-bindings-slate\/#primaryimage"},"thumbnailUrl":"https:\/\/elevatesurf.ch\/wp-content\/uploads\/2026\/05\/platinium-3-bindings-slate.png","datePublished":"2026-05-11T04:23:08+00:00","dateModified":"2026-05-11T04:23:16+00:00","description":"Elevatesurf PLATINIUM 3 BINDINGS (SLATE)","breadcrumb":{"@id":"https:\/\/elevatesurf.ch\/fr\/product\/platinium-3-bindings-slate\/#breadcrumb"},"inLanguage":"fr-FR","potentialAction":[{"@type":"ReadAction","target":["https:\/\/elevatesurf.ch\/fr\/product\/platinium-3-bindings-slate\/"]}]},{"@type":"ImageObject","inLanguage":"fr-FR","@id":"https:\/\/elevatesurf.ch\/fr\/product\/platinium-3-bindings-slate\/#primaryimage","url":"https:\/\/elevatesurf.ch\/wp-content\/uploads\/2026\/05\/platinium-3-bindings-slate.png","contentUrl":"https:\/\/elevatesurf.ch\/wp-content\/uploads\/2026\/05\/platinium-3-bindings-slate.png","width":1280,"height":1280},{"@type":"BreadcrumbList","@id":"https:\/\/elevatesurf.ch\/fr\/product\/platinium-3-bindings-slate\/#breadcrumb","itemListElement":[{"@type":"ListItem","position":1,"name":"Accueil","item":"https:\/\/elevatesurf.ch\/"},{"@type":"ListItem","position":2,"name":"Shop &#8211; \u00c9levez Votre Exp\u00e9rience de Surf avec Notre Collection","item":"https:\/\/elevatesurf.ch\/shop\/"},{"@type":"ListItem","position":3,"name":"PLATINIUM 3 BINDINGS (SLATE)"}]},{"@type":"WebSite","@id":"https:\/\/elevatesurf.ch\/#website","url":"https:\/\/elevatesurf.ch\/","name":"Elevatesurf","description":"Surfez vers de nouveaux sommets avec ElevateSurf ! Kiteshop, Wingshop","publisher":{"@id":"https:\/\/elevatesurf.ch\/#organization"},"potentialAction":[{"@type":"SearchAction","target":{"@type":"EntryPoint","urlTemplate":"https:\/\/elevatesurf.ch\/?s={search_term_string}"},"query-input":"required name=search_term_string"}],"inLanguage":"fr-FR"},{"@type":"Organization","@id":"https:\/\/elevatesurf.ch\/#organization","name":"Elevatesurf","url":"https:\/\/elevatesurf.ch\/","logo":{"@type":"ImageObject","inLanguage":"fr-FR","@id":"https:\/\/elevatesurf.ch\/#\/schema\/logo\/image\/","url":"https:\/\/elevatesurf.ch\/wp-content\/uploads\/2024\/06\/67c2ec70-bdf5-4c14-898a-ded5b2051398.jpg","contentUrl":"https:\/\/elevatesurf.ch\/wp-content\/uploads\/2024\/06\/67c2ec70-bdf5-4c14-898a-ded5b2051398.jpg","width":1024,"height":1024,"caption":"Elevatesurf"},"image":{"@id":"https:\/\/elevatesurf.ch\/#\/schema\/logo\/image\/"},"sameAs":["https:\/\/www.instagram.com\/elevate__surf\/"]}]}},"_links":{"self":[{"href":"https:\/\/elevatesurf.ch\/fr\/wp-json\/wp\/v2\/product\/29406","targetHints":{"allow":["GET"]}}],"collection":[{"href":"https:\/\/elevatesurf.ch\/fr\/wp-json\/wp\/v2\/product"}],"about":[{"href":"https:\/\/elevatesurf.ch\/fr\/wp-json\/wp\/v2\/types\/product"}],"replies":[{"embeddable":true,"href":"https:\/\/elevatesurf.ch\/fr\/wp-json\/wp\/v2\/comments?post=29406"}],"wp:featuredmedia":[{"embeddable":true,"href":"https:\/\/elevatesurf.ch\/fr\/wp-json\/wp\/v2\/media\/29405"}],"wp:attachment":[{"href":"https:\/\/elevatesurf.ch\/fr\/wp-json\/wp\/v2\/media?parent=29406"}],"wp:term":[{"taxonomy":"product_cat","embeddable":true,"href":"https:\/\/elevatesurf.ch\/fr\/wp-json\/wp\/v2\/product_cat?post=29406"},{"taxonomy":"product_tag","embeddable":true,"href":"https:\/\/elevatesurf.ch\/fr\/wp-json\/wp\/v2\/product_tag?post=29406"}],"curies":[{"name":"wp","href":"https:\/\/api.w.org\/{rel}","templated":true}]}}