{"id":29478,"date":"2026-05-11T04:26:53","date_gmt":"2026-05-11T04:26:53","guid":{"rendered":"https:\/\/elevatesurf.ch\/fr\/product\/rocket-wing-asc-2\/"},"modified":"2026-05-11T04:27:03","modified_gmt":"2026-05-11T04:27:03","slug":"rocket-wing-asc-2","status":"publish","type":"product","link":"https:\/\/elevatesurf.ch\/fr\/product\/rocket-wing-asc-2\/","title":{"rendered":"ROCKET WING ASC"},"content":{"rendered":"<p class=\"p1\"><span><span>B\u00e9n\u00e9ficiant d\u2019un nouveau look, la ROCKET WING ASC reste votre partenaire id\u00e9ale pour foiler en toute confiance. Cette planche est parfaite pour tous les riders en qu\u00eate d\u2019accessibilit\u00e9 et de performance.<\/span><\/span><\/p>\n<p class=\"p1\"><span><span>\u00a0<\/span><\/span><\/p>\n<p class=\"p1\"><span><span>Son rocker tendu est parfaitement optimis\u00e9, alors que les rails en bevel et le double concave facilitent le take-off et offrent un vol intuitif. Elle saura \u00e9galement vous accompagner progressivement lorsque vous retoucherez l\u2019eau.<\/span><\/span><\/p>\n<p class=\"p1\"><span><span>\u00a0<\/span><\/span><\/p>\n<p class=\"p1\"><span><span>Son innovante technologie ASC offre non seulement une pr\u00e9cision de shape hors pair, mais r\u00e9duit \u00e9galement consid\u00e9rablement les d\u00e9chets de production gr\u00e2ce \u00e0 l\u2019un des proc\u00e9d\u00e9s de moulage les plus avanc\u00e9s. Les ROCKET WING ASC sont extr\u00eamement durables et r\u00e9sisteront \u00e0 tous les impacts qu\u2019elles pourront subir.<\/span><\/span><\/p>\n<p class=\"p1\"><span><span>\u00a0<\/span><\/span><\/p>\n<p class=\"p1\"><span><span>Avec une gamme de tailles allant d\u00e9sormais de 5\u20193 \u00e0 6\u20192, les volumes importants et les largeurs g\u00e9n\u00e9reuses de ces planches permettent \u00e0 la plupart des riders de se mettre debout facilement et de revenir au bord, m\u00eame lorsque le vent tombe.<\/span><\/span><\/p>\n<p class=\"p1\"><span><span>\u00a0<\/span><\/span><\/p>\n<p class=\"p1\"><span><span>La ROCKET WING ASC est \u00e9quip\u00e9e d\u2019une poign\u00e9e encastr\u00e9e pour transporter facilement la planche, d\u2019un pad complet, de rail savers, et du syst\u00e8me Twin-Tracks pour une meilleure compatibilit\u00e9 avec les foils. Toutes les tailles ont \u00e9galement des inserts pour trois footstraps.<\/span><\/span><\/p>\n","protected":false},"excerpt":{"rendered":"<p class=\"p1\">Avec son shape compact et sa construction extra-solide, la ROCKET WING ASC est une planche intuitive, indulgente et accessible \u00e0 tous points de vue, qui offre accessibilit\u00e9 et performance \u00e0 toutes les \u00e9tapes de votre progression en wing foil.<\/p>\n<ul class=\"ul1\">\n<li class=\"li2\"><span>Accessible et stable<\/span><\/li>\n<li class=\"li2\"><span>R\u00e9active et extr\u00eamement durable gr\u00e2ce \u00e0 sa construction ASC<\/span><\/li>\n<li class=\"li2\"><span>Rocker optimis\u00e9 pour une navigation intuitive<\/span><\/li>\n<\/ul>\n","protected":false},"featured_media":29477,"comment_status":"open","ping_status":"closed","template":"","meta":[],"product_cat":[1020],"product_tag":[],"class_list":{"0":"post-29478","1":"product","2":"type-product","3":"status-publish","4":"has-post-thumbnail","6":"product_cat-foilboard","7":"product_brand-f-one","9":"first","10":"outofstock","11":"shipping-taxable","12":"purchasable","13":"product-type-variable"},"yoast_head":"<!-- This site is optimized with the Yoast SEO plugin v22.8 - https:\/\/yoast.com\/wordpress\/plugins\/seo\/ -->\n<title>ROCKET WING ASC - Elevatesurf<\/title>\n<meta name=\"description\" content=\"Elevatesurf ROCKET WING ASC\" \/>\n<meta name=\"robots\" content=\"index, follow, max-snippet:-1, max-image-preview:large, max-video-preview:-1\" \/>\n<link rel=\"canonical\" href=\"https:\/\/elevatesurf.ch\/fr\/product\/rocket-wing-asc-2\/\" \/>\n<meta property=\"og:locale\" content=\"fr_FR\" \/>\n<meta property=\"og:type\" content=\"article\" \/>\n<meta property=\"og:title\" content=\"ROCKET WING ASC - Elevatesurf\" \/>\n<meta property=\"og:description\" content=\"Elevatesurf ROCKET WING ASC\" \/>\n<meta property=\"og:url\" content=\"https:\/\/elevatesurf.ch\/fr\/product\/rocket-wing-asc-2\/\" \/>\n<meta property=\"og:site_name\" content=\"Elevatesurf\" \/>\n<meta property=\"article:modified_time\" content=\"2026-05-11T04:27:03+00:00\" \/>\n<meta name=\"twitter:card\" content=\"summary_large_image\" \/>\n<meta name=\"twitter:label1\" content=\"Dur\u00e9e de lecture estim\u00e9e\" \/>\n\t<meta name=\"twitter:data1\" content=\"1 minute\" \/>\n<script type=\"application\/ld+json\" class=\"yoast-schema-graph\">{\"@context\":\"https:\/\/schema.org\",\"@graph\":[{\"@type\":[\"WebPage\",\"ItemPage\"],\"@id\":\"https:\/\/elevatesurf.ch\/fr\/product\/rocket-wing-asc-2\/\",\"url\":\"https:\/\/elevatesurf.ch\/fr\/product\/rocket-wing-asc-2\/\",\"name\":\"ROCKET WING ASC - Elevatesurf\",\"isPartOf\":{\"@id\":\"https:\/\/elevatesurf.ch\/#website\"},\"primaryImageOfPage\":{\"@id\":\"https:\/\/elevatesurf.ch\/fr\/product\/rocket-wing-asc-2\/#primaryimage\"},\"image\":{\"@id\":\"https:\/\/elevatesurf.ch\/fr\/product\/rocket-wing-asc-2\/#primaryimage\"},\"thumbnailUrl\":\"https:\/\/elevatesurf.ch\/wp-content\/uploads\/2026\/05\/rocket-wing-asc.jpg\",\"datePublished\":\"2026-05-11T04:26:53+00:00\",\"dateModified\":\"2026-05-11T04:27:03+00:00\",\"description\":\"Elevatesurf ROCKET WING ASC\",\"breadcrumb\":{\"@id\":\"https:\/\/elevatesurf.ch\/fr\/product\/rocket-wing-asc-2\/#breadcrumb\"},\"inLanguage\":\"fr-FR\",\"potentialAction\":[{\"@type\":\"ReadAction\",\"target\":[\"https:\/\/elevatesurf.ch\/fr\/product\/rocket-wing-asc-2\/\"]}]},{\"@type\":\"ImageObject\",\"inLanguage\":\"fr-FR\",\"@id\":\"https:\/\/elevatesurf.ch\/fr\/product\/rocket-wing-asc-2\/#primaryimage\",\"url\":\"https:\/\/elevatesurf.ch\/wp-content\/uploads\/2026\/05\/rocket-wing-asc.jpg\",\"contentUrl\":\"https:\/\/elevatesurf.ch\/wp-content\/uploads\/2026\/05\/rocket-wing-asc.jpg\",\"width\":1600,\"height\":1600},{\"@type\":\"BreadcrumbList\",\"@id\":\"https:\/\/elevatesurf.ch\/fr\/product\/rocket-wing-asc-2\/#breadcrumb\",\"itemListElement\":[{\"@type\":\"ListItem\",\"position\":1,\"name\":\"Accueil\",\"item\":\"https:\/\/elevatesurf.ch\/\"},{\"@type\":\"ListItem\",\"position\":2,\"name\":\"Shop &#8211; \u00c9levez Votre Exp\u00e9rience de Surf avec Notre Collection\",\"item\":\"https:\/\/elevatesurf.ch\/shop\/\"},{\"@type\":\"ListItem\",\"position\":3,\"name\":\"ROCKET WING ASC\"}]},{\"@type\":\"WebSite\",\"@id\":\"https:\/\/elevatesurf.ch\/#website\",\"url\":\"https:\/\/elevatesurf.ch\/\",\"name\":\"Elevatesurf\",\"description\":\"Surfez vers de nouveaux sommets avec ElevateSurf ! Kiteshop, Wingshop\",\"publisher\":{\"@id\":\"https:\/\/elevatesurf.ch\/#organization\"},\"potentialAction\":[{\"@type\":\"SearchAction\",\"target\":{\"@type\":\"EntryPoint\",\"urlTemplate\":\"https:\/\/elevatesurf.ch\/?s={search_term_string}\"},\"query-input\":\"required name=search_term_string\"}],\"inLanguage\":\"fr-FR\"},{\"@type\":\"Organization\",\"@id\":\"https:\/\/elevatesurf.ch\/#organization\",\"name\":\"Elevatesurf\",\"url\":\"https:\/\/elevatesurf.ch\/\",\"logo\":{\"@type\":\"ImageObject\",\"inLanguage\":\"fr-FR\",\"@id\":\"https:\/\/elevatesurf.ch\/#\/schema\/logo\/image\/\",\"url\":\"https:\/\/elevatesurf.ch\/wp-content\/uploads\/2024\/06\/67c2ec70-bdf5-4c14-898a-ded5b2051398.jpg\",\"contentUrl\":\"https:\/\/elevatesurf.ch\/wp-content\/uploads\/2024\/06\/67c2ec70-bdf5-4c14-898a-ded5b2051398.jpg\",\"width\":1024,\"height\":1024,\"caption\":\"Elevatesurf\"},\"image\":{\"@id\":\"https:\/\/elevatesurf.ch\/#\/schema\/logo\/image\/\"},\"sameAs\":[\"https:\/\/www.instagram.com\/elevate__surf\/\"]}]}<\/script>\n<!-- \/ Yoast SEO plugin. -->","yoast_head_json":{"title":"ROCKET WING ASC - Elevatesurf","description":"Elevatesurf ROCKET WING ASC","robots":{"index":"index","follow":"follow","max-snippet":"max-snippet:-1","max-image-preview":"max-image-preview:large","max-video-preview":"max-video-preview:-1"},"canonical":"https:\/\/elevatesurf.ch\/fr\/product\/rocket-wing-asc-2\/","og_locale":"fr_FR","og_type":"article","og_title":"ROCKET WING ASC - Elevatesurf","og_description":"Elevatesurf ROCKET WING ASC","og_url":"https:\/\/elevatesurf.ch\/fr\/product\/rocket-wing-asc-2\/","og_site_name":"Elevatesurf","article_modified_time":"2026-05-11T04:27:03+00:00","twitter_card":"summary_large_image","twitter_misc":{"Dur\u00e9e de lecture estim\u00e9e":"1 minute"},"schema":{"@context":"https:\/\/schema.org","@graph":[{"@type":["WebPage","ItemPage"],"@id":"https:\/\/elevatesurf.ch\/fr\/product\/rocket-wing-asc-2\/","url":"https:\/\/elevatesurf.ch\/fr\/product\/rocket-wing-asc-2\/","name":"ROCKET WING ASC - Elevatesurf","isPartOf":{"@id":"https:\/\/elevatesurf.ch\/#website"},"primaryImageOfPage":{"@id":"https:\/\/elevatesurf.ch\/fr\/product\/rocket-wing-asc-2\/#primaryimage"},"image":{"@id":"https:\/\/elevatesurf.ch\/fr\/product\/rocket-wing-asc-2\/#primaryimage"},"thumbnailUrl":"https:\/\/elevatesurf.ch\/wp-content\/uploads\/2026\/05\/rocket-wing-asc.jpg","datePublished":"2026-05-11T04:26:53+00:00","dateModified":"2026-05-11T04:27:03+00:00","description":"Elevatesurf ROCKET WING ASC","breadcrumb":{"@id":"https:\/\/elevatesurf.ch\/fr\/product\/rocket-wing-asc-2\/#breadcrumb"},"inLanguage":"fr-FR","potentialAction":[{"@type":"ReadAction","target":["https:\/\/elevatesurf.ch\/fr\/product\/rocket-wing-asc-2\/"]}]},{"@type":"ImageObject","inLanguage":"fr-FR","@id":"https:\/\/elevatesurf.ch\/fr\/product\/rocket-wing-asc-2\/#primaryimage","url":"https:\/\/elevatesurf.ch\/wp-content\/uploads\/2026\/05\/rocket-wing-asc.jpg","contentUrl":"https:\/\/elevatesurf.ch\/wp-content\/uploads\/2026\/05\/rocket-wing-asc.jpg","width":1600,"height":1600},{"@type":"BreadcrumbList","@id":"https:\/\/elevatesurf.ch\/fr\/product\/rocket-wing-asc-2\/#breadcrumb","itemListElement":[{"@type":"ListItem","position":1,"name":"Accueil","item":"https:\/\/elevatesurf.ch\/"},{"@type":"ListItem","position":2,"name":"Shop &#8211; \u00c9levez Votre Exp\u00e9rience de Surf avec Notre Collection","item":"https:\/\/elevatesurf.ch\/shop\/"},{"@type":"ListItem","position":3,"name":"ROCKET WING ASC"}]},{"@type":"WebSite","@id":"https:\/\/elevatesurf.ch\/#website","url":"https:\/\/elevatesurf.ch\/","name":"Elevatesurf","description":"Surfez vers de nouveaux sommets avec ElevateSurf ! Kiteshop, Wingshop","publisher":{"@id":"https:\/\/elevatesurf.ch\/#organization"},"potentialAction":[{"@type":"SearchAction","target":{"@type":"EntryPoint","urlTemplate":"https:\/\/elevatesurf.ch\/?s={search_term_string}"},"query-input":"required name=search_term_string"}],"inLanguage":"fr-FR"},{"@type":"Organization","@id":"https:\/\/elevatesurf.ch\/#organization","name":"Elevatesurf","url":"https:\/\/elevatesurf.ch\/","logo":{"@type":"ImageObject","inLanguage":"fr-FR","@id":"https:\/\/elevatesurf.ch\/#\/schema\/logo\/image\/","url":"https:\/\/elevatesurf.ch\/wp-content\/uploads\/2024\/06\/67c2ec70-bdf5-4c14-898a-ded5b2051398.jpg","contentUrl":"https:\/\/elevatesurf.ch\/wp-content\/uploads\/2024\/06\/67c2ec70-bdf5-4c14-898a-ded5b2051398.jpg","width":1024,"height":1024,"caption":"Elevatesurf"},"image":{"@id":"https:\/\/elevatesurf.ch\/#\/schema\/logo\/image\/"},"sameAs":["https:\/\/www.instagram.com\/elevate__surf\/"]}]}},"_links":{"self":[{"href":"https:\/\/elevatesurf.ch\/fr\/wp-json\/wp\/v2\/product\/29478","targetHints":{"allow":["GET"]}}],"collection":[{"href":"https:\/\/elevatesurf.ch\/fr\/wp-json\/wp\/v2\/product"}],"about":[{"href":"https:\/\/elevatesurf.ch\/fr\/wp-json\/wp\/v2\/types\/product"}],"replies":[{"embeddable":true,"href":"https:\/\/elevatesurf.ch\/fr\/wp-json\/wp\/v2\/comments?post=29478"}],"wp:featuredmedia":[{"embeddable":true,"href":"https:\/\/elevatesurf.ch\/fr\/wp-json\/wp\/v2\/media\/29477"}],"wp:attachment":[{"href":"https:\/\/elevatesurf.ch\/fr\/wp-json\/wp\/v2\/media?parent=29478"}],"wp:term":[{"taxonomy":"product_cat","embeddable":true,"href":"https:\/\/elevatesurf.ch\/fr\/wp-json\/wp\/v2\/product_cat?post=29478"},{"taxonomy":"product_tag","embeddable":true,"href":"https:\/\/elevatesurf.ch\/fr\/wp-json\/wp\/v2\/product_tag?post=29478"}],"curies":[{"name":"wp","href":"https:\/\/api.w.org\/{rel}","templated":true}]}}