{"id":29547,"date":"2026-05-11T04:30:28","date_gmt":"2026-05-11T04:30:28","guid":{"rendered":"https:\/\/elevatesurf.ch\/fr\/product\/plane-sk8-950-carving-158-xs\/"},"modified":"2026-05-11T04:30:28","modified_gmt":"2026-05-11T04:30:28","slug":"plane-sk8-950-carving-158-xs","status":"publish","type":"product","link":"https:\/\/elevatesurf.ch\/fr\/product\/plane-sk8-950-carving-158-xs\/","title":{"rendered":"PLANE SK8 950 (CARVING 158 XS)"},"content":{"rendered":"<p>Pour cette troisi\u00e8me g\u00e9n\u00e9ration de SK8, le profil et l&rsquo;outline du foil ont \u00e9t\u00e9 retravaill\u00e9s pour offrir une sensation toujours plus proche du \u00ab feeling surf \u00bb, garantissant une pression constante, que ce soit pour carver dans la partie critique de la vague ou pour faire de la wing surtoil\u00e9 dans le clapot.<\/p>\n<p>Avec des wingtips affin\u00e9s et un drapage carbone perfectionn\u00e9, la SK8 reste rapide et joueuse tout en gagnant en maniabilit\u00e9, en confort et en efficacit\u00e9 en plage basse. Elle g\u00e8re les sorties de l\u2019eau avec facilit\u00e9, et permet des turns serr\u00e9s et des transitions faciles.<\/p>\n<p>Le r\u00e9sultat est un foil intuitif et r\u00e9actif, qui vous invite \u00e0 repousser vos limites d\u00e8s que vous montez dessus. La SK8 encha\u00eene davantage de virages et offre de meilleures performances dans des conditions plus vari\u00e9es. Elle offre un appui parfaitement \u00e9quilibr\u00e9 entre pied avant et pied arri\u00e8re : pas de surpuissance, pas de coups et sans marsouiner, juste un contr\u00f4le r\u00e9gulier tout au long de la session.<\/p>\n<p>La nouvelle SK8 conserve \u00e9galement toute sa maniabilit\u00e9 sur toute la plage de vitesse. Il reste \u00ab loose \u00bb et r\u00e9actif, sans jamais se bloquer, m\u00eame \u00e0 pleine vitesse.<\/p>\n<p>Que ce soit pour carver de petites vagues ou des bumps en pleine mer, pour aller taper la mousse ou pour encha\u00eener les turns sur les longues vagues qui d\u00e9roulent, la SK8 s&rsquo;anime sous vos pieds. En wing, elle brille gr\u00e2ce \u00e0 sa glisse \u00e0 vitesses \u00e9lev\u00e9es et ses performances au pr\u00e8s, vous permettant de naviguer rapidement sans trop forcer sur votre wing ou vos bras.<\/p>\n<p>Des vagues propres aux bumps clapoteux, la SK8 est le foil qu&rsquo;il vous faut pour carver et profiter de cette pure sensation de surf.<\/p>\n","protected":false},"excerpt":{"rendered":"<p>Intuitive, r\u00e9active et incroyablement joueuse, la nouvelle SK8 s&rsquo;appuie sur les atouts reconnus de sa pr\u00e9d\u00e9cesseur et b\u00e9n\u00e9ficie d\u2019un design retravaill\u00e9, d\u2019une construction am\u00e9lior\u00e9e et d\u2019une sensation de surf incomparable, avec encore plus de glisse, de contr\u00f4le et de libert\u00e9 en carving.<\/p>\n<ul>\n<li>Aspect Ratio: 8.0<\/li>\n<li>Le nouveau profil garantit une pression parfaitement \u00e9quilibr\u00e9e pied avant\/arri\u00e8re<\/li>\n<li>Outline et wingtips revus pour un roll am\u00e9lior\u00e9 et une maniabilit\u00e9 plus pr\u00e9cise<\/li>\n<li>Foil agile sur toute la plage de vitesse, m\u00eame en cas de surpuissance<\/li>\n<li>Le foil le plus polyvalent de la gamme, con\u00e7u pour tout faire<\/li>\n<li>Connexion TITAN 2 pour plus de pr\u00e9cision et sensations directes<\/li>\n<li>Dynamic Structural Design: Layup optimis\u00e9 pour plus de contr\u00f4le et stabilit\u00e9<\/li>\n<\/ul>\n","protected":false},"featured_media":29543,"comment_status":"open","ping_status":"closed","template":"","meta":[],"product_cat":[1040,1046],"product_tag":[],"class_list":{"0":"post-29547","1":"product","2":"type-product","3":"status-publish","4":"has-post-thumbnail","6":"product_cat-foil","7":"product_cat-plane","8":"product_brand-f-one","10":"first","11":"outofstock","12":"shipping-taxable","13":"purchasable","14":"product-type-simple"},"yoast_head":"<!-- This site is optimized with the Yoast SEO plugin v22.8 - https:\/\/yoast.com\/wordpress\/plugins\/seo\/ -->\n<title>PLANE SK8 950 (CARVING 158 XS) - Elevatesurf<\/title>\n<meta name=\"description\" content=\"Elevatesurf PLANE SK8 950 (CARVING 158 XS)\" \/>\n<meta name=\"robots\" content=\"index, follow, max-snippet:-1, max-image-preview:large, max-video-preview:-1\" \/>\n<link rel=\"canonical\" href=\"https:\/\/elevatesurf.ch\/fr\/product\/plane-sk8-950-carving-158-xs\/\" \/>\n<meta property=\"og:locale\" content=\"fr_FR\" \/>\n<meta property=\"og:type\" content=\"article\" \/>\n<meta property=\"og:title\" content=\"PLANE SK8 950 (CARVING 158 XS) - Elevatesurf\" \/>\n<meta property=\"og:description\" content=\"Elevatesurf PLANE SK8 950 (CARVING 158 XS)\" \/>\n<meta property=\"og:url\" content=\"https:\/\/elevatesurf.ch\/fr\/product\/plane-sk8-950-carving-158-xs\/\" \/>\n<meta property=\"og:site_name\" content=\"Elevatesurf\" \/>\n<meta name=\"twitter:card\" content=\"summary_large_image\" \/>\n<meta name=\"twitter:label1\" content=\"Dur\u00e9e de lecture estim\u00e9e\" \/>\n\t<meta name=\"twitter:data1\" content=\"1 minute\" \/>\n<script type=\"application\/ld+json\" class=\"yoast-schema-graph\">{\"@context\":\"https:\/\/schema.org\",\"@graph\":[{\"@type\":[\"WebPage\",\"ItemPage\"],\"@id\":\"https:\/\/elevatesurf.ch\/fr\/product\/plane-sk8-950-carving-158-xs\/\",\"url\":\"https:\/\/elevatesurf.ch\/fr\/product\/plane-sk8-950-carving-158-xs\/\",\"name\":\"PLANE SK8 950 (CARVING 158 XS) - Elevatesurf\",\"isPartOf\":{\"@id\":\"https:\/\/elevatesurf.ch\/#website\"},\"primaryImageOfPage\":{\"@id\":\"https:\/\/elevatesurf.ch\/fr\/product\/plane-sk8-950-carving-158-xs\/#primaryimage\"},\"image\":{\"@id\":\"https:\/\/elevatesurf.ch\/fr\/product\/plane-sk8-950-carving-158-xs\/#primaryimage\"},\"thumbnailUrl\":\"https:\/\/elevatesurf.ch\/wp-content\/uploads\/2026\/05\/plane-sk8-950-carving-158-xs.png\",\"datePublished\":\"2026-05-11T04:30:28+00:00\",\"dateModified\":\"2026-05-11T04:30:28+00:00\",\"description\":\"Elevatesurf PLANE SK8 950 (CARVING 158 XS)\",\"breadcrumb\":{\"@id\":\"https:\/\/elevatesurf.ch\/fr\/product\/plane-sk8-950-carving-158-xs\/#breadcrumb\"},\"inLanguage\":\"fr-FR\",\"potentialAction\":[{\"@type\":\"ReadAction\",\"target\":[\"https:\/\/elevatesurf.ch\/fr\/product\/plane-sk8-950-carving-158-xs\/\"]}]},{\"@type\":\"ImageObject\",\"inLanguage\":\"fr-FR\",\"@id\":\"https:\/\/elevatesurf.ch\/fr\/product\/plane-sk8-950-carving-158-xs\/#primaryimage\",\"url\":\"https:\/\/elevatesurf.ch\/wp-content\/uploads\/2026\/05\/plane-sk8-950-carving-158-xs.png\",\"contentUrl\":\"https:\/\/elevatesurf.ch\/wp-content\/uploads\/2026\/05\/plane-sk8-950-carving-158-xs.png\",\"width\":2000,\"height\":2000},{\"@type\":\"BreadcrumbList\",\"@id\":\"https:\/\/elevatesurf.ch\/fr\/product\/plane-sk8-950-carving-158-xs\/#breadcrumb\",\"itemListElement\":[{\"@type\":\"ListItem\",\"position\":1,\"name\":\"Accueil\",\"item\":\"https:\/\/elevatesurf.ch\/\"},{\"@type\":\"ListItem\",\"position\":2,\"name\":\"Shop &#8211; \u00c9levez Votre Exp\u00e9rience de Surf avec Notre Collection\",\"item\":\"https:\/\/elevatesurf.ch\/shop\/\"},{\"@type\":\"ListItem\",\"position\":3,\"name\":\"PLANE SK8 950 (CARVING 158 XS)\"}]},{\"@type\":\"WebSite\",\"@id\":\"https:\/\/elevatesurf.ch\/#website\",\"url\":\"https:\/\/elevatesurf.ch\/\",\"name\":\"Elevatesurf\",\"description\":\"Surfez vers de nouveaux sommets avec ElevateSurf ! Kiteshop, Wingshop\",\"publisher\":{\"@id\":\"https:\/\/elevatesurf.ch\/#organization\"},\"potentialAction\":[{\"@type\":\"SearchAction\",\"target\":{\"@type\":\"EntryPoint\",\"urlTemplate\":\"https:\/\/elevatesurf.ch\/?s={search_term_string}\"},\"query-input\":\"required name=search_term_string\"}],\"inLanguage\":\"fr-FR\"},{\"@type\":\"Organization\",\"@id\":\"https:\/\/elevatesurf.ch\/#organization\",\"name\":\"Elevatesurf\",\"url\":\"https:\/\/elevatesurf.ch\/\",\"logo\":{\"@type\":\"ImageObject\",\"inLanguage\":\"fr-FR\",\"@id\":\"https:\/\/elevatesurf.ch\/#\/schema\/logo\/image\/\",\"url\":\"https:\/\/elevatesurf.ch\/wp-content\/uploads\/2024\/06\/67c2ec70-bdf5-4c14-898a-ded5b2051398.jpg\",\"contentUrl\":\"https:\/\/elevatesurf.ch\/wp-content\/uploads\/2024\/06\/67c2ec70-bdf5-4c14-898a-ded5b2051398.jpg\",\"width\":1024,\"height\":1024,\"caption\":\"Elevatesurf\"},\"image\":{\"@id\":\"https:\/\/elevatesurf.ch\/#\/schema\/logo\/image\/\"},\"sameAs\":[\"https:\/\/www.instagram.com\/elevate__surf\/\"]}]}<\/script>\n<!-- \/ Yoast SEO plugin. -->","yoast_head_json":{"title":"PLANE SK8 950 (CARVING 158 XS) - Elevatesurf","description":"Elevatesurf PLANE SK8 950 (CARVING 158 XS)","robots":{"index":"index","follow":"follow","max-snippet":"max-snippet:-1","max-image-preview":"max-image-preview:large","max-video-preview":"max-video-preview:-1"},"canonical":"https:\/\/elevatesurf.ch\/fr\/product\/plane-sk8-950-carving-158-xs\/","og_locale":"fr_FR","og_type":"article","og_title":"PLANE SK8 950 (CARVING 158 XS) - Elevatesurf","og_description":"Elevatesurf PLANE SK8 950 (CARVING 158 XS)","og_url":"https:\/\/elevatesurf.ch\/fr\/product\/plane-sk8-950-carving-158-xs\/","og_site_name":"Elevatesurf","twitter_card":"summary_large_image","twitter_misc":{"Dur\u00e9e de lecture estim\u00e9e":"1 minute"},"schema":{"@context":"https:\/\/schema.org","@graph":[{"@type":["WebPage","ItemPage"],"@id":"https:\/\/elevatesurf.ch\/fr\/product\/plane-sk8-950-carving-158-xs\/","url":"https:\/\/elevatesurf.ch\/fr\/product\/plane-sk8-950-carving-158-xs\/","name":"PLANE SK8 950 (CARVING 158 XS) - Elevatesurf","isPartOf":{"@id":"https:\/\/elevatesurf.ch\/#website"},"primaryImageOfPage":{"@id":"https:\/\/elevatesurf.ch\/fr\/product\/plane-sk8-950-carving-158-xs\/#primaryimage"},"image":{"@id":"https:\/\/elevatesurf.ch\/fr\/product\/plane-sk8-950-carving-158-xs\/#primaryimage"},"thumbnailUrl":"https:\/\/elevatesurf.ch\/wp-content\/uploads\/2026\/05\/plane-sk8-950-carving-158-xs.png","datePublished":"2026-05-11T04:30:28+00:00","dateModified":"2026-05-11T04:30:28+00:00","description":"Elevatesurf PLANE SK8 950 (CARVING 158 XS)","breadcrumb":{"@id":"https:\/\/elevatesurf.ch\/fr\/product\/plane-sk8-950-carving-158-xs\/#breadcrumb"},"inLanguage":"fr-FR","potentialAction":[{"@type":"ReadAction","target":["https:\/\/elevatesurf.ch\/fr\/product\/plane-sk8-950-carving-158-xs\/"]}]},{"@type":"ImageObject","inLanguage":"fr-FR","@id":"https:\/\/elevatesurf.ch\/fr\/product\/plane-sk8-950-carving-158-xs\/#primaryimage","url":"https:\/\/elevatesurf.ch\/wp-content\/uploads\/2026\/05\/plane-sk8-950-carving-158-xs.png","contentUrl":"https:\/\/elevatesurf.ch\/wp-content\/uploads\/2026\/05\/plane-sk8-950-carving-158-xs.png","width":2000,"height":2000},{"@type":"BreadcrumbList","@id":"https:\/\/elevatesurf.ch\/fr\/product\/plane-sk8-950-carving-158-xs\/#breadcrumb","itemListElement":[{"@type":"ListItem","position":1,"name":"Accueil","item":"https:\/\/elevatesurf.ch\/"},{"@type":"ListItem","position":2,"name":"Shop &#8211; \u00c9levez Votre Exp\u00e9rience de Surf avec Notre Collection","item":"https:\/\/elevatesurf.ch\/shop\/"},{"@type":"ListItem","position":3,"name":"PLANE SK8 950 (CARVING 158 XS)"}]},{"@type":"WebSite","@id":"https:\/\/elevatesurf.ch\/#website","url":"https:\/\/elevatesurf.ch\/","name":"Elevatesurf","description":"Surfez vers de nouveaux sommets avec ElevateSurf ! Kiteshop, Wingshop","publisher":{"@id":"https:\/\/elevatesurf.ch\/#organization"},"potentialAction":[{"@type":"SearchAction","target":{"@type":"EntryPoint","urlTemplate":"https:\/\/elevatesurf.ch\/?s={search_term_string}"},"query-input":"required name=search_term_string"}],"inLanguage":"fr-FR"},{"@type":"Organization","@id":"https:\/\/elevatesurf.ch\/#organization","name":"Elevatesurf","url":"https:\/\/elevatesurf.ch\/","logo":{"@type":"ImageObject","inLanguage":"fr-FR","@id":"https:\/\/elevatesurf.ch\/#\/schema\/logo\/image\/","url":"https:\/\/elevatesurf.ch\/wp-content\/uploads\/2024\/06\/67c2ec70-bdf5-4c14-898a-ded5b2051398.jpg","contentUrl":"https:\/\/elevatesurf.ch\/wp-content\/uploads\/2024\/06\/67c2ec70-bdf5-4c14-898a-ded5b2051398.jpg","width":1024,"height":1024,"caption":"Elevatesurf"},"image":{"@id":"https:\/\/elevatesurf.ch\/#\/schema\/logo\/image\/"},"sameAs":["https:\/\/www.instagram.com\/elevate__surf\/"]}]}},"_links":{"self":[{"href":"https:\/\/elevatesurf.ch\/fr\/wp-json\/wp\/v2\/product\/29547","targetHints":{"allow":["GET"]}}],"collection":[{"href":"https:\/\/elevatesurf.ch\/fr\/wp-json\/wp\/v2\/product"}],"about":[{"href":"https:\/\/elevatesurf.ch\/fr\/wp-json\/wp\/v2\/types\/product"}],"replies":[{"embeddable":true,"href":"https:\/\/elevatesurf.ch\/fr\/wp-json\/wp\/v2\/comments?post=29547"}],"wp:featuredmedia":[{"embeddable":true,"href":"https:\/\/elevatesurf.ch\/fr\/wp-json\/wp\/v2\/media\/29543"}],"wp:attachment":[{"href":"https:\/\/elevatesurf.ch\/fr\/wp-json\/wp\/v2\/media?parent=29547"}],"wp:term":[{"taxonomy":"product_cat","embeddable":true,"href":"https:\/\/elevatesurf.ch\/fr\/wp-json\/wp\/v2\/product_cat?post=29547"},{"taxonomy":"product_tag","embeddable":true,"href":"https:\/\/elevatesurf.ch\/fr\/wp-json\/wp\/v2\/product_tag?post=29547"}],"curies":[{"name":"wp","href":"https:\/\/api.w.org\/{rel}","templated":true}]}}