{"id":29570,"date":"2026-05-11T04:31:33","date_gmt":"2026-05-11T04:31:33","guid":{"rendered":"https:\/\/elevatesurf.ch\/fr\/product\/rocket-wing-crossover\/"},"modified":"2026-05-11T04:31:50","modified_gmt":"2026-05-11T04:31:50","slug":"rocket-wing-crossover","status":"publish","type":"product","link":"https:\/\/elevatesurf.ch\/fr\/product\/rocket-wing-crossover\/","title":{"rendered":"ROCKET WING CROSSOVER"},"content":{"rendered":"<p>La ROCKET WING CROSSOVER se positionne comme une \u00e9vidence afin de n\u2019avoir qu\u2019une seule planche dans son quiver. Elle offre suffisamment de volume pour apporter stabilit\u00e9 et facilit\u00e9 au take-off, \u00a0tout en restant r\u00e9active et maniable gr\u00e2ce \u00e0 sa largeur mod\u00e9r\u00e9e et \u00e0 son nose et son tail plus \u00e9ffil\u00e9s.<\/p>\n<\/p>\n<p>La ROCKET WING CROSSOVER s\u2019appuie sur les \u00e9l\u00e9ments cl\u00e9s du design de la ROCKET WING-S, alliant facilit\u00e9 d\u2019utilisation et performances accrues : un shape optimis\u00e9 au niveau de la car\u00e8ne et du tail, un pont ergonomique, placement id\u00e9al du volume \u00e0 l\u2019avant et un appui pied avant\/arri\u00e8re bien r\u00e9parti.<\/p>\n<\/p>\n<p>Gr\u00e2ce \u00e0 son nouveau shape, la CROSSOVER est encore plus efficace, avec du volume pour flotter, une superbe glisse au d\u00e9collage et moins de tra\u00een\u00e9e durant les touchettes pour garder un ride fluide et contr\u00f4l\u00e9.<\/p>\n<\/p>\n<p>La position du foil est \u00e9galement un peu plus avanc\u00e9e par rapport aux autres planches de la gamme ROCKET WING gr\u00e2ce \u00e0 ce nouveau shape, ce qui permet un meilleur pumping, une meilleure r\u00e9activit\u00e9 dans les virages et des man\u0153uvres plus agr\u00e9ables.<\/p>\n<\/p>\n<p>La construction bambou et les renforts en bambou sur le pont am\u00e8nent une r\u00e9sistance accrue \u00e0 la planche.<\/p>\n<\/p>\n<p>Avec des longueurs entre 5\u20192 et 6\u20194 et des volumes allant de 65 \u00e0 133 litres, la ROCKET WING CROSSOVER est parfaite pour ceux qui recherchent une planche polyvalente, parfaite \u00e0 prendre sur chaque trip et offrant plus de r\u00e9activit\u00e9 tout en ayant un peu plus de volume et de largeur pour une stabilit\u00e9 incroyable.<\/p>\n","protected":false},"excerpt":{"rendered":"<p class=\"p1\">La nouvelle ROCKET WING CROSSOVER est le dernier mod\u00e8le de planche F-ONE pour les riders qui veulent tout en une seule planche\u00a0: glisse, maniabilit\u00e9, stabilit\u00e9 et polyvalence. Avec son shape l\u00e9g\u00e8rement plus long et plus \u00e9troit, cette planche est con\u00e7ue pour offrir un maximum d\u2019efficacit\u00e9 et de performance, proposant un ride qui ne manquera pas de s\u00e9duire les wing foilers de tous niveaux.<\/p>\n<ul class=\"ul1\">\n<li class=\"li1\"><span>Id\u00e9ale pour n\u2019avoir qu\u2019une seule planche dans son quiver<\/span><\/li>\n<li class=\"li1\"><span>Polyvalence tous terrains \u2013 freeride, vagues, plan d\u2019eau plats, downwinds<\/span><\/li>\n<li class=\"li1\"><span>Shape long et affin\u00e9 pour une grande efficacit\u00e9, mais avec suffisamment de largeur et de volume pour une grande stabilit\u00e9<\/span><\/li>\n<li class=\"li1\"><span>Excellente glisse pour les d\u00e9collages et tra\u00een\u00e9e minimale lors des touchettes<\/span><\/li>\n<\/ul>\n","protected":false},"featured_media":29569,"comment_status":"open","ping_status":"closed","template":"","meta":[],"product_cat":[1020],"product_tag":[],"class_list":{"0":"post-29570","1":"product","2":"type-product","3":"status-publish","4":"has-post-thumbnail","6":"product_cat-foilboard","7":"product_brand-f-one","9":"first","10":"instock","11":"shipping-taxable","12":"purchasable","13":"product-type-variable"},"yoast_head":"<!-- This site is optimized with the Yoast SEO plugin v22.8 - https:\/\/yoast.com\/wordpress\/plugins\/seo\/ -->\n<title>ROCKET WING CROSSOVER - Elevatesurf<\/title>\n<meta name=\"description\" content=\"Elevatesurf ROCKET WING CROSSOVER\" \/>\n<meta name=\"robots\" content=\"index, follow, max-snippet:-1, max-image-preview:large, max-video-preview:-1\" \/>\n<link rel=\"canonical\" href=\"https:\/\/elevatesurf.ch\/fr\/product\/rocket-wing-crossover\/\" \/>\n<meta property=\"og:locale\" content=\"fr_FR\" \/>\n<meta property=\"og:type\" content=\"article\" \/>\n<meta property=\"og:title\" content=\"ROCKET WING CROSSOVER - Elevatesurf\" \/>\n<meta property=\"og:description\" content=\"Elevatesurf ROCKET WING CROSSOVER\" \/>\n<meta property=\"og:url\" content=\"https:\/\/elevatesurf.ch\/fr\/product\/rocket-wing-crossover\/\" \/>\n<meta property=\"og:site_name\" content=\"Elevatesurf\" \/>\n<meta property=\"article:modified_time\" content=\"2026-05-11T04:31:50+00:00\" \/>\n<meta name=\"twitter:card\" content=\"summary_large_image\" \/>\n<meta name=\"twitter:label1\" content=\"Dur\u00e9e de lecture estim\u00e9e\" \/>\n\t<meta name=\"twitter:data1\" content=\"1 minute\" \/>\n<script type=\"application\/ld+json\" class=\"yoast-schema-graph\">{\"@context\":\"https:\/\/schema.org\",\"@graph\":[{\"@type\":[\"WebPage\",\"ItemPage\"],\"@id\":\"https:\/\/elevatesurf.ch\/fr\/product\/rocket-wing-crossover\/\",\"url\":\"https:\/\/elevatesurf.ch\/fr\/product\/rocket-wing-crossover\/\",\"name\":\"ROCKET WING CROSSOVER - Elevatesurf\",\"isPartOf\":{\"@id\":\"https:\/\/elevatesurf.ch\/#website\"},\"primaryImageOfPage\":{\"@id\":\"https:\/\/elevatesurf.ch\/fr\/product\/rocket-wing-crossover\/#primaryimage\"},\"image\":{\"@id\":\"https:\/\/elevatesurf.ch\/fr\/product\/rocket-wing-crossover\/#primaryimage\"},\"thumbnailUrl\":\"https:\/\/elevatesurf.ch\/wp-content\/uploads\/2026\/05\/rocket-wing-crossover-scaled.jpg\",\"datePublished\":\"2026-05-11T04:31:33+00:00\",\"dateModified\":\"2026-05-11T04:31:50+00:00\",\"description\":\"Elevatesurf ROCKET WING CROSSOVER\",\"breadcrumb\":{\"@id\":\"https:\/\/elevatesurf.ch\/fr\/product\/rocket-wing-crossover\/#breadcrumb\"},\"inLanguage\":\"fr-FR\",\"potentialAction\":[{\"@type\":\"ReadAction\",\"target\":[\"https:\/\/elevatesurf.ch\/fr\/product\/rocket-wing-crossover\/\"]}]},{\"@type\":\"ImageObject\",\"inLanguage\":\"fr-FR\",\"@id\":\"https:\/\/elevatesurf.ch\/fr\/product\/rocket-wing-crossover\/#primaryimage\",\"url\":\"https:\/\/elevatesurf.ch\/wp-content\/uploads\/2026\/05\/rocket-wing-crossover-scaled.jpg\",\"contentUrl\":\"https:\/\/elevatesurf.ch\/wp-content\/uploads\/2026\/05\/rocket-wing-crossover-scaled.jpg\",\"width\":2560,\"height\":2560},{\"@type\":\"BreadcrumbList\",\"@id\":\"https:\/\/elevatesurf.ch\/fr\/product\/rocket-wing-crossover\/#breadcrumb\",\"itemListElement\":[{\"@type\":\"ListItem\",\"position\":1,\"name\":\"Accueil\",\"item\":\"https:\/\/elevatesurf.ch\/\"},{\"@type\":\"ListItem\",\"position\":2,\"name\":\"Shop &#8211; \u00c9levez Votre Exp\u00e9rience de Surf avec Notre Collection\",\"item\":\"https:\/\/elevatesurf.ch\/shop\/\"},{\"@type\":\"ListItem\",\"position\":3,\"name\":\"ROCKET WING CROSSOVER\"}]},{\"@type\":\"WebSite\",\"@id\":\"https:\/\/elevatesurf.ch\/#website\",\"url\":\"https:\/\/elevatesurf.ch\/\",\"name\":\"Elevatesurf\",\"description\":\"Surfez vers de nouveaux sommets avec ElevateSurf ! Kiteshop, Wingshop\",\"publisher\":{\"@id\":\"https:\/\/elevatesurf.ch\/#organization\"},\"potentialAction\":[{\"@type\":\"SearchAction\",\"target\":{\"@type\":\"EntryPoint\",\"urlTemplate\":\"https:\/\/elevatesurf.ch\/?s={search_term_string}\"},\"query-input\":\"required name=search_term_string\"}],\"inLanguage\":\"fr-FR\"},{\"@type\":\"Organization\",\"@id\":\"https:\/\/elevatesurf.ch\/#organization\",\"name\":\"Elevatesurf\",\"url\":\"https:\/\/elevatesurf.ch\/\",\"logo\":{\"@type\":\"ImageObject\",\"inLanguage\":\"fr-FR\",\"@id\":\"https:\/\/elevatesurf.ch\/#\/schema\/logo\/image\/\",\"url\":\"https:\/\/elevatesurf.ch\/wp-content\/uploads\/2024\/06\/67c2ec70-bdf5-4c14-898a-ded5b2051398.jpg\",\"contentUrl\":\"https:\/\/elevatesurf.ch\/wp-content\/uploads\/2024\/06\/67c2ec70-bdf5-4c14-898a-ded5b2051398.jpg\",\"width\":1024,\"height\":1024,\"caption\":\"Elevatesurf\"},\"image\":{\"@id\":\"https:\/\/elevatesurf.ch\/#\/schema\/logo\/image\/\"},\"sameAs\":[\"https:\/\/www.instagram.com\/elevate__surf\/\"]}]}<\/script>\n<!-- \/ Yoast SEO plugin. -->","yoast_head_json":{"title":"ROCKET WING CROSSOVER - Elevatesurf","description":"Elevatesurf ROCKET WING CROSSOVER","robots":{"index":"index","follow":"follow","max-snippet":"max-snippet:-1","max-image-preview":"max-image-preview:large","max-video-preview":"max-video-preview:-1"},"canonical":"https:\/\/elevatesurf.ch\/fr\/product\/rocket-wing-crossover\/","og_locale":"fr_FR","og_type":"article","og_title":"ROCKET WING CROSSOVER - Elevatesurf","og_description":"Elevatesurf ROCKET WING CROSSOVER","og_url":"https:\/\/elevatesurf.ch\/fr\/product\/rocket-wing-crossover\/","og_site_name":"Elevatesurf","article_modified_time":"2026-05-11T04:31:50+00:00","twitter_card":"summary_large_image","twitter_misc":{"Dur\u00e9e de lecture estim\u00e9e":"1 minute"},"schema":{"@context":"https:\/\/schema.org","@graph":[{"@type":["WebPage","ItemPage"],"@id":"https:\/\/elevatesurf.ch\/fr\/product\/rocket-wing-crossover\/","url":"https:\/\/elevatesurf.ch\/fr\/product\/rocket-wing-crossover\/","name":"ROCKET WING CROSSOVER - Elevatesurf","isPartOf":{"@id":"https:\/\/elevatesurf.ch\/#website"},"primaryImageOfPage":{"@id":"https:\/\/elevatesurf.ch\/fr\/product\/rocket-wing-crossover\/#primaryimage"},"image":{"@id":"https:\/\/elevatesurf.ch\/fr\/product\/rocket-wing-crossover\/#primaryimage"},"thumbnailUrl":"https:\/\/elevatesurf.ch\/wp-content\/uploads\/2026\/05\/rocket-wing-crossover-scaled.jpg","datePublished":"2026-05-11T04:31:33+00:00","dateModified":"2026-05-11T04:31:50+00:00","description":"Elevatesurf ROCKET WING CROSSOVER","breadcrumb":{"@id":"https:\/\/elevatesurf.ch\/fr\/product\/rocket-wing-crossover\/#breadcrumb"},"inLanguage":"fr-FR","potentialAction":[{"@type":"ReadAction","target":["https:\/\/elevatesurf.ch\/fr\/product\/rocket-wing-crossover\/"]}]},{"@type":"ImageObject","inLanguage":"fr-FR","@id":"https:\/\/elevatesurf.ch\/fr\/product\/rocket-wing-crossover\/#primaryimage","url":"https:\/\/elevatesurf.ch\/wp-content\/uploads\/2026\/05\/rocket-wing-crossover-scaled.jpg","contentUrl":"https:\/\/elevatesurf.ch\/wp-content\/uploads\/2026\/05\/rocket-wing-crossover-scaled.jpg","width":2560,"height":2560},{"@type":"BreadcrumbList","@id":"https:\/\/elevatesurf.ch\/fr\/product\/rocket-wing-crossover\/#breadcrumb","itemListElement":[{"@type":"ListItem","position":1,"name":"Accueil","item":"https:\/\/elevatesurf.ch\/"},{"@type":"ListItem","position":2,"name":"Shop &#8211; \u00c9levez Votre Exp\u00e9rience de Surf avec Notre Collection","item":"https:\/\/elevatesurf.ch\/shop\/"},{"@type":"ListItem","position":3,"name":"ROCKET WING CROSSOVER"}]},{"@type":"WebSite","@id":"https:\/\/elevatesurf.ch\/#website","url":"https:\/\/elevatesurf.ch\/","name":"Elevatesurf","description":"Surfez vers de nouveaux sommets avec ElevateSurf ! Kiteshop, Wingshop","publisher":{"@id":"https:\/\/elevatesurf.ch\/#organization"},"potentialAction":[{"@type":"SearchAction","target":{"@type":"EntryPoint","urlTemplate":"https:\/\/elevatesurf.ch\/?s={search_term_string}"},"query-input":"required name=search_term_string"}],"inLanguage":"fr-FR"},{"@type":"Organization","@id":"https:\/\/elevatesurf.ch\/#organization","name":"Elevatesurf","url":"https:\/\/elevatesurf.ch\/","logo":{"@type":"ImageObject","inLanguage":"fr-FR","@id":"https:\/\/elevatesurf.ch\/#\/schema\/logo\/image\/","url":"https:\/\/elevatesurf.ch\/wp-content\/uploads\/2024\/06\/67c2ec70-bdf5-4c14-898a-ded5b2051398.jpg","contentUrl":"https:\/\/elevatesurf.ch\/wp-content\/uploads\/2024\/06\/67c2ec70-bdf5-4c14-898a-ded5b2051398.jpg","width":1024,"height":1024,"caption":"Elevatesurf"},"image":{"@id":"https:\/\/elevatesurf.ch\/#\/schema\/logo\/image\/"},"sameAs":["https:\/\/www.instagram.com\/elevate__surf\/"]}]}},"_links":{"self":[{"href":"https:\/\/elevatesurf.ch\/fr\/wp-json\/wp\/v2\/product\/29570","targetHints":{"allow":["GET"]}}],"collection":[{"href":"https:\/\/elevatesurf.ch\/fr\/wp-json\/wp\/v2\/product"}],"about":[{"href":"https:\/\/elevatesurf.ch\/fr\/wp-json\/wp\/v2\/types\/product"}],"replies":[{"embeddable":true,"href":"https:\/\/elevatesurf.ch\/fr\/wp-json\/wp\/v2\/comments?post=29570"}],"wp:featuredmedia":[{"embeddable":true,"href":"https:\/\/elevatesurf.ch\/fr\/wp-json\/wp\/v2\/media\/29569"}],"wp:attachment":[{"href":"https:\/\/elevatesurf.ch\/fr\/wp-json\/wp\/v2\/media?parent=29570"}],"wp:term":[{"taxonomy":"product_cat","embeddable":true,"href":"https:\/\/elevatesurf.ch\/fr\/wp-json\/wp\/v2\/product_cat?post=29570"},{"taxonomy":"product_tag","embeddable":true,"href":"https:\/\/elevatesurf.ch\/fr\/wp-json\/wp\/v2\/product_tag?post=29570"}],"curies":[{"name":"wp","href":"https:\/\/api.w.org\/{rel}","templated":true}]}}