{"id":29579,"date":"2026-05-11T04:31:55","date_gmt":"2026-05-11T04:31:55","guid":{"rendered":"https:\/\/elevatesurf.ch\/fr\/product\/big-one-with-unibox-50mm-slate\/"},"modified":"2026-05-11T04:32:01","modified_gmt":"2026-05-11T04:32:01","slug":"big-one-with-unibox-50mm-slate","status":"publish","type":"product","link":"https:\/\/elevatesurf.ch\/fr\/product\/big-one-with-unibox-50mm-slate\/","title":{"rendered":"BIG ONE WITH UNIBOX 50MM &#8211; SLATE"},"content":{"rendered":"<p>La BIG ONE est fantastique pour les d\u00e9butants ou les riders de grande taille, et ceux qui veulent une board fiable par vent faible pour une session Twin-Tip. Avec sa grande surface, cette planche se concentre sur l\u2019adh\u00e9rence et le contr\u00f4le pour offrir un ride super stable.<\/p>\n<p>Son outline parabolique, ses bouts arrondis et ses rails fins la rendent tr\u00e8s intuitive et facile \u00e0 contr\u00f4ler.<\/p>\n<p>Gr\u00e2ce \u00e0 son double concave profond, la BIG ONE offre des sensations de planing tr\u00e8s accessibles et un ride agr\u00e9able dans toutes les conditions.\u00a0<\/p>\n<p>Sa longueur importante et largeur mod\u00e9r\u00e9e offrent un d\u00e9part au planing tr\u00e8s rapide et ais\u00e9, m\u00eame \u00e0 faible vitesse ce qui vous permets de vous concentrer pleinement sur votre kite et non sur votre planche.<\/p>\n<p>Son flex mod\u00e9r\u00e9 lui permet de se plier l\u00e9g\u00e8rement sous la charge. Cela augmente le confort et rend la planche plus maniable et moins physique \u00e0 rider. Le rocker et les tips de la planche vous aideront \u00e9galement \u00e0 naviguer dans des eaux plus agit\u00e9es si n\u00e9cessaire.<\/p>\n<p>Les ailerons sont d\u00e9cal\u00e9s pour obtenir la meilleure adh\u00e9rence possible et ainsi mieux remonter au vent.<\/p>\n<p>La BIG ONE est disponible en 160x45cm et 164x48cm. Elles sont \u00e9quip\u00e9es de nos ailerons UNIBOX 50mm qui offrent une meilleure vitesse et une glisse am\u00e9lior\u00e9e gr\u00e2ce \u00e0 leurs profils fins.<\/p>\n","protected":false},"excerpt":{"rendered":"<p><em><strong>What a catch!<\/strong><\/em><\/p>\n<p>D\u00e9couvrez le monde incroyable de la navigation dans le vent tr\u00e8s l\u00e9ger avec la BIG ONE. Avec des capacit\u00e9s de d\u00e9part au planing et d\u2019adh\u00e9rence incroyables, cette planche est stable et fiable et vous permettra de rider en tout confiance.<\/p>\n<p>&#8211; Fantastiques performances dans le vent l\u00e9ger<br \/>&#8211; Accroche et stabilit\u00e9 exceptionnels<br \/>&#8211; Excellent contr\u00f4le<\/p>\n","protected":false},"featured_media":29578,"comment_status":"open","ping_status":"closed","template":"","meta":[],"product_cat":[1048,134],"product_tag":[],"class_list":{"0":"post-29579","1":"product","2":"type-product","3":"status-publish","4":"has-post-thumbnail","6":"product_cat-twin-tips","7":"product_cat-kites","8":"product_brand-f-one","10":"first","11":"instock","12":"shipping-taxable","13":"purchasable","14":"product-type-variable"},"yoast_head":"<!-- This site is optimized with the Yoast SEO plugin v22.8 - https:\/\/yoast.com\/wordpress\/plugins\/seo\/ -->\n<title>BIG ONE WITH UNIBOX 50MM - SLATE - Elevatesurf<\/title>\n<meta name=\"description\" content=\"Elevatesurf BIG ONE WITH UNIBOX 50MM - SLATE\" \/>\n<meta name=\"robots\" content=\"index, follow, max-snippet:-1, max-image-preview:large, max-video-preview:-1\" \/>\n<link rel=\"canonical\" href=\"https:\/\/elevatesurf.ch\/fr\/product\/big-one-with-unibox-50mm-slate\/\" \/>\n<meta property=\"og:locale\" content=\"fr_FR\" \/>\n<meta property=\"og:type\" content=\"article\" \/>\n<meta property=\"og:title\" content=\"BIG ONE WITH UNIBOX 50MM - SLATE - Elevatesurf\" \/>\n<meta property=\"og:description\" content=\"Elevatesurf BIG ONE WITH UNIBOX 50MM - SLATE\" \/>\n<meta property=\"og:url\" content=\"https:\/\/elevatesurf.ch\/fr\/product\/big-one-with-unibox-50mm-slate\/\" \/>\n<meta property=\"og:site_name\" content=\"Elevatesurf\" \/>\n<meta property=\"article:modified_time\" content=\"2026-05-11T04:32:01+00:00\" \/>\n<meta name=\"twitter:card\" content=\"summary_large_image\" \/>\n<meta name=\"twitter:label1\" content=\"Dur\u00e9e de lecture estim\u00e9e\" \/>\n\t<meta name=\"twitter:data1\" content=\"1 minute\" \/>\n<script type=\"application\/ld+json\" class=\"yoast-schema-graph\">{\"@context\":\"https:\/\/schema.org\",\"@graph\":[{\"@type\":[\"WebPage\",\"ItemPage\"],\"@id\":\"https:\/\/elevatesurf.ch\/fr\/product\/big-one-with-unibox-50mm-slate\/\",\"url\":\"https:\/\/elevatesurf.ch\/fr\/product\/big-one-with-unibox-50mm-slate\/\",\"name\":\"BIG ONE WITH UNIBOX 50MM - SLATE - Elevatesurf\",\"isPartOf\":{\"@id\":\"https:\/\/elevatesurf.ch\/#website\"},\"primaryImageOfPage\":{\"@id\":\"https:\/\/elevatesurf.ch\/fr\/product\/big-one-with-unibox-50mm-slate\/#primaryimage\"},\"image\":{\"@id\":\"https:\/\/elevatesurf.ch\/fr\/product\/big-one-with-unibox-50mm-slate\/#primaryimage\"},\"thumbnailUrl\":\"https:\/\/elevatesurf.ch\/wp-content\/uploads\/2026\/05\/big-one-with-unibox-50mm-slate.jpg\",\"datePublished\":\"2026-05-11T04:31:55+00:00\",\"dateModified\":\"2026-05-11T04:32:01+00:00\",\"description\":\"Elevatesurf BIG ONE WITH UNIBOX 50MM - SLATE\",\"breadcrumb\":{\"@id\":\"https:\/\/elevatesurf.ch\/fr\/product\/big-one-with-unibox-50mm-slate\/#breadcrumb\"},\"inLanguage\":\"fr-FR\",\"potentialAction\":[{\"@type\":\"ReadAction\",\"target\":[\"https:\/\/elevatesurf.ch\/fr\/product\/big-one-with-unibox-50mm-slate\/\"]}]},{\"@type\":\"ImageObject\",\"inLanguage\":\"fr-FR\",\"@id\":\"https:\/\/elevatesurf.ch\/fr\/product\/big-one-with-unibox-50mm-slate\/#primaryimage\",\"url\":\"https:\/\/elevatesurf.ch\/wp-content\/uploads\/2026\/05\/big-one-with-unibox-50mm-slate.jpg\",\"contentUrl\":\"https:\/\/elevatesurf.ch\/wp-content\/uploads\/2026\/05\/big-one-with-unibox-50mm-slate.jpg\",\"width\":1200,\"height\":1200},{\"@type\":\"BreadcrumbList\",\"@id\":\"https:\/\/elevatesurf.ch\/fr\/product\/big-one-with-unibox-50mm-slate\/#breadcrumb\",\"itemListElement\":[{\"@type\":\"ListItem\",\"position\":1,\"name\":\"Accueil\",\"item\":\"https:\/\/elevatesurf.ch\/\"},{\"@type\":\"ListItem\",\"position\":2,\"name\":\"Shop &#8211; \u00c9levez Votre Exp\u00e9rience de Surf avec Notre Collection\",\"item\":\"https:\/\/elevatesurf.ch\/shop\/\"},{\"@type\":\"ListItem\",\"position\":3,\"name\":\"BIG ONE WITH UNIBOX 50MM &#8211; SLATE\"}]},{\"@type\":\"WebSite\",\"@id\":\"https:\/\/elevatesurf.ch\/#website\",\"url\":\"https:\/\/elevatesurf.ch\/\",\"name\":\"Elevatesurf\",\"description\":\"Surfez vers de nouveaux sommets avec ElevateSurf ! Kiteshop, Wingshop\",\"publisher\":{\"@id\":\"https:\/\/elevatesurf.ch\/#organization\"},\"potentialAction\":[{\"@type\":\"SearchAction\",\"target\":{\"@type\":\"EntryPoint\",\"urlTemplate\":\"https:\/\/elevatesurf.ch\/?s={search_term_string}\"},\"query-input\":\"required name=search_term_string\"}],\"inLanguage\":\"fr-FR\"},{\"@type\":\"Organization\",\"@id\":\"https:\/\/elevatesurf.ch\/#organization\",\"name\":\"Elevatesurf\",\"url\":\"https:\/\/elevatesurf.ch\/\",\"logo\":{\"@type\":\"ImageObject\",\"inLanguage\":\"fr-FR\",\"@id\":\"https:\/\/elevatesurf.ch\/#\/schema\/logo\/image\/\",\"url\":\"https:\/\/elevatesurf.ch\/wp-content\/uploads\/2024\/06\/67c2ec70-bdf5-4c14-898a-ded5b2051398.jpg\",\"contentUrl\":\"https:\/\/elevatesurf.ch\/wp-content\/uploads\/2024\/06\/67c2ec70-bdf5-4c14-898a-ded5b2051398.jpg\",\"width\":1024,\"height\":1024,\"caption\":\"Elevatesurf\"},\"image\":{\"@id\":\"https:\/\/elevatesurf.ch\/#\/schema\/logo\/image\/\"},\"sameAs\":[\"https:\/\/www.instagram.com\/elevate__surf\/\"]}]}<\/script>\n<!-- \/ Yoast SEO plugin. -->","yoast_head_json":{"title":"BIG ONE WITH UNIBOX 50MM - SLATE - Elevatesurf","description":"Elevatesurf BIG ONE WITH UNIBOX 50MM - SLATE","robots":{"index":"index","follow":"follow","max-snippet":"max-snippet:-1","max-image-preview":"max-image-preview:large","max-video-preview":"max-video-preview:-1"},"canonical":"https:\/\/elevatesurf.ch\/fr\/product\/big-one-with-unibox-50mm-slate\/","og_locale":"fr_FR","og_type":"article","og_title":"BIG ONE WITH UNIBOX 50MM - SLATE - Elevatesurf","og_description":"Elevatesurf BIG ONE WITH UNIBOX 50MM - SLATE","og_url":"https:\/\/elevatesurf.ch\/fr\/product\/big-one-with-unibox-50mm-slate\/","og_site_name":"Elevatesurf","article_modified_time":"2026-05-11T04:32:01+00:00","twitter_card":"summary_large_image","twitter_misc":{"Dur\u00e9e de lecture estim\u00e9e":"1 minute"},"schema":{"@context":"https:\/\/schema.org","@graph":[{"@type":["WebPage","ItemPage"],"@id":"https:\/\/elevatesurf.ch\/fr\/product\/big-one-with-unibox-50mm-slate\/","url":"https:\/\/elevatesurf.ch\/fr\/product\/big-one-with-unibox-50mm-slate\/","name":"BIG ONE WITH UNIBOX 50MM - SLATE - Elevatesurf","isPartOf":{"@id":"https:\/\/elevatesurf.ch\/#website"},"primaryImageOfPage":{"@id":"https:\/\/elevatesurf.ch\/fr\/product\/big-one-with-unibox-50mm-slate\/#primaryimage"},"image":{"@id":"https:\/\/elevatesurf.ch\/fr\/product\/big-one-with-unibox-50mm-slate\/#primaryimage"},"thumbnailUrl":"https:\/\/elevatesurf.ch\/wp-content\/uploads\/2026\/05\/big-one-with-unibox-50mm-slate.jpg","datePublished":"2026-05-11T04:31:55+00:00","dateModified":"2026-05-11T04:32:01+00:00","description":"Elevatesurf BIG ONE WITH UNIBOX 50MM - SLATE","breadcrumb":{"@id":"https:\/\/elevatesurf.ch\/fr\/product\/big-one-with-unibox-50mm-slate\/#breadcrumb"},"inLanguage":"fr-FR","potentialAction":[{"@type":"ReadAction","target":["https:\/\/elevatesurf.ch\/fr\/product\/big-one-with-unibox-50mm-slate\/"]}]},{"@type":"ImageObject","inLanguage":"fr-FR","@id":"https:\/\/elevatesurf.ch\/fr\/product\/big-one-with-unibox-50mm-slate\/#primaryimage","url":"https:\/\/elevatesurf.ch\/wp-content\/uploads\/2026\/05\/big-one-with-unibox-50mm-slate.jpg","contentUrl":"https:\/\/elevatesurf.ch\/wp-content\/uploads\/2026\/05\/big-one-with-unibox-50mm-slate.jpg","width":1200,"height":1200},{"@type":"BreadcrumbList","@id":"https:\/\/elevatesurf.ch\/fr\/product\/big-one-with-unibox-50mm-slate\/#breadcrumb","itemListElement":[{"@type":"ListItem","position":1,"name":"Accueil","item":"https:\/\/elevatesurf.ch\/"},{"@type":"ListItem","position":2,"name":"Shop &#8211; \u00c9levez Votre Exp\u00e9rience de Surf avec Notre Collection","item":"https:\/\/elevatesurf.ch\/shop\/"},{"@type":"ListItem","position":3,"name":"BIG ONE WITH UNIBOX 50MM &#8211; SLATE"}]},{"@type":"WebSite","@id":"https:\/\/elevatesurf.ch\/#website","url":"https:\/\/elevatesurf.ch\/","name":"Elevatesurf","description":"Surfez vers de nouveaux sommets avec ElevateSurf ! Kiteshop, Wingshop","publisher":{"@id":"https:\/\/elevatesurf.ch\/#organization"},"potentialAction":[{"@type":"SearchAction","target":{"@type":"EntryPoint","urlTemplate":"https:\/\/elevatesurf.ch\/?s={search_term_string}"},"query-input":"required name=search_term_string"}],"inLanguage":"fr-FR"},{"@type":"Organization","@id":"https:\/\/elevatesurf.ch\/#organization","name":"Elevatesurf","url":"https:\/\/elevatesurf.ch\/","logo":{"@type":"ImageObject","inLanguage":"fr-FR","@id":"https:\/\/elevatesurf.ch\/#\/schema\/logo\/image\/","url":"https:\/\/elevatesurf.ch\/wp-content\/uploads\/2024\/06\/67c2ec70-bdf5-4c14-898a-ded5b2051398.jpg","contentUrl":"https:\/\/elevatesurf.ch\/wp-content\/uploads\/2024\/06\/67c2ec70-bdf5-4c14-898a-ded5b2051398.jpg","width":1024,"height":1024,"caption":"Elevatesurf"},"image":{"@id":"https:\/\/elevatesurf.ch\/#\/schema\/logo\/image\/"},"sameAs":["https:\/\/www.instagram.com\/elevate__surf\/"]}]}},"_links":{"self":[{"href":"https:\/\/elevatesurf.ch\/fr\/wp-json\/wp\/v2\/product\/29579","targetHints":{"allow":["GET"]}}],"collection":[{"href":"https:\/\/elevatesurf.ch\/fr\/wp-json\/wp\/v2\/product"}],"about":[{"href":"https:\/\/elevatesurf.ch\/fr\/wp-json\/wp\/v2\/types\/product"}],"replies":[{"embeddable":true,"href":"https:\/\/elevatesurf.ch\/fr\/wp-json\/wp\/v2\/comments?post=29579"}],"wp:featuredmedia":[{"embeddable":true,"href":"https:\/\/elevatesurf.ch\/fr\/wp-json\/wp\/v2\/media\/29578"}],"wp:attachment":[{"href":"https:\/\/elevatesurf.ch\/fr\/wp-json\/wp\/v2\/media?parent=29579"}],"wp:term":[{"taxonomy":"product_cat","embeddable":true,"href":"https:\/\/elevatesurf.ch\/fr\/wp-json\/wp\/v2\/product_cat?post=29579"},{"taxonomy":"product_tag","embeddable":true,"href":"https:\/\/elevatesurf.ch\/fr\/wp-json\/wp\/v2\/product_tag?post=29579"}],"curies":[{"name":"wp","href":"https:\/\/api.w.org\/{rel}","templated":true}]}}