{"id":29617,"date":"2026-05-11T04:33:59","date_gmt":"2026-05-11T04:33:59","guid":{"rendered":"https:\/\/elevatesurf.ch\/fr\/product\/fw-gravity-fct-1800-2\/"},"modified":"2026-05-11T04:33:59","modified_gmt":"2026-05-11T04:33:59","slug":"fw-gravity-fct-1800-2","status":"publish","type":"product","link":"https:\/\/elevatesurf.ch\/fr\/product\/fw-gravity-fct-1800-2\/","title":{"rendered":"FW GRAVITY FCT 1800"},"content":{"rendered":"<p>Un foil GRAVITY est intuitif. Il g\u00e9n\u00e8re de la portance \u00e0 basse (et m\u00eame tr\u00e8s basse) vitesse mais le fait en douceur pour que vous puissiez facilement garder votre \u00e9quilibre.<\/p>\n<p>La gamme comprend deux tailles : 1800 et 2200 cm\u00b2. Les foils avec de telles surfaces favorisent un d\u00e9collage rapide et progressif, et apportent plus de portance et de stabilit\u00e9. Cependant, nous avons fait en sorte qu\u2019ils aient aussi un bon allongement afin de maintenir une plage de vitesse d\u00e9cente et pour \u00e9viter une tra\u00een\u00e9e inutile. Son envergure est g\u00e9n\u00e9reuse, ce qui en fait un foil tr\u00e8s stable. Son design assure une grande maniabilit\u00e9 gr\u00e2ce \u00e0 sa courbure et son profil en bout d\u2019aile.<\/p>\n<p>Ce GRAVITY FCT est une option fantastique pour tous ceux qui souhaitent d\u00e9couvrir les sensations associ\u00e9es au foil et progresser graduellement. Ses mat\u00e9riaux durables et robustes peuvent r\u00e9sister aux erreurs typiques des premi\u00e8res phases d\u2019apprentissage, et ce foil vous les pardonnera facilement.<\/p>\n<p>Les GRAVITY FCT ont \u00e9t\u00e9 sp\u00e9cifiquement con\u00e7us avec la Foil Compression Technology, une innovation F-ONE offrant d\u2019impressionnantes propri\u00e9t\u00e9s m\u00e9caniques. Le fuselage peut \u00eatre connect\u00e9 au m\u00e2t en aluminium standard F-ONE de la longueur souhait\u00e9e. Le montage, le d\u00e9montage et son transport sont \u00e9galement tr\u00e8s faciles. De mani\u00e8re g\u00e9n\u00e9rale, cette technologie offre un des foils les plus accessibles et \u00e9volutifs du march\u00e9 tout en gardant l\u2019ADN de la gamme CARBON.<\/p>\n","protected":false},"excerpt":{"rendered":"<p>Les foils de la gamme GRAVITY FCT sont con\u00e7us pour fournir une portance rassurante avec un d\u00e9collage progressif et en douceur. La GRAVITY FCT est id\u00e9ale pour d\u00e9buter et progresser.<\/p>\n<p>Aspect Ratio: 5.0<\/p>\n<p>&#8211; Accessible et fiable<br \/>&#8211; D\u00e9collage en douceur et progressif \u00e0 basse vitesse<br \/>&#8211; Stabilit\u00e9 et portance<br \/>&#8211; Bon contr\u00f4le de la vitesse<\/p>\n","protected":false},"featured_media":29616,"comment_status":"open","ping_status":"closed","template":"","meta":[],"product_cat":[1040,1044],"product_tag":[],"class_list":{"0":"post-29617","1":"product","2":"type-product","3":"status-publish","4":"has-post-thumbnail","6":"product_cat-foil","7":"product_cat-front-wing","8":"product_brand-f-one","10":"first","11":"instock","12":"shipping-taxable","13":"purchasable","14":"product-type-simple"},"yoast_head":"<!-- This site is optimized with the Yoast SEO plugin v22.8 - https:\/\/yoast.com\/wordpress\/plugins\/seo\/ -->\n<title>FW GRAVITY FCT 1800 - Elevatesurf<\/title>\n<meta name=\"description\" content=\"Elevatesurf FW GRAVITY FCT 1800\" \/>\n<meta name=\"robots\" content=\"index, follow, max-snippet:-1, max-image-preview:large, max-video-preview:-1\" \/>\n<link rel=\"canonical\" href=\"https:\/\/elevatesurf.ch\/fr\/product\/fw-gravity-fct-1800-2\/\" \/>\n<meta property=\"og:locale\" content=\"fr_FR\" \/>\n<meta property=\"og:type\" content=\"article\" \/>\n<meta property=\"og:title\" content=\"FW GRAVITY FCT 1800 - Elevatesurf\" \/>\n<meta property=\"og:description\" content=\"Elevatesurf FW GRAVITY FCT 1800\" \/>\n<meta property=\"og:url\" content=\"https:\/\/elevatesurf.ch\/fr\/product\/fw-gravity-fct-1800-2\/\" \/>\n<meta property=\"og:site_name\" content=\"Elevatesurf\" \/>\n<meta name=\"twitter:card\" content=\"summary_large_image\" \/>\n<meta name=\"twitter:label1\" content=\"Dur\u00e9e de lecture estim\u00e9e\" \/>\n\t<meta name=\"twitter:data1\" content=\"1 minute\" \/>\n<script type=\"application\/ld+json\" class=\"yoast-schema-graph\">{\"@context\":\"https:\/\/schema.org\",\"@graph\":[{\"@type\":[\"WebPage\",\"ItemPage\"],\"@id\":\"https:\/\/elevatesurf.ch\/fr\/product\/fw-gravity-fct-1800-2\/\",\"url\":\"https:\/\/elevatesurf.ch\/fr\/product\/fw-gravity-fct-1800-2\/\",\"name\":\"FW GRAVITY FCT 1800 - Elevatesurf\",\"isPartOf\":{\"@id\":\"https:\/\/elevatesurf.ch\/#website\"},\"primaryImageOfPage\":{\"@id\":\"https:\/\/elevatesurf.ch\/fr\/product\/fw-gravity-fct-1800-2\/#primaryimage\"},\"image\":{\"@id\":\"https:\/\/elevatesurf.ch\/fr\/product\/fw-gravity-fct-1800-2\/#primaryimage\"},\"thumbnailUrl\":\"https:\/\/elevatesurf.ch\/wp-content\/uploads\/2026\/05\/fw-gravity-fct-1800.jpg\",\"datePublished\":\"2026-05-11T04:33:59+00:00\",\"dateModified\":\"2026-05-11T04:33:59+00:00\",\"description\":\"Elevatesurf FW GRAVITY FCT 1800\",\"breadcrumb\":{\"@id\":\"https:\/\/elevatesurf.ch\/fr\/product\/fw-gravity-fct-1800-2\/#breadcrumb\"},\"inLanguage\":\"fr-FR\",\"potentialAction\":[{\"@type\":\"ReadAction\",\"target\":[\"https:\/\/elevatesurf.ch\/fr\/product\/fw-gravity-fct-1800-2\/\"]}]},{\"@type\":\"ImageObject\",\"inLanguage\":\"fr-FR\",\"@id\":\"https:\/\/elevatesurf.ch\/fr\/product\/fw-gravity-fct-1800-2\/#primaryimage\",\"url\":\"https:\/\/elevatesurf.ch\/wp-content\/uploads\/2026\/05\/fw-gravity-fct-1800.jpg\",\"contentUrl\":\"https:\/\/elevatesurf.ch\/wp-content\/uploads\/2026\/05\/fw-gravity-fct-1800.jpg\",\"width\":2000,\"height\":2000},{\"@type\":\"BreadcrumbList\",\"@id\":\"https:\/\/elevatesurf.ch\/fr\/product\/fw-gravity-fct-1800-2\/#breadcrumb\",\"itemListElement\":[{\"@type\":\"ListItem\",\"position\":1,\"name\":\"Accueil\",\"item\":\"https:\/\/elevatesurf.ch\/\"},{\"@type\":\"ListItem\",\"position\":2,\"name\":\"Shop &#8211; \u00c9levez Votre Exp\u00e9rience de Surf avec Notre Collection\",\"item\":\"https:\/\/elevatesurf.ch\/shop\/\"},{\"@type\":\"ListItem\",\"position\":3,\"name\":\"FW GRAVITY FCT 1800\"}]},{\"@type\":\"WebSite\",\"@id\":\"https:\/\/elevatesurf.ch\/#website\",\"url\":\"https:\/\/elevatesurf.ch\/\",\"name\":\"Elevatesurf\",\"description\":\"Surfez vers de nouveaux sommets avec ElevateSurf ! Kiteshop, Wingshop\",\"publisher\":{\"@id\":\"https:\/\/elevatesurf.ch\/#organization\"},\"potentialAction\":[{\"@type\":\"SearchAction\",\"target\":{\"@type\":\"EntryPoint\",\"urlTemplate\":\"https:\/\/elevatesurf.ch\/?s={search_term_string}\"},\"query-input\":\"required name=search_term_string\"}],\"inLanguage\":\"fr-FR\"},{\"@type\":\"Organization\",\"@id\":\"https:\/\/elevatesurf.ch\/#organization\",\"name\":\"Elevatesurf\",\"url\":\"https:\/\/elevatesurf.ch\/\",\"logo\":{\"@type\":\"ImageObject\",\"inLanguage\":\"fr-FR\",\"@id\":\"https:\/\/elevatesurf.ch\/#\/schema\/logo\/image\/\",\"url\":\"https:\/\/elevatesurf.ch\/wp-content\/uploads\/2024\/06\/67c2ec70-bdf5-4c14-898a-ded5b2051398.jpg\",\"contentUrl\":\"https:\/\/elevatesurf.ch\/wp-content\/uploads\/2024\/06\/67c2ec70-bdf5-4c14-898a-ded5b2051398.jpg\",\"width\":1024,\"height\":1024,\"caption\":\"Elevatesurf\"},\"image\":{\"@id\":\"https:\/\/elevatesurf.ch\/#\/schema\/logo\/image\/\"},\"sameAs\":[\"https:\/\/www.instagram.com\/elevate__surf\/\"]}]}<\/script>\n<!-- \/ Yoast SEO plugin. -->","yoast_head_json":{"title":"FW GRAVITY FCT 1800 - Elevatesurf","description":"Elevatesurf FW GRAVITY FCT 1800","robots":{"index":"index","follow":"follow","max-snippet":"max-snippet:-1","max-image-preview":"max-image-preview:large","max-video-preview":"max-video-preview:-1"},"canonical":"https:\/\/elevatesurf.ch\/fr\/product\/fw-gravity-fct-1800-2\/","og_locale":"fr_FR","og_type":"article","og_title":"FW GRAVITY FCT 1800 - Elevatesurf","og_description":"Elevatesurf FW GRAVITY FCT 1800","og_url":"https:\/\/elevatesurf.ch\/fr\/product\/fw-gravity-fct-1800-2\/","og_site_name":"Elevatesurf","twitter_card":"summary_large_image","twitter_misc":{"Dur\u00e9e de lecture estim\u00e9e":"1 minute"},"schema":{"@context":"https:\/\/schema.org","@graph":[{"@type":["WebPage","ItemPage"],"@id":"https:\/\/elevatesurf.ch\/fr\/product\/fw-gravity-fct-1800-2\/","url":"https:\/\/elevatesurf.ch\/fr\/product\/fw-gravity-fct-1800-2\/","name":"FW GRAVITY FCT 1800 - Elevatesurf","isPartOf":{"@id":"https:\/\/elevatesurf.ch\/#website"},"primaryImageOfPage":{"@id":"https:\/\/elevatesurf.ch\/fr\/product\/fw-gravity-fct-1800-2\/#primaryimage"},"image":{"@id":"https:\/\/elevatesurf.ch\/fr\/product\/fw-gravity-fct-1800-2\/#primaryimage"},"thumbnailUrl":"https:\/\/elevatesurf.ch\/wp-content\/uploads\/2026\/05\/fw-gravity-fct-1800.jpg","datePublished":"2026-05-11T04:33:59+00:00","dateModified":"2026-05-11T04:33:59+00:00","description":"Elevatesurf FW GRAVITY FCT 1800","breadcrumb":{"@id":"https:\/\/elevatesurf.ch\/fr\/product\/fw-gravity-fct-1800-2\/#breadcrumb"},"inLanguage":"fr-FR","potentialAction":[{"@type":"ReadAction","target":["https:\/\/elevatesurf.ch\/fr\/product\/fw-gravity-fct-1800-2\/"]}]},{"@type":"ImageObject","inLanguage":"fr-FR","@id":"https:\/\/elevatesurf.ch\/fr\/product\/fw-gravity-fct-1800-2\/#primaryimage","url":"https:\/\/elevatesurf.ch\/wp-content\/uploads\/2026\/05\/fw-gravity-fct-1800.jpg","contentUrl":"https:\/\/elevatesurf.ch\/wp-content\/uploads\/2026\/05\/fw-gravity-fct-1800.jpg","width":2000,"height":2000},{"@type":"BreadcrumbList","@id":"https:\/\/elevatesurf.ch\/fr\/product\/fw-gravity-fct-1800-2\/#breadcrumb","itemListElement":[{"@type":"ListItem","position":1,"name":"Accueil","item":"https:\/\/elevatesurf.ch\/"},{"@type":"ListItem","position":2,"name":"Shop &#8211; \u00c9levez Votre Exp\u00e9rience de Surf avec Notre Collection","item":"https:\/\/elevatesurf.ch\/shop\/"},{"@type":"ListItem","position":3,"name":"FW GRAVITY FCT 1800"}]},{"@type":"WebSite","@id":"https:\/\/elevatesurf.ch\/#website","url":"https:\/\/elevatesurf.ch\/","name":"Elevatesurf","description":"Surfez vers de nouveaux sommets avec ElevateSurf ! Kiteshop, Wingshop","publisher":{"@id":"https:\/\/elevatesurf.ch\/#organization"},"potentialAction":[{"@type":"SearchAction","target":{"@type":"EntryPoint","urlTemplate":"https:\/\/elevatesurf.ch\/?s={search_term_string}"},"query-input":"required name=search_term_string"}],"inLanguage":"fr-FR"},{"@type":"Organization","@id":"https:\/\/elevatesurf.ch\/#organization","name":"Elevatesurf","url":"https:\/\/elevatesurf.ch\/","logo":{"@type":"ImageObject","inLanguage":"fr-FR","@id":"https:\/\/elevatesurf.ch\/#\/schema\/logo\/image\/","url":"https:\/\/elevatesurf.ch\/wp-content\/uploads\/2024\/06\/67c2ec70-bdf5-4c14-898a-ded5b2051398.jpg","contentUrl":"https:\/\/elevatesurf.ch\/wp-content\/uploads\/2024\/06\/67c2ec70-bdf5-4c14-898a-ded5b2051398.jpg","width":1024,"height":1024,"caption":"Elevatesurf"},"image":{"@id":"https:\/\/elevatesurf.ch\/#\/schema\/logo\/image\/"},"sameAs":["https:\/\/www.instagram.com\/elevate__surf\/"]}]}},"_links":{"self":[{"href":"https:\/\/elevatesurf.ch\/fr\/wp-json\/wp\/v2\/product\/29617","targetHints":{"allow":["GET"]}}],"collection":[{"href":"https:\/\/elevatesurf.ch\/fr\/wp-json\/wp\/v2\/product"}],"about":[{"href":"https:\/\/elevatesurf.ch\/fr\/wp-json\/wp\/v2\/types\/product"}],"replies":[{"embeddable":true,"href":"https:\/\/elevatesurf.ch\/fr\/wp-json\/wp\/v2\/comments?post=29617"}],"wp:featuredmedia":[{"embeddable":true,"href":"https:\/\/elevatesurf.ch\/fr\/wp-json\/wp\/v2\/media\/29616"}],"wp:attachment":[{"href":"https:\/\/elevatesurf.ch\/fr\/wp-json\/wp\/v2\/media?parent=29617"}],"wp:term":[{"taxonomy":"product_cat","embeddable":true,"href":"https:\/\/elevatesurf.ch\/fr\/wp-json\/wp\/v2\/product_cat?post=29617"},{"taxonomy":"product_tag","embeddable":true,"href":"https:\/\/elevatesurf.ch\/fr\/wp-json\/wp\/v2\/product_tag?post=29617"}],"curies":[{"name":"wp","href":"https:\/\/api.w.org\/{rel}","templated":true}]}}