{"id":29628,"date":"2026-05-11T04:34:43","date_gmt":"2026-05-11T04:34:43","guid":{"rendered":"https:\/\/elevatesurf.ch\/fr\/product\/fw-sk8-v2-1050\/"},"modified":"2026-05-11T04:34:43","modified_gmt":"2026-05-11T04:34:43","slug":"fw-sk8-v2-1050","status":"publish","type":"product","link":"https:\/\/elevatesurf.ch\/fr\/product\/fw-sk8-v2-1050\/","title":{"rendered":"FW SK8 V2 1050"},"content":{"rendered":"<p>&#8211; Nouveau drapage carbone pour des sensations amplifi\u00e9es et plus de performance<br \/>&#8211; Son outline facilite la mise en virage et permet de pousser fort lors de carves rapides et contr\u00f4l\u00e9s<br \/>&#8211; Le design subtil du lobe entre maniabilit\u00e9 et glisse autorise un surf lib\u00e9r\u00e9 tout en gardant un pumping efficient<br \/>&#8211; Le design de ses wingtips est fait pour aller taper la mousse et sortir le bout d\u2019aile sans turbulence ni ventilation<br \/>&#8211; Sa vitesse unique en fait un foil parfait pour surfer depuis la houle au large jusqu\u2019au shorebreak en wing<br \/>&#8211; Notre construction monobloc garantit rigidit\u00e9, durabilit\u00e9 et une glisse extraordinaire<em><\/p>\n<p>Nouveau drapage carbone.<\/em><\/p>\n<p>Gr\u00e2ce \u00e0 une \u00e9tude approfondie, des tests rigoureux et tout le savoir-faire de notre \u00e9quipe R&amp;D, le nouveau drapage carbone de la SK8 permet d\u2019atteindre des vitesses plus \u00e9lev\u00e9es tout en garantissant un contr\u00f4le parfait et une meilleure stabilit\u00e9.<\/p>\n<p>Les turns deviennent plus fluides, les transitions rail-to-rail plus pr\u00e9cises, et le roll est am\u00e9lior\u00e9, offrant ainsi une maniabilit\u00e9 exceptionnelle. Plus pr\u00e9visible, la nouvelle SK8 d\u00e9livre une puissance constante, rendant son contr\u00f4le encore plus intuitif.<\/p>\n<p>L\u2019utilisation de carbone Haut Module, int\u00e9gr\u00e9 dans la Conception Structurelle Dynamique de F-ONE, permet au foil de gagner davantage de raideur, ce qui le rend encore plus fiable et vous laisse r\u00e9aliser d\u2019incroyables prouesses \u00e0 chaque session. Enfin, ce drapage carbone a \u00e9t\u00e9 finement ajust\u00e9 et optimis\u00e9 pour chaque taille pour offrir les meilleures performances possibles.<\/p>\n<p><em>La SK8 a \u00e9t\u00e9 con\u00e7ue pour surfer.<\/em><\/p>\n<p>Son profil offre un \u00e9quilibre subtil entre glisse et maniabilit\u00e9, ce qui permet \u00e0 l\u2019utilisateur de d\u00e9chirer la vague puis de pumper vers le peak sans effort.<\/p>\n<p>Elle ne se contente pas de tourner. Elle carve.<\/p>\n<p>La maniabilit\u00e9 n\u2019est rien sans la puissance, la vitesse et le contr\u00f4le. Prenez des virages avec facilit\u00e9 et rapidit\u00e9, appuyez fort et regardez \u00e0 quel point la SK8 tient sa ligne et produit encore plus de vitesse.<\/p>\n<p><em>Elle est faite pour rester dans le creux.<\/em><\/p>\n<p>Gr\u00e2ce au design sp\u00e9cifique des wingtips, la SK8 est capable d\u2019aller taper la mousse sans trop de turbulences. Elle permet des virages de style surf et de sortir de l\u2019eau presque toutes les parties du foil sans ventilation.<\/p>\n<p><em>Carve, pump, fly.<\/em><\/p>\n<p>Prenez la SK8 en wing foil et vous sentirez un foil rapide et facile \u00e0 remonter au vent que vous pouvez surfer depuis la houle du large jusqu\u2019\u00e0 la zone d\u2019impact.<\/p>\n","protected":false},"excerpt":{"rendered":"<p><strong>Carving is (still) not a crime<\/strong><\/p>\n<p>La premi\u00e8re version de la SK8 a pris d\u2019assaut le monde du foil, devenant rapidement le choix privil\u00e9gi\u00e9 de beaucoup de surf et wing foilers. Les kite foilers ont \u00e9galement appr\u00e9ci\u00e9 sa vitesse \u00e9lev\u00e9e et sa glisse, tandis que les riders de downwind ont aim\u00e9 sa capacit\u00e9 \u00e0 carver dans les bumps en pleine mer, rendant ce foil le plus polyvalent du march\u00e9.<\/p>\n<p>F-ONE est d\u00e9sormais de retour avec la nouvelle SK8, offrant tout ce que vous avez aim\u00e9 de l\u2019originale, mais encore mieux gr\u00e2ce \u00e0 son nouveau drapage carbone optimis\u00e9 pour amener des sensations sur l\u2019eau d\u00e9cupl\u00e9es.<\/p>\n<p>Aspect Ratio : 8.0<\/p>\n","protected":false},"featured_media":29627,"comment_status":"open","ping_status":"closed","template":"","meta":[],"product_cat":[1040,1044],"product_tag":[],"class_list":{"0":"post-29628","1":"product","2":"type-product","3":"status-publish","4":"has-post-thumbnail","6":"product_cat-foil","7":"product_cat-front-wing","8":"product_brand-f-one","10":"first","11":"outofstock","12":"shipping-taxable","13":"purchasable","14":"product-type-simple"},"yoast_head":"<!-- This site is optimized with the Yoast SEO plugin v22.8 - https:\/\/yoast.com\/wordpress\/plugins\/seo\/ -->\n<title>FW SK8 V2 1050 - Elevatesurf<\/title>\n<meta name=\"description\" content=\"Elevatesurf FW SK8 V2 1050\" \/>\n<meta name=\"robots\" content=\"index, follow, max-snippet:-1, max-image-preview:large, max-video-preview:-1\" \/>\n<link rel=\"canonical\" href=\"https:\/\/elevatesurf.ch\/fr\/product\/fw-sk8-v2-1050\/\" \/>\n<meta property=\"og:locale\" content=\"fr_FR\" \/>\n<meta property=\"og:type\" content=\"article\" \/>\n<meta property=\"og:title\" content=\"FW SK8 V2 1050 - Elevatesurf\" \/>\n<meta property=\"og:description\" content=\"Elevatesurf FW SK8 V2 1050\" \/>\n<meta property=\"og:url\" content=\"https:\/\/elevatesurf.ch\/fr\/product\/fw-sk8-v2-1050\/\" \/>\n<meta property=\"og:site_name\" content=\"Elevatesurf\" \/>\n<meta name=\"twitter:card\" content=\"summary_large_image\" \/>\n<meta name=\"twitter:label1\" content=\"Dur\u00e9e de lecture estim\u00e9e\" \/>\n\t<meta name=\"twitter:data1\" content=\"2 minutes\" \/>\n<script type=\"application\/ld+json\" class=\"yoast-schema-graph\">{\"@context\":\"https:\/\/schema.org\",\"@graph\":[{\"@type\":[\"WebPage\",\"ItemPage\"],\"@id\":\"https:\/\/elevatesurf.ch\/fr\/product\/fw-sk8-v2-1050\/\",\"url\":\"https:\/\/elevatesurf.ch\/fr\/product\/fw-sk8-v2-1050\/\",\"name\":\"FW SK8 V2 1050 - Elevatesurf\",\"isPartOf\":{\"@id\":\"https:\/\/elevatesurf.ch\/#website\"},\"primaryImageOfPage\":{\"@id\":\"https:\/\/elevatesurf.ch\/fr\/product\/fw-sk8-v2-1050\/#primaryimage\"},\"image\":{\"@id\":\"https:\/\/elevatesurf.ch\/fr\/product\/fw-sk8-v2-1050\/#primaryimage\"},\"thumbnailUrl\":\"https:\/\/elevatesurf.ch\/wp-content\/uploads\/2026\/05\/fw-sk8-v2-1050.jpg\",\"datePublished\":\"2026-05-11T04:34:43+00:00\",\"dateModified\":\"2026-05-11T04:34:43+00:00\",\"description\":\"Elevatesurf FW SK8 V2 1050\",\"breadcrumb\":{\"@id\":\"https:\/\/elevatesurf.ch\/fr\/product\/fw-sk8-v2-1050\/#breadcrumb\"},\"inLanguage\":\"fr-FR\",\"potentialAction\":[{\"@type\":\"ReadAction\",\"target\":[\"https:\/\/elevatesurf.ch\/fr\/product\/fw-sk8-v2-1050\/\"]}]},{\"@type\":\"ImageObject\",\"inLanguage\":\"fr-FR\",\"@id\":\"https:\/\/elevatesurf.ch\/fr\/product\/fw-sk8-v2-1050\/#primaryimage\",\"url\":\"https:\/\/elevatesurf.ch\/wp-content\/uploads\/2026\/05\/fw-sk8-v2-1050.jpg\",\"contentUrl\":\"https:\/\/elevatesurf.ch\/wp-content\/uploads\/2026\/05\/fw-sk8-v2-1050.jpg\",\"width\":2000,\"height\":2000},{\"@type\":\"BreadcrumbList\",\"@id\":\"https:\/\/elevatesurf.ch\/fr\/product\/fw-sk8-v2-1050\/#breadcrumb\",\"itemListElement\":[{\"@type\":\"ListItem\",\"position\":1,\"name\":\"Accueil\",\"item\":\"https:\/\/elevatesurf.ch\/\"},{\"@type\":\"ListItem\",\"position\":2,\"name\":\"Shop &#8211; \u00c9levez Votre Exp\u00e9rience de Surf avec Notre Collection\",\"item\":\"https:\/\/elevatesurf.ch\/shop\/\"},{\"@type\":\"ListItem\",\"position\":3,\"name\":\"FW SK8 V2 1050\"}]},{\"@type\":\"WebSite\",\"@id\":\"https:\/\/elevatesurf.ch\/#website\",\"url\":\"https:\/\/elevatesurf.ch\/\",\"name\":\"Elevatesurf\",\"description\":\"Surfez vers de nouveaux sommets avec ElevateSurf ! Kiteshop, Wingshop\",\"publisher\":{\"@id\":\"https:\/\/elevatesurf.ch\/#organization\"},\"potentialAction\":[{\"@type\":\"SearchAction\",\"target\":{\"@type\":\"EntryPoint\",\"urlTemplate\":\"https:\/\/elevatesurf.ch\/?s={search_term_string}\"},\"query-input\":\"required name=search_term_string\"}],\"inLanguage\":\"fr-FR\"},{\"@type\":\"Organization\",\"@id\":\"https:\/\/elevatesurf.ch\/#organization\",\"name\":\"Elevatesurf\",\"url\":\"https:\/\/elevatesurf.ch\/\",\"logo\":{\"@type\":\"ImageObject\",\"inLanguage\":\"fr-FR\",\"@id\":\"https:\/\/elevatesurf.ch\/#\/schema\/logo\/image\/\",\"url\":\"https:\/\/elevatesurf.ch\/wp-content\/uploads\/2024\/06\/67c2ec70-bdf5-4c14-898a-ded5b2051398.jpg\",\"contentUrl\":\"https:\/\/elevatesurf.ch\/wp-content\/uploads\/2024\/06\/67c2ec70-bdf5-4c14-898a-ded5b2051398.jpg\",\"width\":1024,\"height\":1024,\"caption\":\"Elevatesurf\"},\"image\":{\"@id\":\"https:\/\/elevatesurf.ch\/#\/schema\/logo\/image\/\"},\"sameAs\":[\"https:\/\/www.instagram.com\/elevate__surf\/\"]}]}<\/script>\n<!-- \/ Yoast SEO plugin. -->","yoast_head_json":{"title":"FW SK8 V2 1050 - Elevatesurf","description":"Elevatesurf FW SK8 V2 1050","robots":{"index":"index","follow":"follow","max-snippet":"max-snippet:-1","max-image-preview":"max-image-preview:large","max-video-preview":"max-video-preview:-1"},"canonical":"https:\/\/elevatesurf.ch\/fr\/product\/fw-sk8-v2-1050\/","og_locale":"fr_FR","og_type":"article","og_title":"FW SK8 V2 1050 - Elevatesurf","og_description":"Elevatesurf FW SK8 V2 1050","og_url":"https:\/\/elevatesurf.ch\/fr\/product\/fw-sk8-v2-1050\/","og_site_name":"Elevatesurf","twitter_card":"summary_large_image","twitter_misc":{"Dur\u00e9e de lecture estim\u00e9e":"2 minutes"},"schema":{"@context":"https:\/\/schema.org","@graph":[{"@type":["WebPage","ItemPage"],"@id":"https:\/\/elevatesurf.ch\/fr\/product\/fw-sk8-v2-1050\/","url":"https:\/\/elevatesurf.ch\/fr\/product\/fw-sk8-v2-1050\/","name":"FW SK8 V2 1050 - Elevatesurf","isPartOf":{"@id":"https:\/\/elevatesurf.ch\/#website"},"primaryImageOfPage":{"@id":"https:\/\/elevatesurf.ch\/fr\/product\/fw-sk8-v2-1050\/#primaryimage"},"image":{"@id":"https:\/\/elevatesurf.ch\/fr\/product\/fw-sk8-v2-1050\/#primaryimage"},"thumbnailUrl":"https:\/\/elevatesurf.ch\/wp-content\/uploads\/2026\/05\/fw-sk8-v2-1050.jpg","datePublished":"2026-05-11T04:34:43+00:00","dateModified":"2026-05-11T04:34:43+00:00","description":"Elevatesurf FW SK8 V2 1050","breadcrumb":{"@id":"https:\/\/elevatesurf.ch\/fr\/product\/fw-sk8-v2-1050\/#breadcrumb"},"inLanguage":"fr-FR","potentialAction":[{"@type":"ReadAction","target":["https:\/\/elevatesurf.ch\/fr\/product\/fw-sk8-v2-1050\/"]}]},{"@type":"ImageObject","inLanguage":"fr-FR","@id":"https:\/\/elevatesurf.ch\/fr\/product\/fw-sk8-v2-1050\/#primaryimage","url":"https:\/\/elevatesurf.ch\/wp-content\/uploads\/2026\/05\/fw-sk8-v2-1050.jpg","contentUrl":"https:\/\/elevatesurf.ch\/wp-content\/uploads\/2026\/05\/fw-sk8-v2-1050.jpg","width":2000,"height":2000},{"@type":"BreadcrumbList","@id":"https:\/\/elevatesurf.ch\/fr\/product\/fw-sk8-v2-1050\/#breadcrumb","itemListElement":[{"@type":"ListItem","position":1,"name":"Accueil","item":"https:\/\/elevatesurf.ch\/"},{"@type":"ListItem","position":2,"name":"Shop &#8211; \u00c9levez Votre Exp\u00e9rience de Surf avec Notre Collection","item":"https:\/\/elevatesurf.ch\/shop\/"},{"@type":"ListItem","position":3,"name":"FW SK8 V2 1050"}]},{"@type":"WebSite","@id":"https:\/\/elevatesurf.ch\/#website","url":"https:\/\/elevatesurf.ch\/","name":"Elevatesurf","description":"Surfez vers de nouveaux sommets avec ElevateSurf ! Kiteshop, Wingshop","publisher":{"@id":"https:\/\/elevatesurf.ch\/#organization"},"potentialAction":[{"@type":"SearchAction","target":{"@type":"EntryPoint","urlTemplate":"https:\/\/elevatesurf.ch\/?s={search_term_string}"},"query-input":"required name=search_term_string"}],"inLanguage":"fr-FR"},{"@type":"Organization","@id":"https:\/\/elevatesurf.ch\/#organization","name":"Elevatesurf","url":"https:\/\/elevatesurf.ch\/","logo":{"@type":"ImageObject","inLanguage":"fr-FR","@id":"https:\/\/elevatesurf.ch\/#\/schema\/logo\/image\/","url":"https:\/\/elevatesurf.ch\/wp-content\/uploads\/2024\/06\/67c2ec70-bdf5-4c14-898a-ded5b2051398.jpg","contentUrl":"https:\/\/elevatesurf.ch\/wp-content\/uploads\/2024\/06\/67c2ec70-bdf5-4c14-898a-ded5b2051398.jpg","width":1024,"height":1024,"caption":"Elevatesurf"},"image":{"@id":"https:\/\/elevatesurf.ch\/#\/schema\/logo\/image\/"},"sameAs":["https:\/\/www.instagram.com\/elevate__surf\/"]}]}},"_links":{"self":[{"href":"https:\/\/elevatesurf.ch\/fr\/wp-json\/wp\/v2\/product\/29628","targetHints":{"allow":["GET"]}}],"collection":[{"href":"https:\/\/elevatesurf.ch\/fr\/wp-json\/wp\/v2\/product"}],"about":[{"href":"https:\/\/elevatesurf.ch\/fr\/wp-json\/wp\/v2\/types\/product"}],"replies":[{"embeddable":true,"href":"https:\/\/elevatesurf.ch\/fr\/wp-json\/wp\/v2\/comments?post=29628"}],"wp:featuredmedia":[{"embeddable":true,"href":"https:\/\/elevatesurf.ch\/fr\/wp-json\/wp\/v2\/media\/29627"}],"wp:attachment":[{"href":"https:\/\/elevatesurf.ch\/fr\/wp-json\/wp\/v2\/media?parent=29628"}],"wp:term":[{"taxonomy":"product_cat","embeddable":true,"href":"https:\/\/elevatesurf.ch\/fr\/wp-json\/wp\/v2\/product_cat?post=29628"},{"taxonomy":"product_tag","embeddable":true,"href":"https:\/\/elevatesurf.ch\/fr\/wp-json\/wp\/v2\/product_tag?post=29628"}],"curies":[{"name":"wp","href":"https:\/\/api.w.org\/{rel}","templated":true}]}}