{"id":29896,"date":"2026-05-16T15:56:19","date_gmt":"2026-05-16T15:56:19","guid":{"rendered":"https:\/\/elevatesurf.ch\/product\/indiana-119-heavy-duty-touring-inflatable-2\/"},"modified":"2026-05-16T15:56:19","modified_gmt":"2026-05-16T15:56:19","slug":"indiana-119-heavy-duty-touring-inflatable-2","status":"publish","type":"product","link":"https:\/\/elevatesurf.ch\/fr\/product\/indiana-119-heavy-duty-touring-inflatable-2\/","title":{"rendered":"Indiana 11&rsquo;9 Heavy Duty Touring Inflatable"},"content":{"rendered":"<p>Das 34\u00a0\u00bb breite 11&rsquo;9 Heavy Duty ist dank mehr Volumen sehr kippstabil und damit f\u00fcr Anf\u00e4nger und schwere Paddler bestens geeignet. Die sportliche Touring-Nose erlaubt einen guten und sicheren Geradeauslauf. Es verf\u00fcgt \u00fcber zwei zus\u00e4tzliche seitliche Handles f\u00fcr einfaches Festhalten und zur\u00fcck auf Board steigen. Das grossz\u00fcgige Volumen erlaubt den Transport von schwerem Gep\u00e4ck. Dank des PVC Double Layers ist das Heavy Duty extrem robust und damit ideal f\u00fcr SUP-Stationen und Vermietungen.<\/p>\n","protected":false},"excerpt":{"rendered":"<p>Das 34\u00a0\u00bb breite 11&rsquo;9 Heavy Duty ist dank mehr Volumen sehr kippstabil und damit f\u00fcr Anf\u00e4nger und schwere Paddler bestens geeignet. Die sportliche Touring-Nose erlaubt einen guten und sicheren Geradeauslauf. Es verf\u00fcgt \u00fcber zwei zus\u00e4tzliche seitliche Handles f\u00fcr einfaches Festhalten und zur\u00fcck auf Board steigen. Das grossz\u00fcgige Volumen erlaubt den Transport von schwerem Gep\u00e4ck. Dank [&hellip;]<\/p>\n","protected":false},"featured_media":0,"comment_status":"open","ping_status":"closed","template":"","meta":[],"product_cat":[1079],"product_tag":[],"class_list":{"0":"post-29896","1":"product","2":"type-product","3":"status-publish","5":"product_cat-sup-et-downwind","6":"product_brand-indiana-suisse","8":"first","9":"instock","10":"shipping-taxable","11":"purchasable","12":"product-type-simple"},"yoast_head":"<!-- This site is optimized with the Yoast SEO plugin v22.8 - https:\/\/yoast.com\/wordpress\/plugins\/seo\/ -->\n<title>Indiana 11&#039;9 Heavy Duty Touring Inflatable - Elevatesurf<\/title>\n<meta name=\"description\" content=\"Elevatesurf Indiana 11&#039;9 Heavy Duty Touring Inflatable\" \/>\n<meta name=\"robots\" content=\"index, follow, max-snippet:-1, max-image-preview:large, max-video-preview:-1\" \/>\n<link rel=\"canonical\" href=\"https:\/\/elevatesurf.ch\/fr\/product\/indiana-119-heavy-duty-touring-inflatable-2\/\" \/>\n<meta property=\"og:locale\" content=\"fr_FR\" \/>\n<meta property=\"og:type\" content=\"article\" \/>\n<meta property=\"og:title\" content=\"Indiana 11&#039;9 Heavy Duty Touring Inflatable - Elevatesurf\" \/>\n<meta property=\"og:description\" content=\"Elevatesurf Indiana 11&#039;9 Heavy Duty Touring Inflatable\" \/>\n<meta property=\"og:url\" content=\"https:\/\/elevatesurf.ch\/fr\/product\/indiana-119-heavy-duty-touring-inflatable-2\/\" \/>\n<meta property=\"og:site_name\" content=\"Elevatesurf\" \/>\n<meta name=\"twitter:card\" content=\"summary_large_image\" \/>\n<script type=\"application\/ld+json\" class=\"yoast-schema-graph\">{\"@context\":\"https:\/\/schema.org\",\"@graph\":[{\"@type\":[\"WebPage\",\"ItemPage\"],\"@id\":\"https:\/\/elevatesurf.ch\/product\/indiana-119-heavy-duty-touring-inflatable-2\/\",\"url\":\"https:\/\/elevatesurf.ch\/product\/indiana-119-heavy-duty-touring-inflatable-2\/\",\"name\":\"Indiana 11'9 Heavy Duty Touring Inflatable - Elevatesurf\",\"isPartOf\":{\"@id\":\"https:\/\/elevatesurf.ch\/#website\"},\"datePublished\":\"2026-05-16T15:56:19+00:00\",\"dateModified\":\"2026-05-16T15:56:19+00:00\",\"description\":\"Elevatesurf Indiana 11'9 Heavy Duty Touring Inflatable\",\"breadcrumb\":{\"@id\":\"https:\/\/elevatesurf.ch\/product\/indiana-119-heavy-duty-touring-inflatable-2\/#breadcrumb\"},\"inLanguage\":\"fr-FR\",\"potentialAction\":[{\"@type\":\"ReadAction\",\"target\":[\"https:\/\/elevatesurf.ch\/product\/indiana-119-heavy-duty-touring-inflatable-2\/\"]}]},{\"@type\":\"BreadcrumbList\",\"@id\":\"https:\/\/elevatesurf.ch\/product\/indiana-119-heavy-duty-touring-inflatable-2\/#breadcrumb\",\"itemListElement\":[{\"@type\":\"ListItem\",\"position\":1,\"name\":\"Accueil\",\"item\":\"https:\/\/elevatesurf.ch\/\"},{\"@type\":\"ListItem\",\"position\":2,\"name\":\"Boutique \u2013 Wingfoil, Kitesurf &#038; Accessoires\",\"item\":\"https:\/\/elevatesurf.ch\/shop\/\"},{\"@type\":\"ListItem\",\"position\":3,\"name\":\"Indiana 11&#8217;9 Heavy Duty Touring Inflatable\"}]},{\"@type\":\"WebSite\",\"@id\":\"https:\/\/elevatesurf.ch\/#website\",\"url\":\"https:\/\/elevatesurf.ch\/\",\"name\":\"Elevatesurf\",\"description\":\"Surfez vers de nouveaux sommets avec ElevateSurf ! Kiteshop, Wingshop\",\"publisher\":{\"@id\":\"https:\/\/elevatesurf.ch\/#organization\"},\"potentialAction\":[{\"@type\":\"SearchAction\",\"target\":{\"@type\":\"EntryPoint\",\"urlTemplate\":\"https:\/\/elevatesurf.ch\/?s={search_term_string}\"},\"query-input\":\"required name=search_term_string\"}],\"inLanguage\":\"fr-FR\"},{\"@type\":\"Organization\",\"@id\":\"https:\/\/elevatesurf.ch\/#organization\",\"name\":\"Elevatesurf\",\"url\":\"https:\/\/elevatesurf.ch\/\",\"logo\":{\"@type\":\"ImageObject\",\"inLanguage\":\"fr-FR\",\"@id\":\"https:\/\/elevatesurf.ch\/#\/schema\/logo\/image\/\",\"url\":\"https:\/\/elevatesurf.ch\/wp-content\/uploads\/2024\/06\/67c2ec70-bdf5-4c14-898a-ded5b2051398.jpg\",\"contentUrl\":\"https:\/\/elevatesurf.ch\/wp-content\/uploads\/2024\/06\/67c2ec70-bdf5-4c14-898a-ded5b2051398.jpg\",\"width\":1024,\"height\":1024,\"caption\":\"Elevatesurf\"},\"image\":{\"@id\":\"https:\/\/elevatesurf.ch\/#\/schema\/logo\/image\/\"},\"sameAs\":[\"https:\/\/www.instagram.com\/elevate__surf\/\"]}]}<\/script>\n<!-- \/ Yoast SEO plugin. -->","yoast_head_json":{"title":"Indiana 11'9 Heavy Duty Touring Inflatable - Elevatesurf","description":"Elevatesurf Indiana 11'9 Heavy Duty Touring Inflatable","robots":{"index":"index","follow":"follow","max-snippet":"max-snippet:-1","max-image-preview":"max-image-preview:large","max-video-preview":"max-video-preview:-1"},"canonical":"https:\/\/elevatesurf.ch\/fr\/product\/indiana-119-heavy-duty-touring-inflatable-2\/","og_locale":"fr_FR","og_type":"article","og_title":"Indiana 11'9 Heavy Duty Touring Inflatable - Elevatesurf","og_description":"Elevatesurf Indiana 11'9 Heavy Duty Touring Inflatable","og_url":"https:\/\/elevatesurf.ch\/fr\/product\/indiana-119-heavy-duty-touring-inflatable-2\/","og_site_name":"Elevatesurf","twitter_card":"summary_large_image","schema":{"@context":"https:\/\/schema.org","@graph":[{"@type":["WebPage","ItemPage"],"@id":"https:\/\/elevatesurf.ch\/product\/indiana-119-heavy-duty-touring-inflatable-2\/","url":"https:\/\/elevatesurf.ch\/product\/indiana-119-heavy-duty-touring-inflatable-2\/","name":"Indiana 11'9 Heavy Duty Touring Inflatable - Elevatesurf","isPartOf":{"@id":"https:\/\/elevatesurf.ch\/#website"},"datePublished":"2026-05-16T15:56:19+00:00","dateModified":"2026-05-16T15:56:19+00:00","description":"Elevatesurf Indiana 11'9 Heavy Duty Touring Inflatable","breadcrumb":{"@id":"https:\/\/elevatesurf.ch\/product\/indiana-119-heavy-duty-touring-inflatable-2\/#breadcrumb"},"inLanguage":"fr-FR","potentialAction":[{"@type":"ReadAction","target":["https:\/\/elevatesurf.ch\/product\/indiana-119-heavy-duty-touring-inflatable-2\/"]}]},{"@type":"BreadcrumbList","@id":"https:\/\/elevatesurf.ch\/product\/indiana-119-heavy-duty-touring-inflatable-2\/#breadcrumb","itemListElement":[{"@type":"ListItem","position":1,"name":"Accueil","item":"https:\/\/elevatesurf.ch\/"},{"@type":"ListItem","position":2,"name":"Boutique \u2013 Wingfoil, Kitesurf &#038; Accessoires","item":"https:\/\/elevatesurf.ch\/shop\/"},{"@type":"ListItem","position":3,"name":"Indiana 11&#8217;9 Heavy Duty Touring Inflatable"}]},{"@type":"WebSite","@id":"https:\/\/elevatesurf.ch\/#website","url":"https:\/\/elevatesurf.ch\/","name":"Elevatesurf","description":"Surfez vers de nouveaux sommets avec ElevateSurf ! Kiteshop, Wingshop","publisher":{"@id":"https:\/\/elevatesurf.ch\/#organization"},"potentialAction":[{"@type":"SearchAction","target":{"@type":"EntryPoint","urlTemplate":"https:\/\/elevatesurf.ch\/?s={search_term_string}"},"query-input":"required name=search_term_string"}],"inLanguage":"fr-FR"},{"@type":"Organization","@id":"https:\/\/elevatesurf.ch\/#organization","name":"Elevatesurf","url":"https:\/\/elevatesurf.ch\/","logo":{"@type":"ImageObject","inLanguage":"fr-FR","@id":"https:\/\/elevatesurf.ch\/#\/schema\/logo\/image\/","url":"https:\/\/elevatesurf.ch\/wp-content\/uploads\/2024\/06\/67c2ec70-bdf5-4c14-898a-ded5b2051398.jpg","contentUrl":"https:\/\/elevatesurf.ch\/wp-content\/uploads\/2024\/06\/67c2ec70-bdf5-4c14-898a-ded5b2051398.jpg","width":1024,"height":1024,"caption":"Elevatesurf"},"image":{"@id":"https:\/\/elevatesurf.ch\/#\/schema\/logo\/image\/"},"sameAs":["https:\/\/www.instagram.com\/elevate__surf\/"]}]}},"_links":{"self":[{"href":"https:\/\/elevatesurf.ch\/fr\/wp-json\/wp\/v2\/product\/29896","targetHints":{"allow":["GET"]}}],"collection":[{"href":"https:\/\/elevatesurf.ch\/fr\/wp-json\/wp\/v2\/product"}],"about":[{"href":"https:\/\/elevatesurf.ch\/fr\/wp-json\/wp\/v2\/types\/product"}],"replies":[{"embeddable":true,"href":"https:\/\/elevatesurf.ch\/fr\/wp-json\/wp\/v2\/comments?post=29896"}],"wp:attachment":[{"href":"https:\/\/elevatesurf.ch\/fr\/wp-json\/wp\/v2\/media?parent=29896"}],"wp:term":[{"taxonomy":"product_cat","embeddable":true,"href":"https:\/\/elevatesurf.ch\/fr\/wp-json\/wp\/v2\/product_cat?post=29896"},{"taxonomy":"product_tag","embeddable":true,"href":"https:\/\/elevatesurf.ch\/fr\/wp-json\/wp\/v2\/product_tag?post=29896"}],"curies":[{"name":"wp","href":"https:\/\/api.w.org\/{rel}","templated":true}]}}